{"id":68325,"date":"2022-11-21T17:12:42","date_gmt":"2022-11-21T16:12:42","guid":{"rendered":"https:\/\/secureus.se\/produkt\/visonic-powerlink3-1-plug-and-play-broadband-ip-communicator-for-central-stations\/"},"modified":"2026-03-11T16:59:35","modified_gmt":"2026-03-11T15:59:35","slug":"ip-modul-powermaster-visonic","status":"publish","type":"product","link":"https:\/\/secureus.se\/es\/ip-modul-powermaster-visonic\/","title":{"rendered":"M\u00f3dulo IP Powermaster \u2013 PowerLink 3.1 \u2013 10 30 y 33 \u2013 Plug &amp; Play \u2013 Visonic"},"content":{"rendered":"<h1>M\u00f3dulo IP Powermaster \u2013 PowerLink 3.1 \u2013 Un m\u00f3dulo IP revolucionario para PowerMaster<\/h1>\n<p>Visonics PowerLink 3.1 ofrece una soluci\u00f3n simple y avanzada para administrar y monitorear los sistemas de seguridad PowerMaster.<\/p>\n<p>Con funcionalidad Plug &amp; Play, es perfecto tanto para hogares como para empresas que quieran llevar su seguridad al siguiente nivel.<\/p>\n<p>Con el m\u00f3dulo Powerlink IP puedes conectarte a la red y junto con Visonic-GO puedes controlar la alarma a trav\u00e9s de su servidor visonic.tycomonitor.com<\/p>\n<p>El Powermaster Central debe ser la versi\u00f3n 18 o posterior. No puedo sentarme en el panel de control mientras uso un m\u00f3dulo m\u00f3vil\/gprs.<\/p>\n<h4>Caracter\u00edsticas que marcan la diferencia:<\/h4>\n<ul>\n<li><strong>F\u00e1cil instalaci\u00f3n<\/strong>:Conecte el PowerLink 3.1 al enrutador: no se requiere ninguna configuraci\u00f3n adicional.<\/li>\n<li><strong>Verificaci\u00f3n de alarma de imagen<\/strong>:Env\u00eda im\u00e1genes en el momento de la alarma seg\u00fan la detecci\u00f3n de movimiento de los detectores NEXT CAM.<\/li>\n<li><strong>Control remoto total<\/strong>:Administre el sistema a trav\u00e9s de la plataforma Visonics PowerManage y la aplicaci\u00f3n m\u00f3vil.<\/li>\n<\/ul>\n<h3>Mejore la seguridad con tecnolog\u00eda IP<\/h3>\n<p>PowerLink 3.1 ofrece mensajer\u00eda de eventos basada en IP, lo que facilita que las estaciones centrales gestionen alarmas en tiempo real.<\/p>\n<p>Con la verificaci\u00f3n de im\u00e1genes, los propietarios y el personal de seguridad pueden determinar r\u00e1pidamente si la alarma es real o falsa, reduciendo las llamadas innecesarias.<\/p>\n<h4>Adecuado tanto para particulares como para empresas:<\/h4>\n<ul>\n<li>Env\u00eda im\u00e1genes y eventos de alarma al correo electr\u00f3nico o al m\u00f3vil.<\/li>\n<li>Configuraci\u00f3n y mantenimiento remoto del sistema PowerMaster.<\/li>\n<li>Capacidad de integrar hasta 15 detectores Next CAM para un monitoreo integral.<\/li>\n<\/ul>\n<p>Con PowerLink 3.1 obtendr\u00e1 una soluci\u00f3n completa para seguridad y comodidad, sin instalaciones complicadas.<\/p>","protected":false},"excerpt":{"rendered":"<p>PowerLink 3.1 es un m\u00f3dulo IP para sistemas PowerMaster que permite un f\u00e1cil control remoto y comunicaci\u00f3n de alarma basada en IP.<\/p>\n<p>Soluci\u00f3n Plug &amp; Play.<\/p>\n<p>El Powermaster Central debe ser la versi\u00f3n 18 o posterior. No puedo sentarme en el panel de control mientras uso un m\u00f3dulo m\u00f3vil\/gprs.<\/p>","protected":false},"featured_media":142126,"template":"","meta":{"_acf_changed":false},"product_brand":[],"product_cat":[3375],"product_tag":[2330],"class_list":{"0":"post-68325","1":"product","2":"type-product","3":"status-publish","4":"has-post-thumbnail","6":"product_cat-visonic-larmsandare-ip-4g","7":"product_tag-visonic-manoverpanel","8":"product_shipping_class-postnord-varubrev","9":"pa_brands-5visonic","10":"tm-no-options","12":"first","13":"instock","14":"sale","15":"featured","16":"taxable","17":"shipping-taxable","18":"purchasable","19":"product-type-simple"},"acf":[],"_links":{"self":[{"href":"https:\/\/secureus.se\/es\/wp-json\/wp\/v2\/product\/68325","targetHints":{"allow":["GET"]}}],"collection":[{"href":"https:\/\/secureus.se\/es\/wp-json\/wp\/v2\/product"}],"about":[{"href":"https:\/\/secureus.se\/es\/wp-json\/wp\/v2\/types\/product"}],"wp:featuredmedia":[{"embeddable":true,"href":"https:\/\/secureus.se\/es\/wp-json\/wp\/v2\/media\/142126"}],"wp:attachment":[{"href":"https:\/\/secureus.se\/es\/wp-json\/wp\/v2\/media?parent=68325"}],"wp:term":[{"taxonomy":"product_brand","embeddable":true,"href":"https:\/\/secureus.se\/es\/wp-json\/wp\/v2\/product_brand?post=68325"},{"taxonomy":"product_cat","embeddable":true,"href":"https:\/\/secureus.se\/es\/wp-json\/wp\/v2\/product_cat?post=68325"},{"taxonomy":"product_tag","embeddable":true,"href":"https:\/\/secureus.se\/es\/wp-json\/wp\/v2\/product_tag?post=68325"}],"curies":[{"name":"wp","href":"https:\/\/api.w.org\/{rel}","templated":true}]}}