{"id":68327,"date":"2022-11-21T17:12:35","date_gmt":"2022-11-21T16:12:35","guid":{"rendered":"https:\/\/secureus.se\/produkt\/visonic-0-9912-g-battery-replacement-for-security-alarm-system-9-6v-2100-mah\/"},"modified":"2026-04-09T11:39:34","modified_gmt":"2026-04-09T09:39:34","slug":"batteri-powermax-pro-2100-9-6v-visonic","status":"publish","type":"product","link":"https:\/\/secureus.se\/es\/batteri-powermax-pro-2100-9-6v-visonic\/","title":{"rendered":"Bater\u00eda Powermax Pro 1800 mAh 9,6 V Potencia adicional para Visonic"},"content":{"rendered":"<h1>Bater\u00eda PowerMax Pro 9.6V 1800 mAh: Energ\u00eda de respaldo segura y duradera<\/h1>\n<p>Proporcione a su sistema de seguridad Visonic PowerMax Pro la energ\u00eda de respaldo confiable que necesita con esta bater\u00eda de alta capacidad.<\/p>\n<p>Con tecnolog\u00eda NiMH de 1800 mAh y 9,6 V, est\u00e1 dise\u00f1ado para proporcionar un suministro de energ\u00eda duradero y estable, incluso durante cortes de energ\u00eda.<\/p>\n<h4>Beneficios de la bater\u00eda PowerMax Pro:<\/h4>\n<ul>\n<li><strong>Largo tiempo de funcionamiento<\/strong>:Hasta 12 horas de energ\u00eda de respaldo en caso de un corte de energ\u00eda.<\/li>\n<li><strong>Soluci\u00f3n respetuosa con el medio ambiente<\/strong>:Fabricado con materiales que contienen n\u00edquel que facilitan el reciclaje.<\/li>\n<li><strong>La comodidad de la recarga<\/strong>:La bater\u00eda se carga continuamente mediante la unidad central para estar siempre lista.<\/li>\n<\/ul>\n<h3>Perfecto para el hogar y el negocio.<\/h3>\n<p>Esta bater\u00eda es compatible con los sistemas de alarma PowerMax Pro y PowerMax Complete.<\/p>\n<p>Esto garantiza que su unidad central contin\u00fae funcionando sin interrupciones, incluso durante cortes de energ\u00eda imprevistos, lo que le brinda tranquilidad y seguridad cuando m\u00e1s la necesita.<\/p>\n<p>Cambie a esta bater\u00eda de alta capacidad para optimizar su sistema de seguridad y obtener una soluci\u00f3n de energ\u00eda de respaldo confiable.<\/p>","protected":false},"excerpt":{"rendered":"<p>Bater\u00eda recargable para PowerMax Pro.<\/p>\n<p>Con una capacidad de 2100 mAh, garantiza hasta 12 horas de funcionamiento durante un corte de energ\u00eda: energ\u00eda de respaldo segura.<\/p>","protected":false},"featured_media":141375,"template":"","meta":{"_acf_changed":false},"product_brand":[],"product_cat":[3379,1862],"product_tag":[2334],"class_list":{"0":"post-68327","1":"product","2":"type-product","3":"status-publish","4":"has-post-thumbnail","6":"product_cat-visonic-batteri-reservdelar","7":"product_cat-batterier-knappcell","8":"product_tag-visonic-reservdel","9":"product_shipping_class-tunga-paket","10":"pa_brands-5visonic","11":"tm-no-options","13":"first","14":"onbackorder","15":"sale","16":"taxable","17":"shipping-taxable","18":"purchasable","19":"product-type-simple"},"acf":[],"_links":{"self":[{"href":"https:\/\/secureus.se\/es\/wp-json\/wp\/v2\/product\/68327","targetHints":{"allow":["GET"]}}],"collection":[{"href":"https:\/\/secureus.se\/es\/wp-json\/wp\/v2\/product"}],"about":[{"href":"https:\/\/secureus.se\/es\/wp-json\/wp\/v2\/types\/product"}],"wp:featuredmedia":[{"embeddable":true,"href":"https:\/\/secureus.se\/es\/wp-json\/wp\/v2\/media\/141375"}],"wp:attachment":[{"href":"https:\/\/secureus.se\/es\/wp-json\/wp\/v2\/media?parent=68327"}],"wp:term":[{"taxonomy":"product_brand","embeddable":true,"href":"https:\/\/secureus.se\/es\/wp-json\/wp\/v2\/product_brand?post=68327"},{"taxonomy":"product_cat","embeddable":true,"href":"https:\/\/secureus.se\/es\/wp-json\/wp\/v2\/product_cat?post=68327"},{"taxonomy":"product_tag","embeddable":true,"href":"https:\/\/secureus.se\/es\/wp-json\/wp\/v2\/product_tag?post=68327"}],"curies":[{"name":"wp","href":"https:\/\/api.w.org\/{rel}","templated":true}]}}