{"id":68339,"date":"2022-11-21T17:11:56","date_gmt":"2022-11-21T16:11:56","guid":{"rendered":"https:\/\/secureus.se\/produkt\/visonic-sd-304c-pg2-powerg-wireless-shock-and-contact-detector-with-wired-input\/"},"modified":"2026-04-09T11:40:23","modified_gmt":"2026-04-09T09:40:23","slug":"vibrationsdetektor-sd-304-pg2-visonic","status":"publish","type":"product","link":"https:\/\/secureus.se\/es\/vibrationsdetektor-sd-304-pg2-visonic\/","title":{"rendered":"Detector de vibraciones SD-304 PG2 \u2013 Visonic"},"content":{"rendered":"<h1>Detector de vibraciones SD-304 PG2: detecci\u00f3n temprana para m\u00e1xima protecci\u00f3n<\/h1>\n<p>El SD-304 PG2 es un detector de vibraciones inal\u00e1mbrico dise\u00f1ado para detectar intentos de intrusi\u00f3n antes de que se produzcan da\u00f1os.<\/p>\n<p>Es perfecto para proteger puertas, ventanas, paredes y techos tanto en viviendas como en locales comerciales.<\/p>\n<p>Con tecnolog\u00eda PowerG y detecci\u00f3n avanzada, es una poderosa adici\u00f3n a los sistemas PowerMaster.<\/p>\n<h4>\u00bfPor qu\u00e9 elegir SD-304 PG2?<\/h4>\n<ul>\n<li><strong>Zona de protecci\u00f3n efectiva<\/strong>:Detecta golpes y vibraciones hasta 4 metros para ventanas y 2,5 metros para paredes.<\/li>\n<li><strong>Instalaci\u00f3n f\u00e1cil de usar<\/strong>: Medidor de impacto exclusivo de siete segmentos y botones pulsadores para un ajuste r\u00e1pido.<\/li>\n<li><strong>Bater\u00eda de larga duraci\u00f3n<\/strong>:Hasta 5 a\u00f1os con uso normal.<\/li>\n<\/ul>\n<h3>Siempre listo para emergencias<\/h3>\n<p>El SD-304 PG2 tambi\u00e9n ofrece soporte para sensores adicionales a trav\u00e9s de una entrada auxiliar, lo que lo hace flexible y adaptable a diferentes necesidades.<\/p>\n<p>Su dise\u00f1o compacto se integra f\u00e1cilmente en cualquier entorno, mientras que el mantenimiento remoto permite una f\u00e1cil configuraci\u00f3n y diagn\u00f3stico.<\/p>\n<h4>Beneficios para hogares y empresas:<\/h4>\n<ul>\n<li>Protecci\u00f3n antimanipulaci\u00f3n tanto delantera como trasera.<\/li>\n<li>LED integrado para mostrar el estado del enlace RF durante la instalaci\u00f3n.<\/li>\n<li>Compatibilidad con sistemas PowerMaster versi\u00f3n 16 y posteriores.<\/li>\n<\/ul>\n<p>Invierta en SD-304 PG2 para crear un entorno m\u00e1s seguro y protegido tanto para hogares como para empresas.<\/p>","protected":false},"excerpt":{"rendered":"<p>El detector de vibraciones SD-304 PG2 protege contra robos con tecnolog\u00eda avanzada.<\/p>\n<p>F\u00e1cil de instalar, bater\u00eda de larga duraci\u00f3n y compatible con PowerMaster.<\/p>","protected":false},"featured_media":141215,"template":"","meta":{"_acf_changed":false},"product_brand":[],"product_cat":[3376,3381],"product_tag":[2472,2335],"class_list":{"0":"post-68339","1":"product","2":"type-product","3":"status-publish","4":"has-post-thumbnail","6":"product_cat-visonic-larmenheter","7":"product_cat-visonic-magnetkontakter","8":"product_tag-sbsc-larmklassr","9":"product_tag-visonic-vatten-vibration-glas","10":"product_shipping_class-postnord-varubrev","11":"pa_brands-5visonic","12":"tm-no-options","14":"first","15":"onbackorder","16":"sale","17":"taxable","18":"shipping-taxable","19":"purchasable","20":"product-type-simple"},"acf":[],"_links":{"self":[{"href":"https:\/\/secureus.se\/es\/wp-json\/wp\/v2\/product\/68339","targetHints":{"allow":["GET"]}}],"collection":[{"href":"https:\/\/secureus.se\/es\/wp-json\/wp\/v2\/product"}],"about":[{"href":"https:\/\/secureus.se\/es\/wp-json\/wp\/v2\/types\/product"}],"wp:featuredmedia":[{"embeddable":true,"href":"https:\/\/secureus.se\/es\/wp-json\/wp\/v2\/media\/141215"}],"wp:attachment":[{"href":"https:\/\/secureus.se\/es\/wp-json\/wp\/v2\/media?parent=68339"}],"wp:term":[{"taxonomy":"product_brand","embeddable":true,"href":"https:\/\/secureus.se\/es\/wp-json\/wp\/v2\/product_brand?post=68339"},{"taxonomy":"product_cat","embeddable":true,"href":"https:\/\/secureus.se\/es\/wp-json\/wp\/v2\/product_cat?post=68339"},{"taxonomy":"product_tag","embeddable":true,"href":"https:\/\/secureus.se\/es\/wp-json\/wp\/v2\/product_tag?post=68339"}],"curies":[{"name":"wp","href":"https:\/\/api.w.org\/{rel}","templated":true}]}}