{"id":68341,"date":"2022-11-21T17:11:49","date_gmt":"2022-11-21T16:11:49","guid":{"rendered":"https:\/\/secureus.se\/produkt\/visonic-gb-502-pg2-wireless-glass-break-detector\/"},"modified":"2026-03-27T10:29:11","modified_gmt":"2026-03-27T09:29:11","slug":"glaskrossdetektor-gb-502-pg2-visonic","status":"publish","type":"product","link":"https:\/\/secureus.se\/es\/glaskrossdetektor-gb-502-pg2-visonic\/","title":{"rendered":"Detector de rotura de cristales GB-502 PG2 \u2013 Visonic"},"content":{"rendered":"<div class=\"product-information u-m-b-06\">\n<h1>Detector de rotura de cristales GB-502 PG2: proteja su hogar con tecnolog\u00eda avanzada<\/h1>\n<p>GB-502 PG2 es un detector de rotura de vidrio inal\u00e1mbrico avanzado dise\u00f1ado para proteger ventanas y puertas de vidrio contra robos.<\/p>\n<p>Con una cobertura de 360\u00b0 y un alcance de hasta 7,6 metros, ofrece seguridad y protecci\u00f3n tanto para hogares como para empresas.<\/p>\n<h4>\u00bfPor qu\u00e9 elegir GB-502 PG2?<\/h4>\n<ul>\n<li><strong>Cobertura de 360\u00b0<\/strong>:Detecta vidrios rotos desde todos los \u00e1ngulos de una habitaci\u00f3n.<\/li>\n<li><strong>Tecnolog\u00eda ac\u00fastica avanzada<\/strong>:Analiza el sonido para identificar eventos reales de rotura de vidrios y minimizar las falsas alarmas.<\/li>\n<li><strong>Bater\u00eda de larga duraci\u00f3n<\/strong>:Hasta 5 a\u00f1os con uso normal.<\/li>\n<\/ul>\n<h3>F\u00e1cil instalaci\u00f3n y alta confiabilidad<\/h3>\n<p>Este detector de rotura de vidrio utiliza tecnolog\u00eda PowerG, que proporciona una comunicaci\u00f3n inal\u00e1mbrica robusta y confiable.<\/p>\n<p>Con un indicador de calidad de se\u00f1al incorporado, se puede instalar r\u00e1pida y f\u00e1cilmente sin necesidad de ajustes.<\/p>\n<h4>Perfecto para:<\/h4>\n<ul>\n<li>Ventanas y puertas de vidrio en hogares y negocios.<\/li>\n<li>Vidrio de varios tipos, incluido vidrio templado, laminado y aislante.<\/li>\n<li>Habitaciones de hasta 12x12 metros.<\/li>\n<\/ul>\n<p>El GB-502 PG2 ofrece una soluci\u00f3n sencilla para aumentar la seguridad y reducir el riesgo de da\u00f1os en caso de robo.<\/p>\n<div id=\"content-2\">\n<div><\/div>\n<div><\/div>\n<\/div>\n<\/div>\n<div>\n<p><iframe title=\"Detector de rotura de cristales \u2013 GB-502 PG2 \u2013 Con tecnolog\u00eda PowerG\" width=\"1170\" height=\"658\" src=\"https:\/\/www.youtube.com\/embed\/omS-ZzKkzsI?feature=oembed\" frameborder=\"0\" allow=\"accelerometer; autoplay; clipboard-write; encrypted-media; gyroscope; picture-in-picture; web-share\" referrerpolicy=\"strict-origin-when-cross-origin\" allowfullscreen><\/iframe><\/p>\n<\/div>\n<hr \/>\n<div class=\"accordion product-specifications-accordion\">\n<div id=\"trigger-1\" class=\"accordion-header accordion-header--no-padding\"><\/div>\n<\/div>\n<p>&nbsp;<\/p>","protected":false},"excerpt":{"rendered":"<p>El GB-502 PG2 es un detector de rotura de vidrio inal\u00e1mbrico que protege su hogar con tecnolog\u00eda ac\u00fastica avanzada.<\/p>\n<p>Perfecto para sistemas PowerMaster.<\/p>","protected":false},"featured_media":141088,"template":"","meta":{"_acf_changed":false},"product_brand":[],"product_cat":[3376,3381],"product_tag":[2472,2335],"class_list":{"0":"post-68341","1":"product","2":"type-product","3":"status-publish","4":"has-post-thumbnail","6":"product_cat-visonic-larmenheter","7":"product_cat-visonic-magnetkontakter","8":"product_tag-sbsc-larmklassr","9":"product_tag-visonic-vatten-vibration-glas","10":"product_shipping_class-tunga-paket","11":"pa_brands-5visonic","12":"tm-no-options","14":"first","15":"outofstock","16":"sale","17":"taxable","18":"shipping-taxable","19":"purchasable","20":"product-type-simple"},"acf":[],"_links":{"self":[{"href":"https:\/\/secureus.se\/es\/wp-json\/wp\/v2\/product\/68341","targetHints":{"allow":["GET"]}}],"collection":[{"href":"https:\/\/secureus.se\/es\/wp-json\/wp\/v2\/product"}],"about":[{"href":"https:\/\/secureus.se\/es\/wp-json\/wp\/v2\/types\/product"}],"wp:featuredmedia":[{"embeddable":true,"href":"https:\/\/secureus.se\/es\/wp-json\/wp\/v2\/media\/141088"}],"wp:attachment":[{"href":"https:\/\/secureus.se\/es\/wp-json\/wp\/v2\/media?parent=68341"}],"wp:term":[{"taxonomy":"product_brand","embeddable":true,"href":"https:\/\/secureus.se\/es\/wp-json\/wp\/v2\/product_brand?post=68341"},{"taxonomy":"product_cat","embeddable":true,"href":"https:\/\/secureus.se\/es\/wp-json\/wp\/v2\/product_cat?post=68341"},{"taxonomy":"product_tag","embeddable":true,"href":"https:\/\/secureus.se\/es\/wp-json\/wp\/v2\/product_tag?post=68341"}],"curies":[{"name":"wp","href":"https:\/\/api.w.org\/{rel}","templated":true}]}}