{"id":68347,"date":"2022-11-21T17:11:32","date_gmt":"2022-11-21T16:11:32","guid":{"rendered":"https:\/\/secureus.se\/produkt\/visonic-tower-32am-pg2-powerg-high-performance-wireless-mirror-dual-technology-detector-with-anti-masking\/"},"modified":"2026-04-09T11:41:03","modified_gmt":"2026-04-09T09:41:03","slug":"kombidetektor-tower-32-am-pg2-visonic","status":"publish","type":"product","link":"https:\/\/secureus.se\/es\/kombidetektor-tower-32-am-pg2-visonic\/","title":{"rendered":"Detector combinado TOWER-32 AM PG2 \u2013 Visonic"},"content":{"rendered":"<h1>Detector combinado TOWER-32AM PG2: detector combinado con tecnolog\u00eda de seguridad avanzada<\/h1>\n<p>El TOWER-32AM PG2 es un detector inal\u00e1mbrico de alto rendimiento que combina tecnolog\u00eda PIR y microondas para minimizar las falsas alarmas y garantizar una detecci\u00f3n de movimiento confiable.<\/p>\n<p>Perfecto tanto para instalaciones comerciales como residenciales resistentes a la intemperie, ofrece seguridad s\u00f3lida con una variedad de funciones avanzadas.<\/p>\n<h4>Ventajas de TOWER-32AM PG2:<\/h4>\n<ul>\n<li><strong>Tecnolog\u00eda dual<\/strong>:Combina tecnolog\u00eda de microondas PIR y banda K para una detecci\u00f3n precisa.<\/li>\n<li><strong>Antienmascaramiento avanzado<\/strong>: Protege contra intentos de enmascarar los sensores, incluso mediante pulverizaci\u00f3n o recubrimiento.<\/li>\n<li><strong>Largo alcance<\/strong>:Cobertura de hasta 15 m con \u00e1ngulo de detecci\u00f3n de 90\u00b0 y zona de rastreo.<\/li>\n<\/ul>\n<h3>F\u00e1cil instalaci\u00f3n y mantenimiento<\/h3>\n<p>Con la tecnolog\u00eda PowerG, el TOWER-32AM PG2 ofrece una conexi\u00f3n inal\u00e1mbrica segura y estable.<\/p>\n<p>La instalaci\u00f3n es sencilla con un indicador LED que mide la calidad del enlace RF y la configuraci\u00f3n remota ahorra tiempo tanto a los instaladores como a los usuarios.<\/p>\n<h4>Perfecto para:<\/h4>\n<ul>\n<li>Entornos protegidos de la intemperie, como invernaderos o garajes fr\u00edos.<\/li>\n<li>Aplicaciones comerciales exigentes.<\/li>\n<li>Instalaciones donde se requiera tecnolog\u00eda pet-friendly (inmune a mascotas de hasta 40 kg).<\/li>\n<\/ul>\n<p>Con el detector combinado TOWER-32AM PG2, obtendr\u00e1 una soluci\u00f3n confiable y rentable para proteger sus instalaciones contra robos.<\/p>","protected":false},"excerpt":{"rendered":"<p>La TOWER-32AM PG2 combina tecnolog\u00eda PIR y microondas para una detecci\u00f3n de movimiento precisa.<\/p>\n<p>Perfecto para entornos protegidos de la intemperie y sistemas PowerMaster.<\/p>","protected":false},"featured_media":142143,"template":"","meta":{"_acf_changed":false},"product_brand":[],"product_cat":[3376,3382],"product_tag":[2472,2332],"class_list":{"0":"post-68347","1":"product","2":"type-product","3":"status-publish","4":"has-post-thumbnail","6":"product_cat-visonic-larmenheter","7":"product_cat-rorelse-och-kamera-visonic-larmenheter","8":"product_tag-sbsc-larmklassr","9":"product_tag-visonic-rorelsedetektor","10":"product_shipping_class-tunga-paket","11":"pa_brands-5visonic","12":"tm-no-options","14":"first","15":"onbackorder","16":"sale","17":"taxable","18":"shipping-taxable","19":"purchasable","20":"product-type-simple"},"acf":[],"_links":{"self":[{"href":"https:\/\/secureus.se\/es\/wp-json\/wp\/v2\/product\/68347","targetHints":{"allow":["GET"]}}],"collection":[{"href":"https:\/\/secureus.se\/es\/wp-json\/wp\/v2\/product"}],"about":[{"href":"https:\/\/secureus.se\/es\/wp-json\/wp\/v2\/types\/product"}],"wp:featuredmedia":[{"embeddable":true,"href":"https:\/\/secureus.se\/es\/wp-json\/wp\/v2\/media\/142143"}],"wp:attachment":[{"href":"https:\/\/secureus.se\/es\/wp-json\/wp\/v2\/media?parent=68347"}],"wp:term":[{"taxonomy":"product_brand","embeddable":true,"href":"https:\/\/secureus.se\/es\/wp-json\/wp\/v2\/product_brand?post=68347"},{"taxonomy":"product_cat","embeddable":true,"href":"https:\/\/secureus.se\/es\/wp-json\/wp\/v2\/product_cat?post=68347"},{"taxonomy":"product_tag","embeddable":true,"href":"https:\/\/secureus.se\/es\/wp-json\/wp\/v2\/product_tag?post=68347"}],"curies":[{"name":"wp","href":"https:\/\/api.w.org\/{rel}","templated":true}]}}