{"id":68349,"date":"2022-11-21T17:11:29","date_gmt":"2022-11-21T16:11:29","guid":{"rendered":"https:\/\/secureus.se\/produkt\/visonic-powerg-0-102736-touch-screen-keypad-kp-160-white\/"},"modified":"2026-04-09T11:41:15","modified_gmt":"2026-04-09T09:41:15","slug":"manoverpanel-kp-160-n-visonic","status":"publish","type":"product","link":"https:\/\/secureus.se\/es\/manoverpanel-kp-160-n-visonic\/","title":{"rendered":"Panel de control KP-160 N PowerG \u2013 Pantalla t\u00e1ctil para sistema de alarma PowerMaster"},"content":{"rendered":"<h1>Panel de control KP-160 N PowerG: gesti\u00f3n de alarmas fluida y segura<\/h1>\n<p>El KP-160 N PowerG es una pantalla t\u00e1ctil avanzada que hace que la gesti\u00f3n de los sistemas de alarma PowerMaster sea sencilla e intuitiva.<\/p>\n<p>Con una gran pantalla t\u00e1ctil gr\u00e1fica y soporte para etiquetas de c\u00f3digo, ofrece seguridad y comodidad en un formato moderno.<\/p>\n<h4>Caracter\u00edsticas y beneficios:<\/h4>\n<ul>\n<li><strong>Pantalla t\u00e1ctil intuitiva<\/strong>:Pantalla grande y f\u00e1cil de usar para facilitar la navegaci\u00f3n y el control.<\/li>\n<li><strong>Etiquetas de c\u00f3digo<\/strong>:Capacidad para armar y desarmar alarmas r\u00e1pidamente con un lector de credenciales.<\/li>\n<li><strong>Particionado<\/strong>:Soporte para hasta tres \u00e1reas que pueden gestionarse individualmente.<\/li>\n<li><strong>M\u00faltiples funciones de alarma<\/strong>:Inicie alarmas de emergencia, incendio y p\u00e1nico con una simple pulsaci\u00f3n.<\/li>\n<li><strong>Uso flexible<\/strong>:Se puede montar en la pared o utilizar como unidad port\u00e1til.<\/li>\n<\/ul>\n<h3>Ideal para el hogar y el negocio<\/h3>\n<p>El KP-160 N PowerG est\u00e1 dise\u00f1ado para adaptarse tanto a hogares como a peque\u00f1as empresas.<\/p>\n<p>Con funciones como dom\u00f3tica y mantenimiento remoto, ofrece una soluci\u00f3n completa de seguridad y control.<\/p>\n<h4>\u00bfPor qu\u00e9 elegir KP-160 N PowerG?<\/h4>\n<ul>\n<li>Bater\u00eda de larga duraci\u00f3n de hasta 5 a\u00f1os.<\/li>\n<li>Protecci\u00f3n contra manipulaciones tanto para la puerta de la bater\u00eda como para el soporte de montaje.<\/li>\n<li>Advertencia visual y ac\u00fastica a la entrada\/salida.<\/li>\n<\/ul>\n<p>Con el KP-160 N PowerG obtendr\u00e1 una herramienta que simplifica la gesti\u00f3n de la seguridad y proporciona tranquilidad en la vida cotidiana.<\/p>","protected":false},"excerpt":{"rendered":"<p>El KP-160 N PowerG es una pantalla t\u00e1ctil inal\u00e1mbrica que simplifica la gesti\u00f3n de alarmas.<\/p>\n<p>Con soporte para etiquetas de c\u00f3digo y particionamiento, es ideal para hogares y empresas.<\/p>","protected":false},"featured_media":141224,"template":"","meta":{"_acf_changed":false},"product_brand":[],"product_cat":[3378],"product_tag":[2330],"class_list":{"0":"post-68349","1":"product","2":"type-product","3":"status-publish","4":"has-post-thumbnail","6":"product_cat-visonic-larmstyrning-knappsatser","7":"product_tag-visonic-manoverpanel","8":"product_shipping_class-tunga-paket","9":"pa_brands-5visonic","10":"tm-no-options","12":"first","13":"onbackorder","14":"sale","15":"taxable","16":"shipping-taxable","17":"purchasable","18":"product-type-simple"},"acf":[],"_links":{"self":[{"href":"https:\/\/secureus.se\/es\/wp-json\/wp\/v2\/product\/68349","targetHints":{"allow":["GET"]}}],"collection":[{"href":"https:\/\/secureus.se\/es\/wp-json\/wp\/v2\/product"}],"about":[{"href":"https:\/\/secureus.se\/es\/wp-json\/wp\/v2\/types\/product"}],"wp:featuredmedia":[{"embeddable":true,"href":"https:\/\/secureus.se\/es\/wp-json\/wp\/v2\/media\/141224"}],"wp:attachment":[{"href":"https:\/\/secureus.se\/es\/wp-json\/wp\/v2\/media?parent=68349"}],"wp:term":[{"taxonomy":"product_brand","embeddable":true,"href":"https:\/\/secureus.se\/es\/wp-json\/wp\/v2\/product_brand?post=68349"},{"taxonomy":"product_cat","embeddable":true,"href":"https:\/\/secureus.se\/es\/wp-json\/wp\/v2\/product_cat?post=68349"},{"taxonomy":"product_tag","embeddable":true,"href":"https:\/\/secureus.se\/es\/wp-json\/wp\/v2\/product_tag?post=68349"}],"curies":[{"name":"wp","href":"https:\/\/api.w.org\/{rel}","templated":true}]}}