{"id":68355,"date":"2022-11-21T17:11:09","date_gmt":"2022-11-21T16:11:09","guid":{"rendered":"https:\/\/secureus.se\/produkt\/visonic-tower-20am-pg2-powerg-wireless-outdoor-pir-motion-mirror-detector-with-anti-masking\/"},"modified":"2026-04-09T11:36:47","modified_gmt":"2026-04-09T09:36:47","slug":"detektor-tower-20-am-utomhus-visonic","status":"publish","type":"product","link":"https:\/\/secureus.se\/es\/detektor-tower-20-am-utomhus-visonic\/","title":{"rendered":"Detector de movimiento PIR TOWER-20 AM para exteriores PG2 PowerG \u2013 Visonic"},"content":{"rendered":"<h1>Detector TOWER-20 AM PG2: Detecci\u00f3n de movimiento avanzada para exteriores<\/h1>\n<p>TOWER-20 AM PG2 es un detector PIR inal\u00e1mbrico dise\u00f1ado para brindar m\u00e1xima seguridad en exteriores.<\/p>\n<p>Con \u00f3ptica de espejo y antienmascaramiento avanzado, protege su hogar o negocio de posibles amenazas sin causar falsas alarmas.<\/p>\n<h4>Caracter\u00edsticas principales:<\/h4>\n<ul>\n<li><strong>Tecnolog\u00eda avanzada<\/strong>:Tecnolog\u00eda Octa-Quad\u2122 con ocho sensores PIR para una detecci\u00f3n precisa.<\/li>\n<li><strong>Antienmascaramiento<\/strong>: Protege contra intentos de manipular el detector.<\/li>\n<li><strong>Dise\u00f1o robusto<\/strong>:Resistente a la intemperie con certificaci\u00f3n IP55 y protecci\u00f3n contra vandalismo.<\/li>\n<\/ul>\n<h3>Perfecto para el hogar y el negocio<\/h3>\n<p>La TOWER-20 AM PG2 ofrece una cobertura de 12\u00d712 m con un \u00e1ngulo de 90\u00b0, lo que la hace ideal para grandes \u00e1reas al aire libre.<\/p>\n<p>Es inmune a falsas alarmas de mascotas (hasta 18 kg), luz solar y condiciones clim\u00e1ticas, lo que lo convierte en una soluci\u00f3n de seguridad confiable.<\/p>\n<h4>Ventajas:<\/h4>\n<ul>\n<li>F\u00e1cil instalaci\u00f3n con indicador de intensidad de se\u00f1al LED.<\/li>\n<li>Duraci\u00f3n de la bater\u00eda hasta 3 a\u00f1os.<\/li>\n<li>Compatibilidad con sistemas PowerMaster versi\u00f3n 16 y posteriores.<\/li>\n<\/ul>\n<p>Con el detector TOWER-20 AM PG2, obtendr\u00e1 una soluci\u00f3n potente y confiable para proteger sus \u00e1reas exteriores.<\/p>","protected":false},"excerpt":{"rendered":"<p>TOWER-20 AM PG2 es un detector PIR inal\u00e1mbrico para uso en exteriores.<\/p>\n<p>Con protecci\u00f3n avanzada contra enmascaramiento y falsas alarmas, es ideal para la seguridad.<\/p>","protected":false},"featured_media":142148,"template":"","meta":{"_acf_changed":false},"product_brand":[],"product_cat":[3376,3380],"product_tag":[3152,2472,2332],"class_list":{"0":"post-68355","1":"product","2":"type-product","3":"status-publish","4":"has-post-thumbnail","6":"product_cat-visonic-larmenheter","7":"product_cat-visonic-utomhusdetektorer","8":"product_tag-cr123-tillbehor","9":"product_tag-sbsc-larmklassr","10":"product_tag-visonic-rorelsedetektor","11":"product_shipping_class-tunga-paket","12":"pa_brands-5visonic","13":"tm-no-options","15":"first","16":"onbackorder","17":"sale","18":"taxable","19":"shipping-taxable","20":"purchasable","21":"product-type-simple"},"acf":[],"_links":{"self":[{"href":"https:\/\/secureus.se\/es\/wp-json\/wp\/v2\/product\/68355","targetHints":{"allow":["GET"]}}],"collection":[{"href":"https:\/\/secureus.se\/es\/wp-json\/wp\/v2\/product"}],"about":[{"href":"https:\/\/secureus.se\/es\/wp-json\/wp\/v2\/types\/product"}],"wp:featuredmedia":[{"embeddable":true,"href":"https:\/\/secureus.se\/es\/wp-json\/wp\/v2\/media\/142148"}],"wp:attachment":[{"href":"https:\/\/secureus.se\/es\/wp-json\/wp\/v2\/media?parent=68355"}],"wp:term":[{"taxonomy":"product_brand","embeddable":true,"href":"https:\/\/secureus.se\/es\/wp-json\/wp\/v2\/product_brand?post=68355"},{"taxonomy":"product_cat","embeddable":true,"href":"https:\/\/secureus.se\/es\/wp-json\/wp\/v2\/product_cat?post=68355"},{"taxonomy":"product_tag","embeddable":true,"href":"https:\/\/secureus.se\/es\/wp-json\/wp\/v2\/product_tag?post=68355"}],"curies":[{"name":"wp","href":"https:\/\/api.w.org\/{rel}","templated":true}]}}