{"id":68369,"date":"2022-11-21T17:10:18","date_gmt":"2022-11-21T16:10:18","guid":{"rendered":"https:\/\/secureus.se\/produkt\/visonic-tower-32am-pg2-powerg-high-performance-wireless-pir-mirror-dual-technology-detector-with-anti-masking\/"},"modified":"2026-04-09T11:37:03","modified_gmt":"2026-04-09T09:37:03","slug":"detektor-tower-32am-kombi-visonic","status":"publish","type":"product","link":"https:\/\/secureus.se\/es\/detektor-tower-32am-kombi-visonic\/","title":{"rendered":"Detector TOWER-32AM Detector combinado K9-90 PG2 \u2013 Visonic"},"content":{"rendered":"<h1>TOWER-32AM PG2: Detector combinado avanzado para entornos m\u00e1s seguros<\/h1>\n<p>El TOWER-32AM PG2 es un detector combinado inal\u00e1mbrico de alto rendimiento dise\u00f1ado para instalaciones residenciales y comerciales.<\/p>\n<p>Con tecnolog\u00eda avanzada PIR y microondas, ofrece alta precisi\u00f3n y riesgo m\u00ednimo de falsas alarmas.<\/p>\n<h4>Caracter\u00edsticas y beneficios:<\/h4>\n<ul>\n<li><strong>Tecnolog\u00eda dual<\/strong>:PIR y microondas de banda K para garantizar una detecci\u00f3n precisa.<\/li>\n<li><strong>Antienmascaramiento<\/strong>: Protege contra la manipulaci\u00f3n de sensores.<\/li>\n<li><strong>Inmunidad animal<\/strong>:Puede soportar mascotas de hasta 40 kg, lo que minimiza las falsas alarmas.<\/li>\n<li><strong>Dise\u00f1o robusto<\/strong>:Resistente al vandalismo con tecnolog\u00eda V-Slot.<\/li>\n<\/ul>\n<h3>Perfecto para el hogar y el negocio<\/h3>\n<p>El TOWER-32AM PG2 es compatible con los sistemas PowerMaster y ofrece f\u00e1cil instalaci\u00f3n y mantenimiento remoto.<\/p>\n<p>Su bajo consumo de energ\u00eda garantiza una larga duraci\u00f3n de la bater\u00eda y una alta confiabilidad.<\/p>\n<h4>Ventajas:<\/h4>\n<ul>\n<li>Cubre hasta 15 m con un \u00e1ngulo de 90\u00b0.<\/li>\n<li>Adaptado para entornos dif\u00edciles y temperaturas extremas.<\/li>\n<li>Cumple con la norma EN 50131-2-4 Grado 2 Clase II.<\/li>\n<\/ul>\n<p>Con TOWER-32AM PG2, obtiene una soluci\u00f3n de seguridad que ofrece rendimiento confiable y seguridad en todos los entornos.<\/p>","protected":false},"excerpt":{"rendered":"<p>TOWER-32AM PG2 es un detector combinado inal\u00e1mbrico con tecnolog\u00eda avanzada.<\/p>\n<p>Perfecto para la seguridad en entornos residenciales y comerciales.<\/p>","protected":false},"featured_media":141413,"template":"","meta":{"_acf_changed":false},"product_brand":[],"product_cat":[3376,3382],"product_tag":[2472,2332],"class_list":{"0":"post-68369","1":"product","2":"type-product","3":"status-publish","4":"has-post-thumbnail","6":"product_cat-visonic-larmenheter","7":"product_cat-rorelse-och-kamera-visonic-larmenheter","8":"product_tag-sbsc-larmklassr","9":"product_tag-visonic-rorelsedetektor","10":"product_shipping_class-tunga-paket","11":"pa_brands-5visonic","12":"tm-no-options","14":"first","15":"onbackorder","16":"sale","17":"taxable","18":"shipping-taxable","19":"purchasable","20":"product-type-simple"},"acf":[],"_links":{"self":[{"href":"https:\/\/secureus.se\/es\/wp-json\/wp\/v2\/product\/68369","targetHints":{"allow":["GET"]}}],"collection":[{"href":"https:\/\/secureus.se\/es\/wp-json\/wp\/v2\/product"}],"about":[{"href":"https:\/\/secureus.se\/es\/wp-json\/wp\/v2\/types\/product"}],"wp:featuredmedia":[{"embeddable":true,"href":"https:\/\/secureus.se\/es\/wp-json\/wp\/v2\/media\/141413"}],"wp:attachment":[{"href":"https:\/\/secureus.se\/es\/wp-json\/wp\/v2\/media?parent=68369"}],"wp:term":[{"taxonomy":"product_brand","embeddable":true,"href":"https:\/\/secureus.se\/es\/wp-json\/wp\/v2\/product_brand?post=68369"},{"taxonomy":"product_cat","embeddable":true,"href":"https:\/\/secureus.se\/es\/wp-json\/wp\/v2\/product_cat?post=68369"},{"taxonomy":"product_tag","embeddable":true,"href":"https:\/\/secureus.se\/es\/wp-json\/wp\/v2\/product_tag?post=68369"}],"curies":[{"name":"wp","href":"https:\/\/api.w.org\/{rel}","templated":true}]}}