{"id":68377,"date":"2022-11-21T17:09:53","date_gmt":"2022-11-21T16:09:53","guid":{"rendered":"https:\/\/secureus.se\/produkt\/visonic-pb-102-pg2-868-0030-powerg-2-button-supervised-handheld-wireless-panic-button-868mhz\/"},"modified":"2026-03-26T14:26:54","modified_gmt":"2026-03-26T13:26:54","slug":"overfallskontakt-pb-102-pg2-visonic","status":"publish","type":"product","link":"https:\/\/secureus.se\/es\/overfallskontakt-pb-102-pg2-visonic\/","title":{"rendered":"Interruptor de p\u00e1nico PB-102 Bot\u00f3n de p\u00e1nico con 2 botones 868MHz \u2013 Visonic"},"content":{"rendered":"<h1>Interruptor de p\u00e1nico PB-102 PG2: bot\u00f3n de p\u00e1nico de doble bot\u00f3n para mayor seguridad<\/h1>\n<p>El PB-102 PG2 es un bot\u00f3n de p\u00e1nico elegante y ergon\u00f3mico que proporciona un manejo de alarma r\u00e1pido y seguro.<\/p>\n<p>Con dos botones y un mecanismo de seguridad incorporado, se reduce el riesgo de falsas alarmas, a la vez que ofrece seguridad y tranquilidad al usuario.<\/p>\n<h4>Caracter\u00edsticas y beneficios:<\/h4>\n<ul>\n<li><strong>Dise\u00f1o de doble bot\u00f3n<\/strong>:Dos botones para facilitar la activaci\u00f3n de alarmas de emergencia.<\/li>\n<li><strong>Mecanismo de seguridad<\/strong>:Requisito de mantener presionado el bot\u00f3n durante dos segundos para evitar presionarlo incorrectamente.<\/li>\n<li><strong>Port\u00e1til y vers\u00e1til<\/strong>:Se puede llevar alrededor del cuello, en un cintur\u00f3n o montado en la pared.<\/li>\n<\/ul>\n<h3>Ideal para el hogar y el negocio<\/h3>\n<p>El PB-102 PG2 es compatible con los sistemas PowerMaster y ofrece una soluci\u00f3n sencilla para armar y desarmar.<\/p>\n<p>Su duraci\u00f3n de bater\u00eda de hasta 5 a\u00f1os lo hace rentable y confiable.<\/p>\n<h4>Ventajas:<\/h4>\n<ul>\n<li>Tecnolog\u00eda PowerG para una comunicaci\u00f3n confiable.<\/li>\n<li>Viene con clip para cintur\u00f3n, llavero y cord\u00f3n.<\/li>\n<li>Funciona en temperaturas desde 0\u00b0C a 50\u00b0C.<\/li>\n<\/ul>\n<p>Con el interruptor de p\u00e1nico PB-102 PG2, usted obtiene una soluci\u00f3n conveniente y segura para manejar alarmas de emergencia en hogares o entornos comerciales.<\/p>","protected":false},"excerpt":{"rendered":"<p>El PB-102 PG2 es un bot\u00f3n de p\u00e1nico ergon\u00f3mico e inal\u00e1mbrico con dos botones y un mecanismo de seguridad.<\/p>\n<p>Perfecto para el manejo r\u00e1pido y seguro de alarmas de emergencia.<\/p>","protected":false},"featured_media":141430,"template":"","meta":{"_acf_changed":false},"product_brand":[],"product_cat":[3378],"product_tag":[2327],"class_list":{"0":"post-68377","1":"product","2":"type-product","3":"status-publish","4":"has-post-thumbnail","6":"product_cat-visonic-larmstyrning-knappsatser","7":"product_tag-visonic-fjarr-assistansknapp","8":"product_shipping_class-tunga-paket","9":"pa_brands-5visonic","10":"tm-no-options","12":"first","13":"outofstock","14":"sale","15":"taxable","16":"shipping-taxable","17":"purchasable","18":"product-type-simple"},"acf":[],"_links":{"self":[{"href":"https:\/\/secureus.se\/es\/wp-json\/wp\/v2\/product\/68377","targetHints":{"allow":["GET"]}}],"collection":[{"href":"https:\/\/secureus.se\/es\/wp-json\/wp\/v2\/product"}],"about":[{"href":"https:\/\/secureus.se\/es\/wp-json\/wp\/v2\/types\/product"}],"wp:featuredmedia":[{"embeddable":true,"href":"https:\/\/secureus.se\/es\/wp-json\/wp\/v2\/media\/141430"}],"wp:attachment":[{"href":"https:\/\/secureus.se\/es\/wp-json\/wp\/v2\/media?parent=68377"}],"wp:term":[{"taxonomy":"product_brand","embeddable":true,"href":"https:\/\/secureus.se\/es\/wp-json\/wp\/v2\/product_brand?post=68377"},{"taxonomy":"product_cat","embeddable":true,"href":"https:\/\/secureus.se\/es\/wp-json\/wp\/v2\/product_cat?post=68377"},{"taxonomy":"product_tag","embeddable":true,"href":"https:\/\/secureus.se\/es\/wp-json\/wp\/v2\/product_tag?post=68377"}],"curies":[{"name":"wp","href":"https:\/\/api.w.org\/{rel}","templated":true}]}}