{"id":68385,"date":"2022-11-21T17:09:28","date_gmt":"2022-11-21T16:09:28","guid":{"rendered":"https:\/\/secureus.se\/produkt\/visonic-rp-600-pg2-powerg-wireless-repeater-with-1300mah-8v-4-rechargeable-back-up-battery\/"},"modified":"2026-04-09T11:35:59","modified_gmt":"2026-04-09T09:35:59","slug":"repeater-rp-600-pg2-visonic","status":"publish","type":"product","link":"https:\/\/secureus.se\/es\/repeater-rp-600-pg2-visonic\/","title":{"rendered":"Repetidor RP-600 PG2 PowerG \u2013 Visonic"},"content":{"rendered":"<h1>Repetidor RP-600 PG2: Comunicaci\u00f3n extendida para sistemas PowerMaster<\/h1>\n<p>El RP-600 PG2 es un repetidor inal\u00e1mbrico avanzado dise\u00f1ado para ampliar el rango de comunicaci\u00f3n entre los sistemas PowerMaster y los transmisores PowerG.<\/p>\n<p>Es perfecto para instalaciones grandes donde la distancia o los obst\u00e1culos pueden afectar la intensidad de la se\u00f1al.<\/p>\n<h4>Caracter\u00edsticas y beneficios:<\/h4>\n<ul>\n<li><strong>Rango extendido<\/strong>:Garantiza una comunicaci\u00f3n confiable incluso en edificios grandes o complejos.<\/li>\n<li><strong>Tecnolog\u00eda robusta<\/strong>:Espectro ensanchado por salto de frecuencia FHSS-TDMA de PowerG para una comunicaci\u00f3n bidireccional estable.<\/li>\n<li><strong>F\u00e1cil instalaci\u00f3n<\/strong>:Dise\u00f1o compacto con indicadores LED para diagn\u00f3stico y estado.<\/li>\n<\/ul>\n<h3>Ideal para el hogar y el negocio<\/h3>\n<p>El RP-600 PG2 mejora la seguridad y la comodidad al eliminar problemas de comunicaci\u00f3n entre dispositivos.<\/p>\n<p>Su bater\u00eda de respaldo incorporada garantiza el funcionamiento incluso en caso de corte de energ\u00eda.<\/p>\n<h4>Ventajas:<\/h4>\n<ul>\n<li>Bater\u00eda de respaldo de 48 horas para un funcionamiento ininterrumpido.<\/li>\n<li>Protecci\u00f3n contra manipulaci\u00f3n con sabotaje frontal y trasero.<\/li>\n<li>Compatibilidad con sistemas Visonic y Qolsys.<\/li>\n<\/ul>\n<p>El repetidor RP-600 PG2 es un componente indispensable para crear sistemas de seguridad confiables y efectivos.<\/p>","protected":false},"excerpt":{"rendered":"<p>El RP-600 PG2 extiende la comunicaci\u00f3n entre los sistemas PowerMaster y los dispositivos PowerG.<\/p>\n<p>Dise\u00f1o compacto y f\u00e1cil instalaci\u00f3n.<\/p>","protected":false},"featured_media":141449,"template":"","meta":{"_acf_changed":false},"product_brand":[],"product_cat":[3378],"product_tag":[2331],"class_list":{"0":"post-68385","1":"product","2":"type-product","3":"status-publish","4":"has-post-thumbnail","6":"product_cat-visonic-larmstyrning-knappsatser","7":"product_tag-visonic-larmoverforing","8":"product_shipping_class-tunga-paket","9":"pa_brands-5visonic","10":"tm-no-options","12":"first","13":"instock","14":"sale","15":"taxable","16":"shipping-taxable","17":"purchasable","18":"product-type-simple"},"acf":[],"_links":{"self":[{"href":"https:\/\/secureus.se\/es\/wp-json\/wp\/v2\/product\/68385","targetHints":{"allow":["GET"]}}],"collection":[{"href":"https:\/\/secureus.se\/es\/wp-json\/wp\/v2\/product"}],"about":[{"href":"https:\/\/secureus.se\/es\/wp-json\/wp\/v2\/types\/product"}],"wp:featuredmedia":[{"embeddable":true,"href":"https:\/\/secureus.se\/es\/wp-json\/wp\/v2\/media\/141449"}],"wp:attachment":[{"href":"https:\/\/secureus.se\/es\/wp-json\/wp\/v2\/media?parent=68385"}],"wp:term":[{"taxonomy":"product_brand","embeddable":true,"href":"https:\/\/secureus.se\/es\/wp-json\/wp\/v2\/product_brand?post=68385"},{"taxonomy":"product_cat","embeddable":true,"href":"https:\/\/secureus.se\/es\/wp-json\/wp\/v2\/product_cat?post=68385"},{"taxonomy":"product_tag","embeddable":true,"href":"https:\/\/secureus.se\/es\/wp-json\/wp\/v2\/product_tag?post=68385"}],"curies":[{"name":"wp","href":"https:\/\/api.w.org\/{rel}","templated":true}]}}