{"id":69219,"date":"2022-11-21T12:05:34","date_gmt":"2022-11-21T11:05:34","guid":{"rendered":"https:\/\/secureus.se\/produkt\/nataggregat-trafo-agg-12v-2a\/"},"modified":"2026-03-26T11:39:34","modified_gmt":"2026-03-26T10:39:34","slug":"nataggregat-trafo-agg-12v-2a","status":"publish","type":"product","link":"https:\/\/secureus.se\/es\/nataggregat-trafo-agg-12v-2a\/","title":{"rendered":"Fuente de alimentaci\u00f3n Transformador B2 12V 2A Milleteknik AGG 1220-B2"},"content":{"rendered":"<p>La fuente de alimentaci\u00f3n B2 es una fuente de alimentaci\u00f3n estabilizada conmutada de 12 VCC\/2 A, encapsulada y bloqueable. Voltaje regulado estabilizado. Voltaje de salida ajustable +-10%. 1 salida protegida t\u00e9rmicamente. Cerrable con puerta abatible. 2 prensaestopas. Alivio de tensi\u00f3n.<br \/>\nVoltaje 12 V Corriente continua: 2,1 A<br \/>\nCorriente m\u00e1xima: 2,5 A<br \/>\nPotencia: 25W<br \/>\nOndulaci\u00f3n: 120 mV p-p<br \/>\nVoltaje de salida ajustable: +\/-10%<br \/>\nEficiencia: 86 %<br \/>\nTemperatura de trabajo: -20 \u2013 +50 \u00b0C<br \/>\nClase IP: 20<br \/>\nDimensiones (Al x An x Pr): 130x70x60 mm<br \/>\nPeso: 0,4 kg<br \/>\nN\u00famero de prensaestopas: 2 uds.<br \/>\nColor: blanco<br \/>\nPa\u00eds de origen: Suecia<\/p>","protected":false},"excerpt":{"rendered":"<p>Voltaje regulado estabilizado. Voltaje de salida ajustable +-10%. 1 salida protegida t\u00e9rmicamente. Cerrable con puerta abatible. 2 prensaestopas. Alivio de tensi\u00f3n.<\/p>","protected":false},"featured_media":141661,"template":"","meta":{"_acf_changed":false},"product_brand":[],"product_cat":[1498],"product_tag":[2419],"class_list":{"0":"post-69219","1":"product","2":"type-product","3":"status-publish","4":"has-post-thumbnail","6":"product_cat-transformatorer","7":"product_tag-rel-batteri","8":"product_shipping_class-tunga-paket","9":"pa_brands-milleteknik","10":"tm-no-options","12":"first","13":"instock","14":"sale","15":"featured","16":"taxable","17":"shipping-taxable","18":"purchasable","19":"product-type-simple"},"acf":[],"_links":{"self":[{"href":"https:\/\/secureus.se\/es\/wp-json\/wp\/v2\/product\/69219","targetHints":{"allow":["GET"]}}],"collection":[{"href":"https:\/\/secureus.se\/es\/wp-json\/wp\/v2\/product"}],"about":[{"href":"https:\/\/secureus.se\/es\/wp-json\/wp\/v2\/types\/product"}],"wp:featuredmedia":[{"embeddable":true,"href":"https:\/\/secureus.se\/es\/wp-json\/wp\/v2\/media\/141661"}],"wp:attachment":[{"href":"https:\/\/secureus.se\/es\/wp-json\/wp\/v2\/media?parent=69219"}],"wp:term":[{"taxonomy":"product_brand","embeddable":true,"href":"https:\/\/secureus.se\/es\/wp-json\/wp\/v2\/product_brand?post=69219"},{"taxonomy":"product_cat","embeddable":true,"href":"https:\/\/secureus.se\/es\/wp-json\/wp\/v2\/product_cat?post=69219"},{"taxonomy":"product_tag","embeddable":true,"href":"https:\/\/secureus.se\/es\/wp-json\/wp\/v2\/product_tag?post=69219"}],"curies":[{"name":"wp","href":"https:\/\/api.w.org\/{rel}","templated":true}]}}