{"id":69351,"date":"2022-11-28T13:13:28","date_gmt":"2022-11-28T12:13:28","guid":{"rendered":"https:\/\/secureus.se\/produkt\/ridadetektor-inomhus-tradlos-svart\/"},"modified":"2026-03-09T17:42:22","modified_gmt":"2026-03-09T16:42:22","slug":"ajax-motionprotect-curtain-svart","status":"publish","type":"product","link":"https:\/\/secureus.se\/es\/ajax-motionprotect-curtain-svart\/","title":{"rendered":"Cortina Ajax MotionProtect - Detector Ecuestre Interior - Negro"},"content":{"rendered":"<h3><strong>Cortina MotionProtect de Ajax: el nuevo est\u00e1ndar de protecci\u00f3n en interiores<\/strong><\/h3>\n<p>Ajax MotionProtect Curtain es un detector de movimiento inal\u00e1mbrico avanzado dise\u00f1ado espec\u00edficamente para brindar seguridad confiable en ambientes interiores.<\/p>\n<p>Es una soluci\u00f3n perfecta para proteger ventanas, puertas y otras \u00e1reas estrechas, donde los detectores tradicionales no siempre proporcionan la cobertura deseada.<\/p>\n<p>Con caracter\u00edsticas avanzadas como dos sistemas \u00f3pticos y tecnolog\u00eda ELSA, ofrece una precisi\u00f3n de detecci\u00f3n precisa y lo hace sin interferir con la libertad de movimiento de las personas que ya se encuentran en el \u00e1rea.<\/p>\n<p><strong>Sistema de detecci\u00f3n dual: para alta precisi\u00f3n y bajo riesgo de falsas alarmas<\/strong><\/p>\n<p>El dise\u00f1o \u00fanico de la cortina Ajax MotionProtect incluye un sistema de detecci\u00f3n dual con dos sistemas \u00f3pticos independientes.<\/p>\n<p>Estos sistemas tienen campos de visi\u00f3n estrechos y pueden cubrir hasta 30 metros de longitud. Esto minimiza el riesgo de falsas alarmas causadas por perturbaciones naturales, como el movimiento de mascotas u objetos en la habitaci\u00f3n.<\/p>\n<p>Los campos de visi\u00f3n estrechos tambi\u00e9n permiten crear una barrera eficaz sin bloquear el flujo de movimiento en el espacio.<\/p>\n<p><strong>Tecnolog\u00eda ELSA: para una alta precisi\u00f3n de detecci\u00f3n<\/strong><\/p>\n<p>MotionProtect Curtain est\u00e1 equipada con tecnolog\u00eda ELSA (Extended Live Signal Analysis), que permite filtrar movimientos no deseados como animales o perturbaciones naturales.<\/p>\n<p>Esto garantiza una alta precisi\u00f3n de detecci\u00f3n, lo que significa que solo recibir\u00e1 alertas de amenazas reales. La tecnolog\u00eda ELSA analiza y se adapta continuamente al entorno, garantizando que el sistema se mantenga preciso incluso en entornos interiores din\u00e1micos.<\/p>\n<p><strong>Detecci\u00f3n dos en uno y detecci\u00f3n de proximidad<\/strong><\/p>\n<p>Este detector combina dos sensores en una sola unidad, lo que le permite responder de manera r\u00e1pida y confiable al movimiento humano.<\/p>\n<p>MotionProtect Curtain tambi\u00e9n utiliza detecci\u00f3n de proximidad, lo que permite que el dispositivo aborde puntos ciegos y proteja \u00e1reas espec\u00edficas, como ventanas, sin afectar otras \u00e1reas.<\/p>\n<p>Esto es especialmente \u00fatil en entornos donde el espacio es limitado y el detector necesita centrarse en puntos de intrusi\u00f3n espec\u00edficos.<\/p>\n<p><strong>Protecci\u00f3n contra manipulaciones y alta seguridad<\/strong><\/p>\n<p>Para garantizar que su seguridad no se vea comprometida por sabotaje, MotionProtect Curtain est\u00e1 dise\u00f1ado con un avanzado sistema de enmascaramiento y detecci\u00f3n de sabotaje.<\/p>\n<p>Si alguien intenta manipular el sensor, se activa una funci\u00f3n de alarma inmediata que permite reaccionar r\u00e1pidamente ante intervenciones no autorizadas. Esta protecci\u00f3n garantiza que el sistema permanezca seguro y confiable durante toda su vida \u00fatil.<\/p>\n<p><strong>Bater\u00eda de larga duraci\u00f3n y f\u00e1cil instalaci\u00f3n<\/strong><\/p>\n<p>La cortina Ajax MotionProtect est\u00e1 dise\u00f1ada para proporcionar autonom\u00eda a largo plazo con una impresionante duraci\u00f3n de bater\u00eda de hasta 4 a\u00f1os.<\/p>\n<p>Esto reduce la necesidad de cambios frecuentes de bater\u00eda y proporciona protecci\u00f3n a largo plazo sin mantenimiento adicional. La instalaci\u00f3n es sencilla y al escanear el c\u00f3digo QR con la aplicaci\u00f3n Ajax puedes agregar r\u00e1pidamente el detector al sistema. Todos los ajustes se pueden realizar en tiempo real a trav\u00e9s de la aplicaci\u00f3n, lo que permite adaptar el detector a sus necesidades espec\u00edficas sin complicaciones.<\/p>\n<p><strong>Compatibilidad y flexibilidad<\/strong><\/p>\n<p>MotionProtect Curtain funciona a la perfecci\u00f3n con todos los concentradores Ajax, incluidos Hub Plus, Hub 2 y Hub 2 Plus, as\u00ed como con los repetidores de se\u00f1al ReX.<\/p>\n<p>Esto permite utilizar el detector en instalaciones peque\u00f1as y grandes y proporciona flexibilidad cuando se trata de cubrir \u00e1reas m\u00e1s grandes o propiedades m\u00e1s complejas.<\/p>\n<p><strong>Especificaciones t\u00e9cnicas:<\/strong><\/p>\n<ul>\n<li><strong>Tipo de detector:<\/strong> Detector de cortina inal\u00e1mbrico para uso en interiores<\/li>\n<li><strong>Sistema de detecci\u00f3n:<\/strong> Sistema \u00f3ptico dual con dos sensores<\/li>\n<li><strong>Distancia de detecci\u00f3n de movimiento:<\/strong> Hasta 30 metros<\/li>\n<li><strong>Sensibilidad:<\/strong> Ajustable para optimizar la detecci\u00f3n<\/li>\n<li><strong>Protecci\u00f3n contra manipulaciones:<\/strong> Enmascaramiento y detecci\u00f3n de manipulaciones<\/li>\n<li><strong>Fuente de alimentaci\u00f3n:<\/strong> 2 pilas CR123A (preinstaladas)<\/li>\n<li><strong>Duraci\u00f3n de la bater\u00eda:<\/strong> Hasta 4 a\u00f1os<\/li>\n<li><strong>Protocolo de comunicaci\u00f3n:<\/strong> Joyero<\/li>\n<li><strong>Clase de protecci\u00f3n:<\/strong> IP40<\/li>\n<li><strong>Temperatura de funcionamiento:<\/strong> -10\u00b0C a +40\u00b0C<\/li>\n<li><strong>Humedad:<\/strong> Hasta 95%<\/li>\n<li><strong>Dimensiones:<\/strong> 183 \u00d7 70 \u00d7 65 mm<\/li>\n<li><strong>Peso:<\/strong> 322 gramos<\/li>\n<li><strong>Altura de montaje:<\/strong> Recomendado 0,8\u20131,3 m<\/li>\n<\/ul>\n<p><strong>Contenido del paquete:<\/strong><\/p>\n<ul>\n<li>Cortina MotionProtect de Ajax<\/li>\n<li>Panel de montaje SmartBracket<\/li>\n<li>2 pilas CR123A (preinstaladas)<\/li>\n<li>Kit de instalaci\u00f3n<\/li>\n<li>Manual de usuario<\/li>\n<\/ul>\n<p><strong>Conclusi\u00f3n:<\/strong><\/p>\n<p>La cortina Ajax MotionProtect es una soluci\u00f3n perfecta para crear una protecci\u00f3n interior eficaz y confiable sin obstaculizar la libertad de movimiento de las personas en la habitaci\u00f3n.<\/p>\n<p>Con caracter\u00edsticas avanzadas como sistema de detecci\u00f3n dual, tecnolog\u00eda ELSA y detecci\u00f3n de manipulaci\u00f3n, este detector ofrece alta seguridad y bater\u00eda de larga duraci\u00f3n.<\/p>\n<p>Es f\u00e1cil de instalar y configurar, lo que lo convierte en una excelente opci\u00f3n tanto para hogares como para empresas.<\/p>","protected":false},"excerpt":{"rendered":"<p>Ajax MotionProtect Curtain es un detector de cortina inal\u00e1mbrico para uso en interiores, dise\u00f1ado para proteger su hogar o negocio contra intrusiones.<\/p>\n<p>Con dos sistemas \u00f3pticos independientes, tecnolog\u00eda ELSA y una duraci\u00f3n de bater\u00eda de hasta 4 a\u00f1os, proporciona una protecci\u00f3n confiable y precisa sin interferir con la libertad de movimiento de las personas en el \u00e1rea.<\/p>","protected":false},"featured_media":155628,"template":"","meta":{"_acf_changed":false},"product_brand":[],"product_cat":[3156,1319],"product_tag":[3127,4863],"class_list":{"0":"post-69351","1":"product","2":"type-product","3":"status-publish","4":"has-post-thumbnail","6":"product_cat-rorelse-och-kamera","7":"product_cat-ajax-larm","8":"product_tag-kontrollprodukt","9":"product_tag-pf","10":"product_shipping_class-postnord-varubrev","11":"pa_ajax-tradlosa-larm-detektorer","12":"pa_brands-ajax-systems","13":"pa_color-svart","14":"pa_farg-svart","15":"tm-no-options","17":"first","18":"onbackorder","19":"sale","20":"featured","21":"taxable","22":"shipping-taxable","23":"purchasable","24":"product-type-simple"},"acf":[],"_links":{"self":[{"href":"https:\/\/secureus.se\/es\/wp-json\/wp\/v2\/product\/69351","targetHints":{"allow":["GET"]}}],"collection":[{"href":"https:\/\/secureus.se\/es\/wp-json\/wp\/v2\/product"}],"about":[{"href":"https:\/\/secureus.se\/es\/wp-json\/wp\/v2\/types\/product"}],"wp:featuredmedia":[{"embeddable":true,"href":"https:\/\/secureus.se\/es\/wp-json\/wp\/v2\/media\/155628"}],"wp:attachment":[{"href":"https:\/\/secureus.se\/es\/wp-json\/wp\/v2\/media?parent=69351"}],"wp:term":[{"taxonomy":"product_brand","embeddable":true,"href":"https:\/\/secureus.se\/es\/wp-json\/wp\/v2\/product_brand?post=69351"},{"taxonomy":"product_cat","embeddable":true,"href":"https:\/\/secureus.se\/es\/wp-json\/wp\/v2\/product_cat?post=69351"},{"taxonomy":"product_tag","embeddable":true,"href":"https:\/\/secureus.se\/es\/wp-json\/wp\/v2\/product_tag?post=69351"}],"curies":[{"name":"wp","href":"https:\/\/api.w.org\/{rel}","templated":true}]}}