{"id":69370,"date":"2022-11-28T13:13:23","date_gmt":"2022-11-28T12:13:23","guid":{"rendered":"https:\/\/secureus.se\/produkt\/regnskydd-for-ir-detektor-utomhus-vit\/"},"modified":"2026-03-30T15:55:42","modified_gmt":"2026-03-30T13:55:42","slug":"ajax-hood-regnskydd-ir-utomhus","status":"publish","type":"product","link":"https:\/\/secureus.se\/es\/ajax-hood-regnskydd-ir-utomhus\/","title":{"rendered":"Capucha AJAX para MotionProtect Outdoor, detector de lluvia para exteriores"},"content":{"rendered":"<h3><strong>Funda impermeable para cap\u00f3 Ajax: protege tus unidades exteriores de las inclemencias del tiempo<\/strong><\/h3>\n<p>Para garantizar que sus dispositivos Ajax funcionen correctamente en todas las condiciones clim\u00e1ticas, Ajax ofrece un accesorio pr\u00e1ctico: la cubierta para lluvia para cap\u00f3 Ajax. Esta funda para lluvia est\u00e1 especialmente dise\u00f1ada para adaptarse a Ajax MotionProtect Outdoor y MotionCam Outdoor, dos de los dispositivos m\u00e1s avanzados del sistema de seguridad Ajax.<\/p>\n<p>Al proteger estos dispositivos de la lluvia, la nieve y otras influencias clim\u00e1ticas, Hood garantiza que su seguridad no se vea afectada por el mal tiempo.<\/p>\n<p><strong>Protecci\u00f3n para sus detectores de movimiento y c\u00e1maras<\/strong><\/p>\n<p>La cubierta contra lluvia para cap\u00f3 Ajax es una cubierta robusta que evita que la lluvia y la nieve bloqueen o afecten las unidades, lo que les permite seguir funcionando de manera eficaz incluso en condiciones clim\u00e1ticas extremas.<\/p>\n<p>Esto hace que la funda para lluvia sea especialmente \u00fatil para garantizar que el detector de movimiento Ajax MotionProtect Outdoor y la c\u00e1mara MotionCam Outdoor permanezcan funcionales independientemente del clima.<\/p>\n<p><strong>F\u00e1cil instalaci\u00f3n<\/strong><\/p>\n<p>La campana para MotionProtect Outdoor se puede instalar f\u00e1cilmente sin tener que quitar el detector ya instalado de la superficie.<\/p>\n<p>La cubierta contra la lluvia viene con una cinta Dual Lock en el interior de la cubierta, lo que hace que la instalaci\u00f3n sea r\u00e1pida y segura.<\/p>\n<p>Para instalarlo, retire la pel\u00edcula protectora de la cinta, fije la capucha al detector de manera que parte de la cinta se adhiera al cuerpo del detector.<\/p>\n<p>A continuaci\u00f3n, afloje la capucha y alise la parte de la cinta que qued\u00f3 en el detector, luego vuelva a colocar la capucha para que ambas partes de la cinta se adhieran correctamente.<\/p>\n<p>Esta instalaci\u00f3n no requiere ning\u00fan desmontaje del dispositivo y facilita la protecci\u00f3n de sus sensores y c\u00e1maras sin causar ninguna interrupci\u00f3n en su funcionamiento.<\/p>\n<p><strong>Mayor seguridad en \u00e1reas al aire libre<\/strong><\/p>\n<p>La cubierta contra lluvia para cap\u00f3 Ajax evita que las influencias clim\u00e1ticas interfieran con el funcionamiento de sus dispositivos de seguridad, brindando protecci\u00f3n continua contra robos, incendios y otras amenazas de seguridad.<\/p>\n<p>Al instalar esta cubierta para la lluvia, puede asegurarse de que sus detectores y c\u00e1maras permanezcan libres de problemas relacionados con el clima que podr\u00edan afectar su rendimiento.<\/p>\n<p>Tambi\u00e9n es importante tener en cuenta que la cubierta para lluvia Ajax Hood est\u00e1 dise\u00f1ada para uso en interiores, lo que significa que proporciona una protecci\u00f3n confiable para todos los dispositivos exteriores que forman parte de su sistema de seguridad Ajax.<\/p>\n<p><strong>Compatibilidad con dispositivos Ajax<\/strong><\/p>\n<p>La funda para lluvia es compatible con Ajax MotionProtect Outdoor, MotionCam Outdoor y MotionCam Outdoor PhOD, lo que la convierte en un accesorio vers\u00e1til para todos sus dispositivos de exterior.<\/p>\n<p>Es una soluci\u00f3n perfecta para garantizar que todas las partes de su sistema de seguridad Ajax sigan funcionando correctamente, independientemente de las condiciones clim\u00e1ticas.<\/p>\n<p><strong>Especificaciones t\u00e9cnicas:<\/strong><\/p>\n<ul>\n<li><strong>Tipo de accesorio:<\/strong> Funda de lluvia para uso exterior<\/li>\n<li><strong>Compatibilidad:<\/strong> Compatible con Ajax MotionProtect Outdoor, MotionCam Outdoor y MotionCam Outdoor PhOD<\/li>\n<li><strong>M\u00e9todo de instalaci\u00f3n:<\/strong> F\u00e1cil de instalar con cinta Dual Lock<\/li>\n<li><strong>Material:<\/strong> Protecci\u00f3n resistente a la intemperie contra la lluvia y la nieve.<\/li>\n<li><strong>Caracter\u00edsticas:<\/strong> Protege contra las condiciones clim\u00e1ticas para una mejor detecci\u00f3n y monitoreo.<\/li>\n<\/ul>\n<p><strong>Conclusi\u00f3n:<\/strong><\/p>\n<p>La cubierta contra lluvia para cap\u00f3 Ajax es un accesorio simple pero efectivo que garantiza que sus unidades exteriores funcionen sin interferencias de la lluvia o la nieve.<\/p>\n<p>Al proteger Ajax MotionProtect Outdoor y MotionCam Outdoor de los elementos, puede estar seguro de que su sistema de seguridad continuar\u00e1 funcionando correctamente en todas las condiciones clim\u00e1ticas, brindando protecci\u00f3n confiable y continua para su hogar o negocio.<\/p>","protected":false},"excerpt":{"rendered":"<p>La cubierta contra la lluvia del cap\u00f3 Ajax est\u00e1 dise\u00f1ada para proteger Ajax MotionProtect Outdoor y MotionCam Outdoor de la lluvia y la nieve.<\/p>\n<p>Este pr\u00e1ctico accesorio garantiza que sus dispositivos sigan funcionando correctamente en todas las condiciones clim\u00e1ticas.<\/p>","protected":false},"featured_media":152162,"template":"","meta":{"_acf_changed":false},"product_brand":[],"product_cat":[3157,1319],"product_tag":[4863],"class_list":{"0":"post-69370","1":"product","2":"type-product","3":"status-publish","4":"has-post-thumbnail","6":"product_cat-utomhussakerhet","7":"product_cat-ajax-larm","8":"product_tag-pf","9":"product_shipping_class-postnord-varubrev","10":"pa_ajax-tradlosa-larm-ovriga-tillbehor-monteringsfaste","11":"pa_brands-ajax-systems","12":"pa_color-vit","13":"pa_farg-vit","14":"tm-no-options","16":"first","17":"instock","18":"sale","19":"featured","20":"taxable","21":"shipping-taxable","22":"purchasable","23":"product-type-simple"},"acf":[],"_links":{"self":[{"href":"https:\/\/secureus.se\/es\/wp-json\/wp\/v2\/product\/69370","targetHints":{"allow":["GET"]}}],"collection":[{"href":"https:\/\/secureus.se\/es\/wp-json\/wp\/v2\/product"}],"about":[{"href":"https:\/\/secureus.se\/es\/wp-json\/wp\/v2\/types\/product"}],"wp:featuredmedia":[{"embeddable":true,"href":"https:\/\/secureus.se\/es\/wp-json\/wp\/v2\/media\/152162"}],"wp:attachment":[{"href":"https:\/\/secureus.se\/es\/wp-json\/wp\/v2\/media?parent=69370"}],"wp:term":[{"taxonomy":"product_brand","embeddable":true,"href":"https:\/\/secureus.se\/es\/wp-json\/wp\/v2\/product_brand?post=69370"},{"taxonomy":"product_cat","embeddable":true,"href":"https:\/\/secureus.se\/es\/wp-json\/wp\/v2\/product_cat?post=69370"},{"taxonomy":"product_tag","embeddable":true,"href":"https:\/\/secureus.se\/es\/wp-json\/wp\/v2\/product_tag?post=69370"}],"curies":[{"name":"wp","href":"https:\/\/api.w.org\/{rel}","templated":true}]}}