{"id":69375,"date":"2022-11-28T13:13:20","date_gmt":"2022-11-28T12:13:20","guid":{"rendered":"https:\/\/secureus.se\/produkt\/repeater-ajax-rex-vit\/"},"modified":"2026-03-10T11:02:46","modified_gmt":"2026-03-10T10:02:46","slug":"ajax-rex-repeater-range-extender-2","status":"publish","type":"product","link":"https:\/\/secureus.se\/es\/ajax-rex-repeater-range-extender-2\/","title":{"rendered":"Repetidor extensor de alcance Ajax ReX blanco"},"content":{"rendered":"<h3><strong>Ajax ReX: extensor de se\u00f1al para mayor alcance y seguridad<\/strong><\/h3>\n<p>Ajax ReX es la soluci\u00f3n inteligente para ampliar el alcance y mejorar la comunicaci\u00f3n dentro de los sistemas de seguridad Ajax.<\/p>\n<p>ReX act\u00faa como un extensor o repetidor de se\u00f1al, duplicando el alcance de todos los dispositivos conectados a un concentrador Ajax.<\/p>\n<p>Con ReX, puede cubrir f\u00e1cilmente grandes \u00e1reas, como oficinas de varios pisos, edificios independientes o incluso grandes instalaciones de producci\u00f3n.<\/p>\n<p>Al conectar hasta cinco unidades ReX al sistema, puede ampliar la cobertura hasta 35 km\u00b2, lo que lo convierte en una herramienta poderosa para soluciones de seguridad peque\u00f1as y grandes.<\/p>\n<p><strong>Tiempo de respuesta r\u00e1pido y comunicaci\u00f3n confiable<\/strong><\/p>\n<p>ReX emite alarmas en un tiempo r\u00e9cord, en 0,3 segundos, y permite una comunicaci\u00f3n r\u00e1pida entre unidades Ajax, incluso a largas distancias.<\/p>\n<p>Puede transmitir se\u00f1ales hasta 1.800 metros en terreno abierto, lo que permite colocar equipos de seguridad m\u00e1s lejos del concentrador principal sin perder intensidad de se\u00f1al ni confiabilidad.<\/p>\n<p>Esto hace que ReX sea ideal para \u00e1reas grandes donde m\u00faltiples detectores o c\u00e1maras necesitan comunicarse con el concentrador sin perder funcionalidad.<\/p>\n<p><strong>Bater\u00eda de respaldo incorporada y protecci\u00f3n contra manipulaciones<\/strong><\/p>\n<p>Una de las caracter\u00edsticas m\u00e1s impresionantes del ReX es la bater\u00eda de respaldo incorporada, que puede alimentar el dispositivo hasta por 35 horas sin una fuente de alimentaci\u00f3n externa.<\/p>\n<p>Esto significa que ReX puede mantener la seguridad incluso durante cortes de energ\u00eda, lo que es crucial para el monitoreo continuo.<\/p>\n<p>ReX tambi\u00e9n est\u00e1 equipado con una robusta protecci\u00f3n antimanipulaci\u00f3n, lo que lo hace resistente a intentos de manipulaci\u00f3n o interferencia.<\/p>\n<p>Su sistema de seguridad incluye tanto detecci\u00f3n de interferencias como protecci\u00f3n contra manipulaciones, y todas las comunicaciones est\u00e1n cifradas con el algoritmo AES para proteger contra escuchas y pirater\u00eda inform\u00e1tica.<\/p>\n<p><strong>F\u00e1cil instalaci\u00f3n y flexibilidad<\/strong><\/p>\n<p>ReX es f\u00e1cil de instalar y se puede integrar r\u00e1pidamente en su sistema Ajax existente. La instalaci\u00f3n se realiza escaneando el c\u00f3digo QR en la aplicaci\u00f3n Ajax y siguiendo los sencillos pasos para agregar el dispositivo al sistema.<\/p>\n<p>Luego puede configurar ReX para que funcione con los dispositivos que desea que se beneficien del alcance extendido.<\/p>\n<p>ReX se puede instalar en una ubicaci\u00f3n segura utilizando el SmartBracket incluido, lo que hace que el montaje sea r\u00e1pido y f\u00e1cil sin tener que desmontar la unidad.<\/p>\n<p><strong>Operaci\u00f3n aut\u00f3noma y conexi\u00f3n flexible<\/strong><\/p>\n<p>ReX funciona de forma aut\u00f3noma si se pierde la comunicaci\u00f3n con el concentrador.<\/p>\n<p>Si alguno de los dispositivos conectados env\u00eda una alarma, ReX activar\u00e1 la sirena para advertir del evento, garantizando que la seguridad permanezca intacta incluso si el sistema no est\u00e1 completamente operativo.<\/p>\n<p>Esto proporciona mayor tranquilidad y seguridad al mantener todos los dispositivos conectados protegidos, independientemente de la situaci\u00f3n.<\/p>\n<p><strong>Compatibilidad y actualizaciones<\/strong><\/p>\n<p>ReX es compatible con todos los concentradores Ajax, incluidos Hub, Hub 2, Hub 2 Plus y Hub Hybrid. Puede utilizar hasta cinco unidades ReX en un solo sistema para cubrir \u00e1reas muy grandes.<\/p>\n<p>ReX tambi\u00e9n funciona a la perfecci\u00f3n con el sistema operativo Malevich del sistema y recibe actualizaciones gratuitas peri\u00f3dicas que garantizan que el dispositivo est\u00e9 siempre actualizado con las \u00faltimas funciones y mejoras de seguridad.<\/p>\n<p><strong>Especificaciones t\u00e9cnicas:<\/strong><\/p>\n<ul>\n<li><strong>Tipo:<\/strong> Extensor\/repetidor de se\u00f1al inal\u00e1mbrica<\/li>\n<li><strong>N\u00famero m\u00e1ximo de dispositivos conectados (por concentrador):<\/strong> Hub\/Hub H\u00edbrido \u2013 hasta 99, Hub Plus \u2013 hasta 149, Hub 2 Plus \u2013 hasta 199<\/li>\n<li><strong>\u00c1rea de comunicaci\u00f3n:<\/strong> Hasta 1.800 m en terreno abierto<\/li>\n<li><strong>Tiempo de transmisi\u00f3n de alarma:<\/strong> 0,3 segundos<\/li>\n<li><strong>Fuente de alimentaci\u00f3n:<\/strong> 110-240 V de la red el\u00e9ctrica o 12 V con fuente de alimentaci\u00f3n de 12 V para Hub\/Hub Plus\/ReX<\/li>\n<li><strong>Bater\u00eda de respaldo:<\/strong> Li-Ion 2 Ah, hasta 35 horas de funcionamiento sin alimentaci\u00f3n<\/li>\n<li><strong>Sistema operativo:<\/strong> Sistema operativo. Mal\u00e9vich<\/li>\n<li><strong>Banda de frecuencia:<\/strong> Dependiendo de la regi\u00f3n de ventas<\/li>\n<li><strong>Cifrado:<\/strong> Algoritmo de cifrado de bloques AES<\/li>\n<li><strong>Temperatura de funcionamiento:<\/strong> \u221210\u00b0C a +40\u00b0C<\/li>\n<li><strong>Humedad m\u00e1xima:<\/strong> Hasta 75%<\/li>\n<li><strong>Tama\u00f1o:<\/strong> 163 \u00d7 163 \u00d7 36 mm<\/li>\n<li><strong>Peso:<\/strong> 330 gramos<\/li>\n<li><strong>Anti-sabotaje:<\/strong> S\u00ed, admite detecci\u00f3n de interferencias y protecci\u00f3n contra manipulaciones.<\/li>\n<li><strong>M\u00e9todo de instalaci\u00f3n:<\/strong> Interior<\/li>\n<\/ul>\n<p><strong>Contenido del paquete:<\/strong><\/p>\n<ul>\n<li>Repetidor Ajax ReX<\/li>\n<li>Panel de montaje SmartBracket<\/li>\n<li>Cable de alimentaci\u00f3n<\/li>\n<li>Kit de instalaci\u00f3n<\/li>\n<li>Gu\u00eda de inicio r\u00e1pido<\/li>\n<\/ul>\n<p><strong>Conclusi\u00f3n:<\/strong><\/p>\n<p>Ajax ReX es una soluci\u00f3n eficaz y confiable para mejorar el alcance de los sistemas de seguridad Ajax.<\/p>\n<p>Con su f\u00e1cil instalaci\u00f3n, comunicaci\u00f3n confiable y caracter\u00edsticas de seguridad robustas, ReX permite crear una protecci\u00f3n integral para \u00e1reas grandes o edificios complejos.<\/p>\n<p>Ya sea que necesite cubrir varios pisos, edificios independientes o grandes instalaciones de producci\u00f3n, ReX ofrece una soluci\u00f3n flexible y segura para todas sus necesidades.<\/p>","protected":false},"excerpt":{"rendered":"<p>Ajax ReX es un extensor de se\u00f1al inal\u00e1mbrico que ampl\u00eda el alcance del sistema de seguridad Ajax.<\/p>\n<p>Puede conectar dispositivos a una distancia de hasta 1.800 metros y, con una bater\u00eda de respaldo de 35 horas, garantiza una seguridad constante incluso durante cortes de energ\u00eda.<\/p>","protected":false},"featured_media":152095,"template":"","meta":{"_acf_changed":false},"product_brand":[],"product_cat":[3168,1319],"product_tag":[3127,2137,4863],"class_list":{"0":"post-69375","1":"product","2":"type-product","3":"status-publish","4":"has-post-thumbnail","6":"product_cat-range-extender-repeater","7":"product_cat-ajax-larm","8":"product_tag-kontrollprodukt","9":"product_tag-lager-ajax","10":"product_tag-pf","11":"product_shipping_class-tunga-paket","12":"pa_ajax-tradlosa-larm-reapeater","13":"pa_brands-ajax-systems","14":"pa_color-vit","15":"pa_farg-vit","16":"tm-no-options","18":"first","19":"instock","20":"sale","21":"featured","22":"taxable","23":"shipping-taxable","24":"purchasable","25":"product-type-simple"},"acf":[],"_links":{"self":[{"href":"https:\/\/secureus.se\/es\/wp-json\/wp\/v2\/product\/69375","targetHints":{"allow":["GET"]}}],"collection":[{"href":"https:\/\/secureus.se\/es\/wp-json\/wp\/v2\/product"}],"about":[{"href":"https:\/\/secureus.se\/es\/wp-json\/wp\/v2\/types\/product"}],"wp:featuredmedia":[{"embeddable":true,"href":"https:\/\/secureus.se\/es\/wp-json\/wp\/v2\/media\/152095"}],"wp:attachment":[{"href":"https:\/\/secureus.se\/es\/wp-json\/wp\/v2\/media?parent=69375"}],"wp:term":[{"taxonomy":"product_brand","embeddable":true,"href":"https:\/\/secureus.se\/es\/wp-json\/wp\/v2\/product_brand?post=69375"},{"taxonomy":"product_cat","embeddable":true,"href":"https:\/\/secureus.se\/es\/wp-json\/wp\/v2\/product_cat?post=69375"},{"taxonomy":"product_tag","embeddable":true,"href":"https:\/\/secureus.se\/es\/wp-json\/wp\/v2\/product_tag?post=69375"}],"curies":[{"name":"wp","href":"https:\/\/api.w.org\/{rel}","templated":true}]}}