{"id":69380,"date":"2022-11-28T13:13:17","date_gmt":"2022-11-28T12:13:17","guid":{"rendered":"https:\/\/secureus.se\/produkt\/monteringsfaste-siren-utomhus-vit\/"},"modified":"2026-03-30T23:38:17","modified_gmt":"2026-03-30T21:38:17","slug":"ajax-smart-bracket-faste-siren-utomhus-vit","status":"publish","type":"product","link":"https:\/\/secureus.se\/es\/ajax-smart-bracket-faste-siren-utomhus-vit\/","title":{"rendered":"Ajax Smart Bracket Repuesto Soporte de montaje \/ accesorio Sirena exterior blanca"},"content":{"rendered":"<h3><strong>Soporte inteligente Ajax: la soluci\u00f3n perfecta para una f\u00e1cil instalaci\u00f3n de dispositivos Ajax<\/strong><\/h3>\n<p>Ajax Smart Bracket es un soporte de montaje pr\u00e1ctico e innovador dise\u00f1ado para facilitar la instalaci\u00f3n de sirenas y detectores Ajax, especialmente para uso en exteriores.<\/p>\n<p>Ayuda a garantizar que sus dispositivos Ajax est\u00e9n correctamente instalados y conectados de forma segura, brindando rendimiento y durabilidad a largo plazo.<\/p>\n<p>Con su dise\u00f1o simple y funcional, Smart Bracket hace que la instalaci\u00f3n sea r\u00e1pida y eficiente, ya sea un detector de movimiento o una sirena.<\/p>\n<p><strong>Instalaci\u00f3n y flexibilidad mejoradas<\/strong><\/p>\n<p>El soporte inteligente est\u00e1 dise\u00f1ado para proporcionar un soporte estable para dispositivos Ajax, como sirenas y detectores. Se puede fijar f\u00e1cilmente a superficies verticales o en esquinas, lo que permite posicionar los dispositivos de manera que optimicen su rendimiento.<\/p>\n<p>La altura de instalaci\u00f3n recomendada es de 2,4 metros, que es la altura ideal para garantizar que tanto los detectores como las sirenas funcionen de forma \u00f3ptima.<\/p>\n<p>Al utilizar el soporte inteligente, tambi\u00e9n puede asegurarse de que los dispositivos no se bloqueen entre s\u00ed y tengan una l\u00ednea de visi\u00f3n clara para una mejor detecci\u00f3n.<\/p>\n<p><strong>Intensidad de la se\u00f1al y ajuste para una cobertura \u00f3ptima<\/strong><\/p>\n<p>Una caracter\u00edstica importante del soporte inteligente Ajax es la capacidad de realizar pruebas de intensidad de se\u00f1al para garantizar que su dispositivo reciba la mejor intensidad de se\u00f1al posible.<\/p>\n<p>Para probar la intensidad de la se\u00f1al entre el dispositivo y el concentrador, puede utilizar la aplicaci\u00f3n Ajax para mostrar los niveles de se\u00f1al.<\/p>\n<p>La intensidad de se\u00f1al recomendada debe ser de dos o tres barras. Si la se\u00f1al es inferior, simplemente reposicionar el dispositivo puede mejorar significativamente la se\u00f1al.<\/p>\n<p>Esto le permite optimizar la ubicaci\u00f3n del dispositivo sin tener que realizar cambios importantes en la instalaci\u00f3n.<\/p>\n<p><strong>F\u00e1cil instalaci\u00f3n con tornillos o sujetadores<\/strong><\/p>\n<p>El soporte inteligente Ajax viene con un panel de montaje que se puede fijar f\u00e1cilmente con los tornillos incluidos. Para mayor seguridad y estabilidad, hay agujeros especiales en el panel para facilitar la perforaci\u00f3n y la fijaci\u00f3n a la superficie deseada.<\/p>\n<p>Una vez completada la instalaci\u00f3n y todos los tornillos ajustados correctamente, puede estar seguro de que su dispositivo Ajax estar\u00e1 correctamente montado y protegido contra interferencias externas.<\/p>\n<p><strong>F\u00e1cil de ajustar y mover la unidad<\/strong><\/p>\n<p>El soporte inteligente tambi\u00e9n facilita mover o ajustar los dispositivos despu\u00e9s de la instalaci\u00f3n.<\/p>\n<p>Si nota que la intensidad de la se\u00f1al es insuficiente o que el dispositivo no cubre el \u00e1rea deseada, simplemente puede quitar el dispositivo del soporte y reposicionarlo.<\/p>\n<p>Esto hace que la instalaci\u00f3n sea mucho m\u00e1s flexible y adaptable a sus necesidades espec\u00edficas.<\/p>\n<p><strong>Compatibilidad y personalizaci\u00f3n<\/strong><\/p>\n<p>El soporte inteligente Ajax es compatible con m\u00faltiples dispositivos Ajax, incluidos los detectores y sirenas MotionCam Jeweler.<\/p>\n<p>Esto lo convierte en un accesorio ideal para los usuarios que desean optimizar la ubicaci\u00f3n de sus dispositivos y garantizar que su sistema de seguridad funcione de la mejor manera posible.<\/p>\n<p>Con su construcci\u00f3n robusta y dise\u00f1o adaptable, el Smart Bracket es una parte indispensable del sistema de seguridad Ajax.<\/p>\n<p><strong>Presupuesto:<\/strong><\/p>\n<ul>\n<li><strong>Tipo de accesorio:<\/strong> Soporte de montaje para dispositivos Ajax<\/li>\n<li><strong>Altura de instalaci\u00f3n:<\/strong> Recomendado 2,4 metros<\/li>\n<li><strong>Adjunto:<\/strong> Superficie vertical o esquina<\/li>\n<li><strong>Material:<\/strong> Durable y resistente a la intemperie.<\/li>\n<li><strong>M\u00e9todo de instalaci\u00f3n:<\/strong> Fijado con tornillos o sujetadores<\/li>\n<li><strong>Compatibilidad:<\/strong> Compatible con detectores MotionCam Jeweler y sirenas Ajax<\/li>\n<li><strong>Funci\u00f3n:<\/strong> Mejora la ubicaci\u00f3n y la intensidad de la se\u00f1al de los dispositivos.<\/li>\n<\/ul>\n<p><strong>Conclusi\u00f3n:<\/strong><\/p>\n<p>El soporte inteligente Ajax es una soluci\u00f3n simple pero efectiva para mejorar la instalaci\u00f3n y la seguridad de sus dispositivos Ajax.<\/p>\n<p>Con su dise\u00f1o robusto y flexibilidad, este soporte de montaje facilita la optimizaci\u00f3n de su seguridad, ya sea para instalaci\u00f3n en interiores o exteriores.<\/p>\n<p>Al proporcionar estabilidad, flexibilidad y la capacidad de probar la intensidad de la se\u00f1al, Smart Bracket garantiza que su sistema de seguridad siempre funcione de manera \u00f3ptima.<\/p>\n<p>&nbsp;<\/p>","protected":false},"excerpt":{"rendered":"<p>Ajax Smart Bracket es un soporte de montaje para sirenas y detectores que hace que la instalaci\u00f3n de dispositivos Ajax sea f\u00e1cil y segura.<\/p>\n<p>Es perfecto para uso en exteriores y permite un montaje estable y flexible en superficies verticales o esquinas.<\/p>","protected":false},"featured_media":0,"template":"","meta":{"_acf_changed":false},"product_brand":[],"product_cat":[3128],"product_tag":[],"class_list":{"0":"post-69380","1":"product","2":"type-product","3":"status-publish","5":"product_cat-ajax-reservdelar-fasten","6":"product_shipping_class-postnord-varubrev","7":"pa_ajax-tradlosa-larm-ovriga-tillbehor-monteringsfaste","8":"pa_brands-ajax-systems","9":"pa_color-vit","10":"pa_farg-vit","11":"tm-no-options","13":"first","14":"onbackorder","15":"sale","16":"featured","17":"taxable","18":"shipping-taxable","19":"purchasable","20":"product-type-simple"},"acf":[],"_links":{"self":[{"href":"https:\/\/secureus.se\/es\/wp-json\/wp\/v2\/product\/69380","targetHints":{"allow":["GET"]}}],"collection":[{"href":"https:\/\/secureus.se\/es\/wp-json\/wp\/v2\/product"}],"about":[{"href":"https:\/\/secureus.se\/es\/wp-json\/wp\/v2\/types\/product"}],"wp:attachment":[{"href":"https:\/\/secureus.se\/es\/wp-json\/wp\/v2\/media?parent=69380"}],"wp:term":[{"taxonomy":"product_brand","embeddable":true,"href":"https:\/\/secureus.se\/es\/wp-json\/wp\/v2\/product_brand?post=69380"},{"taxonomy":"product_cat","embeddable":true,"href":"https:\/\/secureus.se\/es\/wp-json\/wp\/v2\/product_cat?post=69380"},{"taxonomy":"product_tag","embeddable":true,"href":"https:\/\/secureus.se\/es\/wp-json\/wp\/v2\/product_tag?post=69380"}],"curies":[{"name":"wp","href":"https:\/\/api.w.org\/{rel}","templated":true}]}}