{"id":69414,"date":"2022-11-28T13:13:05","date_gmt":"2022-11-28T12:13:05","guid":{"rendered":"https:\/\/secureus.se\/produkt\/monteringsfaste-ir-detektor-vit\/"},"modified":"2026-03-10T11:02:24","modified_gmt":"2026-03-10T10:02:24","slug":"ajax-faste-ir-detektor-vit","status":"publish","type":"product","link":"https:\/\/secureus.se\/es\/ajax-faste-ir-detektor-vit\/","title":{"rendered":"Soporte inteligente Ajax Pieza de repuesto Soporte de montaje \/ Accesorios MotionProtect"},"content":{"rendered":"<h3><strong>Soporte inteligente Ajax Soporte de montaje para detector de movimiento con sensor IR<\/strong><\/h3>\n<p>El soporte inteligente Ajax es el accesorio definitivo para instalar detectores de movimiento Ajax, dise\u00f1ado espec\u00edficamente para optimizar la ubicaci\u00f3n de dispositivos como MotionProtect con sensores IR.<\/p>\n<p>Con este soporte de montaje obtendr\u00e1 una instalaci\u00f3n segura, estable y flexible, lo que facilitar\u00e1 la colocaci\u00f3n de su detector de movimiento en la mejor ubicaci\u00f3n para una m\u00e1xima protecci\u00f3n.<\/p>\n<p>Ya sea que est\u00e9 instalando detectores para su hogar u oficina, el soporte inteligente garantiza un funcionamiento confiable y duradero.<\/p>\n<p><strong>Ventajas del soporte de montaje inteligente Ajax<\/strong><\/p>\n<p>El soporte inteligente hace que la instalaci\u00f3n de los detectores de movimiento Ajax MotionProtect sea sencilla y r\u00e1pida.<\/p>\n<p>Para instalar el detector, retire el panel de montaje del soporte inteligente de la unidad y f\u00edjelo a una superficie vertical o en una esquina de la habitaci\u00f3n.<\/p>\n<p>Puedes utilizar cinta adhesiva de doble cara u otros sujetadores temporales.<\/p>\n<p>La altura de instalaci\u00f3n recomendada es de 2,4 metros, lo que permite que el detector proporcione la mejor cobertura y detecci\u00f3n en su sistema de seguridad.<\/p>\n<p>Una caracter\u00edstica importante de Smart Bracket es que ofrece flexibilidad para probar la intensidad de la se\u00f1al.<\/p>\n<p>Al ejecutar pruebas de intensidad de la se\u00f1al a trav\u00e9s de la aplicaci\u00f3n Ajax, puede verificar f\u00e1cilmente que la intensidad de la se\u00f1al sea suficiente para garantizar que su detector de movimiento funcione de manera \u00f3ptima.<\/p>\n<p>Si la intensidad de la se\u00f1al es demasiado baja, un simple ajuste de la posici\u00f3n del dispositivo puede mejorar significativamente la recepci\u00f3n.<\/p>\n<p><strong>Detecci\u00f3n \u00f3ptima y ajuste de la zona de detecci\u00f3n<\/strong><\/p>\n<p>Para garantizar que el detector de movimiento cubra el \u00e1rea correcta, puede realizar una prueba de zona de detecci\u00f3n.<\/p>\n<p>Durante esta prueba, puede caminar por la habitaci\u00f3n y observar los LED en el dispositivo para ver si detecta movimiento como se espera.<\/p>\n<p>El rango m\u00e1ximo de detecci\u00f3n de los detectores de movimiento es de 12 metros y, mediante pruebas y ajustes, puede ajustarlo para obtener la mejor cobertura posible y una detecci\u00f3n confiable.<\/p>\n<p><strong>Instalaci\u00f3n f\u00e1cil y estable<\/strong><\/p>\n<p>El soporte inteligente Ajax est\u00e1 dise\u00f1ado para ser f\u00e1cil de instalar sin afectar la funcionalidad del dispositivo.<\/p>\n<p>Una vez que el panel de montaje est\u00e9 en su lugar, puede asegurarlo de forma segura con los tornillos incluidos para garantizar que el detector est\u00e9 firmemente en su lugar.<\/p>\n<p>El soporte inteligente tiene orificios espec\u00edficos para fijar f\u00e1cilmente el panel en el lugar correcto y, si utiliza otros sujetadores, debe tener cuidado de no da\u00f1ar o deformar el panel de montaje.<\/p>\n<p><strong>Compatibilidad con detectores de movimiento Ajax<\/strong><\/p>\n<p>El soporte inteligente es totalmente compatible con Ajax MotionProtect y otros detectores de movimiento Ajax, lo que lo convierte en un accesorio vers\u00e1til para cualquier sistema de seguridad que utilice dispositivos Ajax.<\/p>\n<p>La facilidad de instalaci\u00f3n, junto con la flexibilidad para ajustar la intensidad de la se\u00f1al y la zona de detecci\u00f3n, hacen de este soporte una parte valiosa del sistema para garantizar que todos los dispositivos funcionen de la mejor manera.<\/p>\n<p><strong>Presupuesto:<\/strong><\/p>\n<ul>\n<li><strong>Tipo de accesorio:<\/strong> Soporte de montaje para detector de movimiento Ajax con sensor IR<\/li>\n<li><strong>Altura de instalaci\u00f3n:<\/strong> Recomendado 2,4 metros<\/li>\n<li><strong>M\u00e9todo de instalaci\u00f3n:<\/strong> Se fija a superficies verticales o esquinas.<\/li>\n<li><strong>Material:<\/strong> Durable y resistente a la intemperie.<\/li>\n<li><strong>Compatibilidad:<\/strong> Compatible con Ajax MotionProtect y otros detectores de movimiento.<\/li>\n<li><strong>Prueba de intensidad de la se\u00f1al:<\/strong> S\u00ed, a trav\u00e9s de la aplicaci\u00f3n Ajax<\/li>\n<li><strong>Ajuste de la zona de detecci\u00f3n:<\/strong> S\u00ed<\/li>\n<li><strong>Sujetadores:<\/strong> Incluye tornillos y la opci\u00f3n de utilizar otros sujetadores.<\/li>\n<\/ul>\n<p><strong>Conclusi\u00f3n:<\/strong><\/p>\n<p>El soporte inteligente Ajax es la soluci\u00f3n perfecta para instalar y optimizar la ubicaci\u00f3n de sus detectores de movimiento Ajax.<\/p>\n<p>Con su f\u00e1cil instalaci\u00f3n, caracter\u00edsticas ajustables y dise\u00f1o duradero, el soporte inteligente garantiza que su sistema de seguridad funcione de manera eficiente y confiable.<\/p>\n<p>&nbsp;<\/p>","protected":false},"excerpt":{"rendered":"<p>Ajax Smart Bracket es un soporte de montaje para detectores de movimiento Ajax MotionProtect con sensores IR.<\/p>\n<p>El soporte hace que la instalaci\u00f3n sea f\u00e1cil y segura, con altura ajustable y flexibilidad para optimizar la ubicaci\u00f3n de los detectores en su sistema de seguridad.<\/p>","protected":false},"featured_media":0,"template":"","meta":{"_acf_changed":false},"product_brand":[],"product_cat":[3128],"product_tag":[],"class_list":{"0":"post-69414","1":"product","2":"type-product","3":"status-publish","5":"product_cat-ajax-reservdelar-fasten","6":"product_shipping_class-postnord-varubrev","7":"pa_ajax-tradlosa-larm-ovriga-tillbehor-monteringsfaste","8":"pa_brands-ajax-systems","9":"pa_color-vit","10":"pa_farg-vit","11":"tm-no-options","13":"first","14":"instock","15":"sale","16":"featured","17":"taxable","18":"shipping-taxable","19":"purchasable","20":"product-type-simple"},"acf":[],"_links":{"self":[{"href":"https:\/\/secureus.se\/es\/wp-json\/wp\/v2\/product\/69414","targetHints":{"allow":["GET"]}}],"collection":[{"href":"https:\/\/secureus.se\/es\/wp-json\/wp\/v2\/product"}],"about":[{"href":"https:\/\/secureus.se\/es\/wp-json\/wp\/v2\/types\/product"}],"wp:attachment":[{"href":"https:\/\/secureus.se\/es\/wp-json\/wp\/v2\/media?parent=69414"}],"wp:term":[{"taxonomy":"product_brand","embeddable":true,"href":"https:\/\/secureus.se\/es\/wp-json\/wp\/v2\/product_brand?post=69414"},{"taxonomy":"product_cat","embeddable":true,"href":"https:\/\/secureus.se\/es\/wp-json\/wp\/v2\/product_cat?post=69414"},{"taxonomy":"product_tag","embeddable":true,"href":"https:\/\/secureus.se\/es\/wp-json\/wp\/v2\/product_tag?post=69414"}],"curies":[{"name":"wp","href":"https:\/\/api.w.org\/{rel}","templated":true}]}}