{"id":69419,"date":"2022-11-28T13:12:59","date_gmt":"2022-11-28T12:12:59","guid":{"rendered":"https:\/\/secureus.se\/produkt\/integrationsmodul-ocbridge-plus\/"},"modified":"2026-04-30T14:44:37","modified_gmt":"2026-04-30T12:44:37","slug":"ajax-integrationsmodul-ocbridge-plus","status":"publish","type":"product","link":"https:\/\/secureus.se\/es\/ajax-integrationsmodul-ocbridge-plus\/","title":{"rendered":"M\u00f3dulo de integraci\u00f3n de Ajax\/ocBridge Plus"},"content":{"rendered":"<h3><strong>M\u00f3dulo de integraci\u00f3n Ajax ocBridge Plus: ampl\u00ede su sistema Ajax con detectores cableados<\/strong><\/h3>\n<p>Ajax ocBridge Plus es un potente m\u00f3dulo de integraci\u00f3n que permite la conexi\u00f3n sencilla de detectores cableados y otros dispositivos a su sistema de seguridad inal\u00e1mbrico Ajax.<\/p>\n<p>El uso de este m\u00f3dulo le permite integrar dispositivos cableados existentes en un sistema completamente inal\u00e1mbrico, lo que lo convierte en una soluci\u00f3n ideal tanto para nuevas instalaciones como para actualizaciones de sistemas m\u00e1s antiguos.<\/p>\n<p>Este m\u00f3dulo abre una variedad de detectores cableados, incluidos detectores de movimiento, sensores de puertas y ventanas y otros componentes de seguridad que tradicionalmente han sido parte de los sistemas de seguridad cableados.<\/p>\n<p><strong>F\u00e1cil integraci\u00f3n y flexibilidad<\/strong><\/p>\n<p>ocBridge Plus est\u00e1 dise\u00f1ado para ser compatible con todos los concentradores Ajax, lo que facilita su integraci\u00f3n en un sistema de seguridad existente.<\/p>\n<p>La tarea del m\u00f3dulo es conectar detectores cableados a las entradas de zona disponibles en un panel de control cableado.<\/p>\n<p>De esta manera, puede aprovechar los beneficios que ofrecen los sistemas inal\u00e1mbricos Ajax, incluidos el control de aplicaciones f\u00e1cil de usar, la instalaci\u00f3n r\u00e1pida y la flexibilidad, mientras sigue utilizando sus dispositivos cableados ya instalados.<\/p>\n<p><strong>Suplemento para sistemas de seguridad m\u00e1s grandes<\/strong><\/p>\n<p>Con ocBridge Plus, puede crear un sistema de seguridad m\u00e1s completo conectando hasta 18 detectores cableados al sistema.<\/p>\n<p>Esto lo convierte en una soluci\u00f3n perfecta para grandes instalaciones donde se necesita una combinaci\u00f3n de componentes inal\u00e1mbricos y cableados.<\/p>\n<p>Al utilizar este m\u00f3dulo, obtendr\u00e1 la mejor cobertura y confiabilidad posibles de su sistema de seguridad.<\/p>\n<p><strong>Instalaci\u00f3n r\u00e1pida y sencilla<\/strong><\/p>\n<p>La instalaci\u00f3n de ocBridge Plus es r\u00e1pida y sencilla. Despu\u00e9s de conectarlo al sistema y a los detectores cableados a trav\u00e9s de los conectores suministrados, puede configurar y controlar f\u00e1cilmente el sistema a trav\u00e9s de la aplicaci\u00f3n Ajax.<\/p>\n<p>Esto le permite tener un sistema de seguridad totalmente funcional y confiable en muy poco tiempo sin necesidad de instalaciones complicadas.<\/p>\n<p><strong>Control y monitoreo remoto<\/strong><\/p>\n<p>Una de las mayores ventajas de Ajax ocBridge Plus es que permite a los usuarios monitorear y controlar todos sus dispositivos conectados, tanto inal\u00e1mbricos como cableados, a trav\u00e9s de la aplicaci\u00f3n Ajax.<\/p>\n<p>Esto proporciona un alto nivel de control del usuario y garantiza que siempre tenga acceso al estado del sistema, sin importar d\u00f3nde se encuentre. El m\u00f3dulo tambi\u00e9n es compatible con las centrales de alarma de Ajax, lo que le permite conectarse a un servicio de monitoreo profesional si lo desea.<\/p>\n<p><strong>Alta seguridad y cifrado<\/strong><\/p>\n<p>Como parte del sistema Ajax, ocBridge Plus ofrece el mismo nivel de seguridad y cifrado que todos los dem\u00e1s dispositivos.<\/p>\n<p>Utiliza encriptaci\u00f3n AES para garantizar que toda la comunicaci\u00f3n entre dispositivos sea segura y est\u00e9 protegida de amenazas externas.<\/p>\n<p>Esto significa que es pr\u00e1cticamente imposible que terceros no autorizados intercepten o manipulen el sistema.<\/p>\n<p><strong>Especificaciones t\u00e9cnicas:<\/strong><\/p>\n<ul>\n<li><strong>Tipo:<\/strong> M\u00f3dulo de integraci\u00f3n para detectores cableados<\/li>\n<li><strong>Compatibilidad:<\/strong> Funciona con todos los concentradores Ajax<\/li>\n<li><strong>Conexiones:<\/strong> Hasta 18 detectores cableados (PIR, sensores de puerta, etc.)<\/li>\n<li><strong>Cifrado:<\/strong> Algoritmo AES<\/li>\n<li><strong>Fuente de alimentaci\u00f3n:<\/strong> 12 V CC<\/li>\n<li><strong>Instalaci\u00f3n:<\/strong> F\u00e1cil instalaci\u00f3n a trav\u00e9s de la aplicaci\u00f3n Ajax<\/li>\n<li><strong>Usar:<\/strong> Interior<\/li>\n<li><strong>Dimensiones:<\/strong> 105 \u00d7 105 \u00d7 28 mm<\/li>\n<li><strong>Peso:<\/strong> 90 gramos<\/li>\n<li><strong>Garantizar:<\/strong> Reemplazo y reparaci\u00f3n dentro de los 24 meses a partir de la fecha de venta.<\/li>\n<\/ul>\n<p><strong>Conclusi\u00f3n:<\/strong><\/p>\n<p>Ajax ocBridge Plus es la soluci\u00f3n perfecta para los usuarios que desean combinar los beneficios de los dispositivos inal\u00e1mbricos y cableados dentro de su sistema de seguridad.<\/p>\n<p>Al integrar f\u00e1cilmente detectores cableados y otros componentes, obtendr\u00e1 un sistema de seguridad m\u00e1s completo y confiable.<\/p>\n<p>La instalaci\u00f3n es f\u00e1cil, la comunicaci\u00f3n es segura y usted obtiene control total sobre su sistema a trav\u00e9s de la aplicaci\u00f3n Ajax.<\/p>\n<p>&nbsp;<\/p>\n<p>&nbsp;<\/p>","protected":false},"excerpt":{"rendered":"<p>Ajax ocBridge Plus es un m\u00f3dulo de integraci\u00f3n que permite conectar detectores y dispositivos cableados a los sistemas de seguridad inal\u00e1mbricos Ajax.<\/p>\n<p>Este accesorio ampl\u00eda la funcionalidad y flexibilidad del sistema al integrar componentes cableados.<\/p>","protected":false},"featured_media":0,"template":"","meta":{"_acf_changed":false},"product_brand":[],"product_cat":[1319],"product_tag":[4863],"class_list":{"0":"post-69419","1":"product","2":"type-product","3":"status-publish","5":"product_cat-ajax-larm","6":"product_tag-pf","7":"product_shipping_class-tunga-paket","8":"pa_ajax-tradlosa-larm-ovriga-tillbehor-monteringsfaste","9":"pa_brands-ajax-systems","10":"tm-no-options","12":"first","13":"onbackorder","14":"sale","15":"featured","16":"taxable","17":"shipping-taxable","18":"purchasable","19":"product-type-simple"},"acf":[],"_links":{"self":[{"href":"https:\/\/secureus.se\/es\/wp-json\/wp\/v2\/product\/69419","targetHints":{"allow":["GET"]}}],"collection":[{"href":"https:\/\/secureus.se\/es\/wp-json\/wp\/v2\/product"}],"about":[{"href":"https:\/\/secureus.se\/es\/wp-json\/wp\/v2\/types\/product"}],"wp:attachment":[{"href":"https:\/\/secureus.se\/es\/wp-json\/wp\/v2\/media?parent=69419"}],"wp:term":[{"taxonomy":"product_brand","embeddable":true,"href":"https:\/\/secureus.se\/es\/wp-json\/wp\/v2\/product_brand?post=69419"},{"taxonomy":"product_cat","embeddable":true,"href":"https:\/\/secureus.se\/es\/wp-json\/wp\/v2\/product_cat?post=69419"},{"taxonomy":"product_tag","embeddable":true,"href":"https:\/\/secureus.se\/es\/wp-json\/wp\/v2\/product_tag?post=69419"}],"curies":[{"name":"wp","href":"https:\/\/api.w.org\/{rel}","templated":true}]}}