{"id":69435,"date":"2022-11-28T12:54:13","date_gmt":"2022-11-28T11:54:13","guid":{"rendered":"https:\/\/secureus.se\/produkt\/monteringsfaste-siren-inomhus-svart\/"},"modified":"2026-03-10T11:01:50","modified_gmt":"2026-03-10T10:01:50","slug":"ajax-smart-bracket-svart-6","status":"publish","type":"product","link":"https:\/\/secureus.se\/es\/ajax-smart-bracket-svart-6\/","title":{"rendered":"Soporte inteligente Ajax Pieza de repuesto Soporte de montaje \/ accesorio Sirena interior negra"},"content":{"rendered":"<h3><strong>Soporte de montaje para sirena interior Ajax Smart Bracket: f\u00e1cil instalaci\u00f3n y cobertura flexible<\/strong><\/h3>\n<p>Ajax Smart Bracket es un soporte de montaje pr\u00e1ctico y f\u00e1cil de usar que hace que la instalaci\u00f3n de las sirenas Ajax en interiores sea sencilla y eficiente.<\/p>\n<p>Est\u00e1 dise\u00f1ado para optimizar la ubicaci\u00f3n de la sirena para obtener la mejor transmisi\u00f3n de sonido y garantizar que su dispositivo Ajax funcione al m\u00e1ximo.<\/p>\n<p>Con un dise\u00f1o duradero y flexible, este soporte proporciona una instalaci\u00f3n estable en superficies verticales o en esquinas, maximizando la efectividad del sistema de seguridad.<\/p>\n<p><strong>Instalaci\u00f3n f\u00e1cil y flexible<\/strong><\/p>\n<p>El soporte inteligente es f\u00e1cil de instalar y se puede montar r\u00e1pidamente en la ubicaci\u00f3n deseada.<\/p>\n<p>Para instalar el detector, retire el panel del soporte inteligente de la sirena y f\u00edjelo a una superficie vertical o a una esquina de la habitaci\u00f3n.<\/p>\n<p>La fijaci\u00f3n se realiza mediante cinta de doble cara u otros sujetadores temporales.<\/p>\n<p>La altura de instalaci\u00f3n recomendada es de 2,4 metros para garantizar un rendimiento \u00f3ptimo de la sirena.<\/p>\n<p>Para garantizar la mejor intensidad de se\u00f1al posible, puede realizar pruebas de intensidad de se\u00f1al utilizando la aplicaci\u00f3n Ajax.<\/p>\n<p>La intensidad de se\u00f1al recomendada para un sistema estable es de dos o tres barras.<\/p>\n<p>Si la se\u00f1al es d\u00e9bil, simplemente puedes mover el dispositivo unos cent\u00edmetros para mejorar la recepci\u00f3n de la se\u00f1al.<\/p>\n<p><strong>Prueba y ajuste de zonas de detecci\u00f3n<\/strong><\/p>\n<p>Al instalar el soporte inteligente Ajax, tambi\u00e9n puede ejecutar una prueba de zona de detecci\u00f3n para asegurarse de que la sirena cubra el \u00e1rea correcta y que no haya obst\u00e1culos que bloqueen la transmisi\u00f3n del sonido.<\/p>\n<p>Al probar las zonas de detecci\u00f3n, puede estar seguro de que la sirena funciona eficazmente en todas las situaciones.<\/p>\n<p>Si nota que el detector no responde correctamente, puede ajustar la ubicaci\u00f3n para obtener mejores resultados.<\/p>\n<p><strong>Funci\u00f3n duradera y estable<\/strong><\/p>\n<p>El soporte de montaje Ajax Smart Bracket est\u00e1 fabricado con materiales duraderos y dise\u00f1ado para un uso a largo plazo.<\/p>\n<p>Para garantizar una instalaci\u00f3n estable, se recomienda asegurar el panel de montaje con los tornillos incluidos.<\/p>\n<p>El panel Smart Bracket tiene orificios espec\u00edficos que permiten fijarlo de forma segura, y con las partes perforadas para detecci\u00f3n de manipulaci\u00f3n, obtienes seguridad adicional para tu instalaci\u00f3n.<\/p>\n<p><strong>Compatibilidad y flexibilidad<\/strong><\/p>\n<p>Este soporte de montaje es perfecto para todas las sirenas Ajax y funciona bien con unidades m\u00e1s antiguas y nuevas.<\/p>\n<p>Proporciona flexibilidad a los usuarios que desean optimizar la seguridad de su hogar o negocio colocando la sirena en la mejor ubicaci\u00f3n posible.<\/p>\n<p><strong>Presupuesto:<\/strong><\/p>\n<ul>\n<li><strong>Tipo de accesorio:<\/strong> Soporte de montaje para sirena Ajax en interiores<\/li>\n<li><strong>Altura de instalaci\u00f3n:<\/strong> Recomendado 2,4 metros<\/li>\n<li><strong>M\u00e9todo de instalaci\u00f3n:<\/strong> Se fija a superficies verticales o esquinas.<\/li>\n<li><strong>Material:<\/strong> Durable y resistente a la intemperie.<\/li>\n<li><strong>Compatibilidad:<\/strong> Compatible con sirenas Ajax<\/li>\n<li><strong>Prueba de intensidad de la se\u00f1al:<\/strong> S\u00ed, a trav\u00e9s de la aplicaci\u00f3n Ajax<\/li>\n<li><strong>Ajuste de la zona de detecci\u00f3n:<\/strong> S\u00ed<\/li>\n<li><strong>Sujetadores:<\/strong> Incluye tornillos y la opci\u00f3n de utilizar otros sujetadores.<\/li>\n<\/ul>\n<p><strong>Conclusi\u00f3n:<\/strong><\/p>\n<p>El soporte de montaje Ajax Smart Bracket para sirenas es un accesorio simple y eficaz para optimizar la instalaci\u00f3n de su sirena.<\/p>\n<p>Al ofrecer durabilidad y flexibilidad, adem\u00e1s de una f\u00e1cil instalaci\u00f3n y ajuste, el soporte inteligente garantiza que su sistema de seguridad funcione de manera \u00f3ptima y brinde la m\u00e1xima protecci\u00f3n para su hogar o negocio.<\/p>","protected":false},"excerpt":{"rendered":"<p>Ajax Smart Bracket es un soporte de montaje para sirenas Ajax en interiores, dise\u00f1ado para instalarse y ajustar la ubicaci\u00f3n f\u00e1cilmente.<\/p>\n<p>Esta soluci\u00f3n proporciona una instalaci\u00f3n estable y segura para una transmisi\u00f3n de alarma eficiente en su sistema de seguridad.<\/p>","protected":false},"featured_media":0,"template":"","meta":{"_acf_changed":false},"product_brand":[],"product_cat":[3128],"product_tag":[4863],"class_list":{"0":"post-69435","1":"product","2":"type-product","3":"status-publish","5":"product_cat-ajax-reservdelar-fasten","6":"product_tag-pf","7":"product_shipping_class-postnord-varubrev","8":"pa_ajax-tradlosa-larm-ovriga-tillbehor-monteringsfaste","9":"pa_brands-ajax-systems","10":"pa_color-svart","11":"pa_farg-svart","12":"tm-no-options","14":"first","15":"instock","16":"sale","17":"featured","18":"taxable","19":"shipping-taxable","20":"purchasable","21":"product-type-simple"},"acf":[],"_links":{"self":[{"href":"https:\/\/secureus.se\/es\/wp-json\/wp\/v2\/product\/69435","targetHints":{"allow":["GET"]}}],"collection":[{"href":"https:\/\/secureus.se\/es\/wp-json\/wp\/v2\/product"}],"about":[{"href":"https:\/\/secureus.se\/es\/wp-json\/wp\/v2\/types\/product"}],"wp:attachment":[{"href":"https:\/\/secureus.se\/es\/wp-json\/wp\/v2\/media?parent=69435"}],"wp:term":[{"taxonomy":"product_brand","embeddable":true,"href":"https:\/\/secureus.se\/es\/wp-json\/wp\/v2\/product_brand?post=69435"},{"taxonomy":"product_cat","embeddable":true,"href":"https:\/\/secureus.se\/es\/wp-json\/wp\/v2\/product_cat?post=69435"},{"taxonomy":"product_tag","embeddable":true,"href":"https:\/\/secureus.se\/es\/wp-json\/wp\/v2\/product_tag?post=69435"}],"curies":[{"name":"wp","href":"https:\/\/api.w.org\/{rel}","templated":true}]}}