{"id":69457,"date":"2022-11-28T11:19:14","date_gmt":"2022-11-28T10:19:14","guid":{"rendered":"https:\/\/secureus.se\/produkt\/monteringsfaste-hub-vit\/"},"modified":"2026-03-30T23:38:17","modified_gmt":"2026-03-30T21:38:17","slug":"ajax-smart-bracket-faste-hub-vit","status":"publish","type":"product","link":"https:\/\/secureus.se\/es\/ajax-smart-bracket-faste-hub-vit\/","title":{"rendered":"Soporte inteligente Ajax, repuesto de soporte de montaje\/cubo de accesorios, blanco"},"content":{"rendered":"<h3>El soporte de montaje inteligente Ajax para Hub es la soluci\u00f3n perfecta para instalar Ajax Hub de manera f\u00e1cil y eficiente en su hogar o negocio.<\/h3>\n<p>Con su construcci\u00f3n robusta y opciones de instalaci\u00f3n flexibles, el soporte inteligente proporciona la estabilidad y la seguridad necesarias para garantizar que su sistema de seguridad funcione de manera \u00f3ptima.<\/p>\n<p>Este panel de montaje est\u00e1 dise\u00f1ado espec\u00edficamente para fijar el Ajax Hub a una superficie vertical o en una esquina de la habitaci\u00f3n, lo que hace que la instalaci\u00f3n sea sencilla y ahorre espacio.<\/p>\n<p>La instalaci\u00f3n toma un par de minutos y se incluyen todos los tornillos y sujetadores necesarios para garantizar que la unidad est\u00e9 fijada de forma segura.<\/p>\n<p>Es una soluci\u00f3n sencilla para mantener su Ajax Hub en su lugar y garantizar que todos los componentes de su sistema est\u00e9n conectados y funcionando de manera \u00f3ptima.<\/p>\n<p>Para optimizar la instalaci\u00f3n y garantizar la mejor intensidad de se\u00f1al, puede utilizar pruebas de intensidad de se\u00f1al para verificar que el Ajax Hub tenga la mejor calidad de comunicaci\u00f3n posible con otros dispositivos, como Jewels y Wings.<\/p>\n<p>Si la intensidad de la se\u00f1al es demasiado baja, puede ajustar la ubicaci\u00f3n o utilizar un ReX 2 para ampliar la cobertura de radio.<\/p>\n<p><strong>La instalaci\u00f3n se realiza en unos sencillos pasos:<\/strong><\/p>\n<ol>\n<li>Retire el panel de montaje del soporte inteligente del dispositivo.<\/li>\n<li>Fije el panel a una superficie vertical o una esquina de la habitaci\u00f3n con cinta de doble cara o tornillos.<\/li>\n<li>Instale el dispositivo en el panel y aj\u00fastelo para garantizar una intensidad de se\u00f1al \u00f3ptima.<\/li>\n<li>Utilice las funciones de la aplicaci\u00f3n Ajax para probar y ajustar la se\u00f1al seg\u00fan sea necesario.<\/li>\n<\/ol>\n<p>Esto hace que esta soluci\u00f3n no s\u00f3lo sea sencilla sino tambi\u00e9n flexible para adaptarse a sus necesidades espec\u00edficas de espacio y seguridad.<\/p>\n<p><strong>Ventajas del soporte de montaje inteligente Ajax:<\/strong><\/p>\n<ul>\n<li><strong>Instalaci\u00f3n estable:<\/strong> Asegura que su Hub est\u00e9 montado correctamente y estable.<\/li>\n<li><strong>Uso flexible:<\/strong> Se puede instalar en una superficie vertical o en una esquina de la habitaci\u00f3n para adaptarse a su dise\u00f1o interior.<\/li>\n<li><strong>Compatibilidad:<\/strong> Funciona perfectamente con todos los dispositivos Ajax Hub.<\/li>\n<li><strong>Intensidad de se\u00f1al \u00f3ptima:<\/strong> Mediante el uso de pruebas, puede garantizar la mejor comunicaci\u00f3n posible entre dispositivos.<\/li>\n<li><strong>F\u00e1cil instalaci\u00f3n:<\/strong> Se incluyen sujetadores para facilitar la instalaci\u00f3n.<\/li>\n<\/ul>\n<p><strong>Especificaciones t\u00e9cnicas:<\/strong><\/p>\n<ul>\n<li><strong>Compatibilidad:<\/strong> Centro Ajax, Centro Plus<\/li>\n<li><strong>M\u00e9todo de instalaci\u00f3n:<\/strong> Montaje en pared o en esquina.<\/li>\n<li><strong>Accesorios incluidos:<\/strong> Tornillos de montaje y cinta adhesiva de doble cara<\/li>\n<li><strong>Material:<\/strong> Pl\u00e1stico y metal robustos<\/li>\n<li><strong>Pintar:<\/strong> Negro<\/li>\n<li><strong>Medida:<\/strong> Dimensiones personalizadas para una f\u00e1cil instalaci\u00f3n<\/li>\n<\/ul>","protected":false},"excerpt":{"rendered":"<p>El soporte de montaje para concentrador Ajax Smart Bracket es una soluci\u00f3n flexible y segura para instalar su concentrador Ajax en una superficie vertical o en una esquina.<\/p>\n<p>Facilita la instalaci\u00f3n y proporciona estabilidad al sistema de seguridad, garantizando una comunicaci\u00f3n confiable entre dispositivos.<\/p>","protected":false},"featured_media":0,"template":"","meta":{"_acf_changed":false},"product_brand":[],"product_cat":[3128],"product_tag":[],"class_list":{"0":"post-69457","1":"product","2":"type-product","3":"status-publish","5":"product_cat-ajax-reservdelar-fasten","6":"product_shipping_class-postnord-varubrev","7":"pa_ajax-tradlosa-larm-ovriga-tillbehor-monteringsfaste","8":"pa_brands-ajax-systems","9":"pa_color-vit","10":"pa_farg-vit","11":"tm-no-options","13":"first","14":"onbackorder","15":"sale","16":"featured","17":"taxable","18":"shipping-taxable","19":"purchasable","20":"product-type-simple"},"acf":[],"_links":{"self":[{"href":"https:\/\/secureus.se\/es\/wp-json\/wp\/v2\/product\/69457","targetHints":{"allow":["GET"]}}],"collection":[{"href":"https:\/\/secureus.se\/es\/wp-json\/wp\/v2\/product"}],"about":[{"href":"https:\/\/secureus.se\/es\/wp-json\/wp\/v2\/types\/product"}],"wp:attachment":[{"href":"https:\/\/secureus.se\/es\/wp-json\/wp\/v2\/media?parent=69457"}],"wp:term":[{"taxonomy":"product_brand","embeddable":true,"href":"https:\/\/secureus.se\/es\/wp-json\/wp\/v2\/product_brand?post=69457"},{"taxonomy":"product_cat","embeddable":true,"href":"https:\/\/secureus.se\/es\/wp-json\/wp\/v2\/product_cat?post=69457"},{"taxonomy":"product_tag","embeddable":true,"href":"https:\/\/secureus.se\/es\/wp-json\/wp\/v2\/product_tag?post=69457"}],"curies":[{"name":"wp","href":"https:\/\/api.w.org\/{rel}","templated":true}]}}