{"id":69514,"date":"2022-11-28T11:05:31","date_gmt":"2022-11-28T10:05:31","guid":{"rendered":"https:\/\/secureus.se\/produkt\/passerbricka-ajax-mifare-desfire-vit-2\/"},"modified":"2026-03-31T14:17:46","modified_gmt":"2026-03-31T12:17:46","slug":"ajax-tag-passerbricka-mifare-desfire-vit","status":"publish","type":"product","link":"https:\/\/secureus.se\/es\/ajax-tag-passerbricka-mifare-desfire-vit\/","title":{"rendered":"Etiqueta Ajax (blanca): etiqueta para KeyPad Plus y pantalla t\u00e1ctil"},"content":{"rendered":"<h3>La credencial de acceso Ajax Tag Mifare DESFire es una soluci\u00f3n de seguridad avanzada que proporciona acceso r\u00e1pido a su sistema de seguridad Ajax.<\/h3>\n<p>La tecnolog\u00eda sin contacto permite activar o desactivar la alarma simplemente acercando el llavero al KeyPad Plus o al KeyPad TouchScreen.<\/p>\n<p>Es una excelente opci\u00f3n tanto para hogares como para empresas, donde la seguridad y la facilidad de uso son cruciales.<\/p>\n<p>La etiqueta utiliza la tecnolog\u00eda Mifare DESFire altamente encriptada y segura, que se basa en el est\u00e1ndar ISO 14443, lo que significa que s\u00f3lo los usuarios autorizados pueden acceder al sistema.<\/p>\n<p>La tecnolog\u00eda proporciona encriptaci\u00f3n de 128 bits y protecci\u00f3n contra copia, brind\u00e1ndole una soluci\u00f3n segura y confiable para administrar su sistema de seguridad sin tener que recordar contrase\u00f1as o crear cuentas de usuario.<\/p>\n<p>Esta tecnolog\u00eda tambi\u00e9n se utiliza en los sistemas de transporte de las capitales europeas y en los sistemas de acceso de la NASA.<\/p>\n<p>Una de las mayores ventajas de Ajax Tag es su simplicidad. Para agregar un nuevo llavero al sistema, simplemente abra la aplicaci\u00f3n Ajax, vaya a configuraci\u00f3n y sostenga el llavero cerca de un dispositivo KeyPad compatible.<\/p>\n<p>No es necesario crear una cuenta ni realizar ninguna instalaci\u00f3n complicada. Esto hace que sea especialmente f\u00e1cil otorgar derechos de acceso temporales a otras personas, como invitados o empleados, asign\u00e1ndoles una etiqueta espec\u00edfica sin tener que crear cuentas de usuario.<\/p>\n<p>El token de acceso Ajax Tag se puede conectar a hasta 13 concentradores, lo que le brinda la flexibilidad de controlar m\u00faltiples sistemas de seguridad desde el mismo llavero.<\/p>\n<p>A trav\u00e9s de la aplicaci\u00f3n Ajax, el administrador del sistema puede administrar f\u00e1cilmente todas las etiquetas asignadas y tambi\u00e9n ajustar los permisos de acceso o revocar el acceso si es necesario.<\/p>\n<p>Todos los cambios y acciones de acceso se registran en el registro de eventos, lo que significa que siempre tendr\u00e1 control total y visibilidad sobre cu\u00e1ndo y qui\u00e9n ha activado o desactivado el sistema de seguridad.<\/p>\n<p>La etiqueta funciona en un rango de temperatura de -10 \u00b0C a +40 \u00b0C y tiene una vida \u00fatil de hasta 10 a\u00f1os, lo que la convierte en una soluci\u00f3n sustentable para uso a largo plazo.<\/p>\n<p>Adem\u00e1s, tiene un peso muy reducido, tan solo 7 gramos, y un dise\u00f1o compacto, lo que lo hace f\u00e1cil de transportar y c\u00f3modo de usar.<\/p>\n<p><strong>Especificaciones t\u00e9cnicas:<\/strong><\/p>\n<ul>\n<li><strong>Tecnolog\u00eda de la comunicaci\u00f3n:<\/strong> Mifare DESFire\u00ae<\/li>\n<li><strong>Est\u00e1ndar operacional:<\/strong> ISO 14443-A (13,56 MHz)<\/li>\n<li><strong>Cifrado:<\/strong> cifrado de 128 bits<\/li>\n<li><strong>N\u00famero de concentradores conectados:<\/strong> Hasta 13 concentradores<\/li>\n<li><strong>Compatibilidad:<\/strong> Funciona con KeyPad Plus y KeyPad TouchScreen<\/li>\n<li><strong>Temperatura de trabajo:<\/strong> De -10\u00b0C a +40\u00b0C<\/li>\n<li><strong>Humedad:<\/strong> Hasta 75%<\/li>\n<li><strong>Dimensiones:<\/strong> 45 \u00d7 32 \u00d7 6 mm<\/li>\n<li><strong>Peso:<\/strong> 7 gramos<\/li>\n<\/ul>","protected":false},"excerpt":{"rendered":"<p>La credencial de acceso Ajax Tag Mifare DESFire es una credencial de llave encriptada y sin contacto para un acceso r\u00e1pido y seguro a su sistema de seguridad Ajax.<\/p>\n<p>Dise\u00f1ado para funcionar con KeyPad Plus y TouchScreen, le permite armar y desarmar el sistema de seguridad sin una contrase\u00f1a o cuenta de usuario.<\/p>","protected":false},"featured_media":158365,"template":"","meta":{"_acf_changed":false},"product_brand":[],"product_cat":[3164,1319],"product_tag":[3127,2137,4863],"class_list":{"0":"post-69514","1":"product","2":"type-product","3":"status-publish","4":"has-post-thumbnail","6":"product_cat-larmstyrning","7":"product_cat-ajax-larm","8":"product_tag-kontrollprodukt","9":"product_tag-lager-ajax","10":"product_tag-pf","11":"product_shipping_class-postnord-varubrev","12":"pa_ajax-tradlosa-larm-ovriga-tillbehor-monteringsfaste","13":"pa_brands-ajax-systems","14":"pa_color-vit","15":"pa_farg-vit","16":"tm-no-options","18":"first","19":"instock","20":"sale","21":"featured","22":"taxable","23":"shipping-taxable","24":"purchasable","25":"product-type-simple"},"acf":[],"_links":{"self":[{"href":"https:\/\/secureus.se\/es\/wp-json\/wp\/v2\/product\/69514","targetHints":{"allow":["GET"]}}],"collection":[{"href":"https:\/\/secureus.se\/es\/wp-json\/wp\/v2\/product"}],"about":[{"href":"https:\/\/secureus.se\/es\/wp-json\/wp\/v2\/types\/product"}],"wp:featuredmedia":[{"embeddable":true,"href":"https:\/\/secureus.se\/es\/wp-json\/wp\/v2\/media\/158365"}],"wp:attachment":[{"href":"https:\/\/secureus.se\/es\/wp-json\/wp\/v2\/media?parent=69514"}],"wp:term":[{"taxonomy":"product_brand","embeddable":true,"href":"https:\/\/secureus.se\/es\/wp-json\/wp\/v2\/product_brand?post=69514"},{"taxonomy":"product_cat","embeddable":true,"href":"https:\/\/secureus.se\/es\/wp-json\/wp\/v2\/product_cat?post=69514"},{"taxonomy":"product_tag","embeddable":true,"href":"https:\/\/secureus.se\/es\/wp-json\/wp\/v2\/product_tag?post=69514"}],"curies":[{"name":"wp","href":"https:\/\/api.w.org\/{rel}","templated":true}]}}