{"id":69516,"date":"2022-11-28T11:05:31","date_gmt":"2022-11-28T10:05:31","guid":{"rendered":"https:\/\/secureus.se\/produkt\/fjarrkontroll-tradlos-svart\/"},"modified":"2026-04-02T10:43:45","modified_gmt":"2026-04-02T08:43:45","slug":"ajax-spacecontrol-fjarrkontroll-svart","status":"publish","type":"product","link":"https:\/\/secureus.se\/es\/ajax-spacecontrol-fjarrkontroll-svart\/","title":{"rendered":"Control remoto Ajax SpaceControl negro"},"content":{"rendered":"<h3>Ajax SpaceControl es un control remoto innovador y f\u00e1cil de usar dise\u00f1ado para brindarle control total sobre su sistema de seguridad.<\/h3>\n<p>A trav\u00e9s de cuatro botones programables, puedes activar o desactivar f\u00e1cilmente diferentes modos de seguridad, as\u00ed como disparar una alarma de emergencia a trav\u00e9s del bot\u00f3n de p\u00e1nico dedicado.<\/p>\n<p>Este control remoto es la herramienta perfecta para administrar de manera r\u00e1pida y sencilla su sistema de alarma de forma c\u00f3moda, ya sea que est\u00e9 en su casa o en la oficina.<\/p>\n<p>Una de las caracter\u00edsticas m\u00e1s destacadas de Ajax SpaceControl es el bot\u00f3n de p\u00e1nico incorporado.<\/p>\n<p>Si ocurre una emergencia, puede activar inmediatamente la alarma y obtener ayuda. El bot\u00f3n de p\u00e1nico env\u00eda se\u00f1ales de alarma tanto a la compa\u00f1\u00eda de seguridad como a todos los dispositivos conectados en su sistema, lo que permite enviar ayuda r\u00e1pidamente.<\/p>\n<p>Esto es especialmente importante en caso de robo u otra emergencia donde una respuesta r\u00e1pida puede ser crucial.<\/p>\n<p>Para garantizar la m\u00e1xima seguridad y evitar la falsificaci\u00f3n, Ajax SpaceControl est\u00e1 equipado con tecnolog\u00eda de autenticaci\u00f3n.<\/p>\n<p>Esto permite que s\u00f3lo los usuarios autorizados se conecten y utilicen el control remoto, evitando el acceso no autorizado y la manipulaci\u00f3n.<\/p>\n<p>Adem\u00e1s, utiliza canales de comunicaci\u00f3n cifrados y tiene detecci\u00f3n de interferencias incorporada, que protege al sistema contra posibles interferencias y ataques.<\/p>\n<p>Otra caracter\u00edstica pr\u00e1ctica es la comunicaci\u00f3n bidireccional que permite confirmar que sus comandos se han ejecutado correctamente.<\/p>\n<p>Cuando se env\u00eda un comando, el control remoto lo indicar\u00e1 parpadeando un color, brind\u00e1ndole informaci\u00f3n visual de que el sistema de seguridad ha recibido y procesado su comando.<\/p>\n<p>Esto minimiza el riesgo de malentendidos y permite al usuario estar completamente seguro de que se ha tomado la acci\u00f3n correcta.<\/p>\n<p>Ajax SpaceControl tambi\u00e9n es muy f\u00e1cil de usar. No tiene que preocuparse por instalaciones complicadas o configuraciones de usuario.<\/p>\n<p>El control remoto est\u00e1 listo para usar desde el primer momento y se conecta f\u00e1cilmente a su sistema de seguridad Ajax a trav\u00e9s de la aplicaci\u00f3n m\u00f3vil.<\/p>\n<p>Con una duraci\u00f3n de bater\u00eda de hasta cinco a\u00f1os y un dise\u00f1o compacto de solo 13 gramos, es pr\u00e1ctico y duradero.<\/p>\n<p>Este control remoto funciona muy bien con todos los concentradores Ajax, extensores de rango, ocBridge Plus y uartBridge y tiene un alcance de comunicaci\u00f3n de hasta 1300 metros en terreno abierto, lo que le brinda flexibilidad y control desde casi cualquier lugar de su propiedad.<\/p>\n<p><strong>Especificaciones t\u00e9cnicas:<\/strong><\/p>\n<ul>\n<li><strong>Tipo de dispositivo:<\/strong> Control remoto de cuatro botones<\/li>\n<li><strong>Caracter\u00edsticas:<\/strong> Gesti\u00f3n de alarmas, bot\u00f3n de p\u00e1nico, comunicaci\u00f3n bidireccional.<\/li>\n<li><strong>Compatibilidad:<\/strong> Funciona con todos los concentradores y extensores de rango Ajax<\/li>\n<li><strong>Cifrado:<\/strong> Cifrado AES de 128 bits<\/li>\n<li><strong>Duraci\u00f3n de la bater\u00eda:<\/strong> Hasta 5 a\u00f1os (bater\u00eda CR2032)<\/li>\n<li><strong>Rango de temperatura:<\/strong> De -25\u00b0C a +50\u00b0C<\/li>\n<li><strong>Humedad:<\/strong> Hasta 95%<\/li>\n<li><strong>Medida:<\/strong> 65 \u00d7 37 \u00d7 10 mm<\/li>\n<li><strong>Peso:<\/strong> 13 gramos<\/li>\n<li><strong>Garantizar:<\/strong> 24 meses (Las bater\u00edas no est\u00e1n cubiertas por la garant\u00eda)<\/li>\n<\/ul>","protected":false},"excerpt":{"rendered":"<p>Ajax SpaceControl es un control remoto inal\u00e1mbrico para una gesti\u00f3n f\u00e1cil y segura de su sistema de seguridad.<\/p>\n<p>Con caracter\u00edsticas como bot\u00f3n de p\u00e1nico, autenticaci\u00f3n y comunicaci\u00f3n bidireccional, proporciona un control efectivo y mayor seguridad.<\/p>","protected":false},"featured_media":156280,"template":"","meta":{"_acf_changed":false},"product_brand":[],"product_cat":[3164,1319],"product_tag":[3127,2137,4863],"class_list":{"0":"post-69516","1":"product","2":"type-product","3":"status-publish","4":"has-post-thumbnail","6":"product_cat-larmstyrning","7":"product_cat-ajax-larm","8":"product_tag-kontrollprodukt","9":"product_tag-lager-ajax","10":"product_tag-pf","11":"product_shipping_class-postnord-varubrev","12":"pa_ajax-tradlosa-larm-fjarr-overfallsknapp","13":"pa_brands-ajax-systems","14":"pa_color-svart","15":"pa_farg-svart","16":"tm-no-options","18":"first","19":"instock","20":"sale","21":"featured","22":"taxable","23":"shipping-taxable","24":"purchasable","25":"product-type-simple"},"acf":[],"_links":{"self":[{"href":"https:\/\/secureus.se\/es\/wp-json\/wp\/v2\/product\/69516","targetHints":{"allow":["GET"]}}],"collection":[{"href":"https:\/\/secureus.se\/es\/wp-json\/wp\/v2\/product"}],"about":[{"href":"https:\/\/secureus.se\/es\/wp-json\/wp\/v2\/types\/product"}],"wp:featuredmedia":[{"embeddable":true,"href":"https:\/\/secureus.se\/es\/wp-json\/wp\/v2\/media\/156280"}],"wp:attachment":[{"href":"https:\/\/secureus.se\/es\/wp-json\/wp\/v2\/media?parent=69516"}],"wp:term":[{"taxonomy":"product_brand","embeddable":true,"href":"https:\/\/secureus.se\/es\/wp-json\/wp\/v2\/product_brand?post=69516"},{"taxonomy":"product_cat","embeddable":true,"href":"https:\/\/secureus.se\/es\/wp-json\/wp\/v2\/product_cat?post=69516"},{"taxonomy":"product_tag","embeddable":true,"href":"https:\/\/secureus.se\/es\/wp-json\/wp\/v2\/product_tag?post=69516"}],"curies":[{"name":"wp","href":"https:\/\/api.w.org\/{rel}","templated":true}]}}