{"id":69523,"date":"2022-11-28T11:05:31","date_gmt":"2022-11-28T10:05:31","guid":{"rendered":"https:\/\/secureus.se\/produkt\/vattendetektor-tradlos-vit\/"},"modified":"2026-04-30T15:51:22","modified_gmt":"2026-04-30T13:51:22","slug":"ajax-leaksprotect-vattendetektor-vit","status":"publish","type":"product","link":"https:\/\/secureus.se\/es\/ajax-leaksprotect-vattendetektor-vit\/","title":{"rendered":"Detector de agua inal\u00e1mbrico Ajax LeaksProtect Blanco"},"content":{"rendered":"<h3><strong>Ajax LeaksProtect: detector de agua inal\u00e1mbrico para inundaciones<\/strong><\/h3>\n<p>Ajax LeaksProtect es un detector de agua inal\u00e1mbrico avanzado y confiable dise\u00f1ado para proteger su hogar o negocio de los da\u00f1os graves causados por fugas de agua.<\/p>\n<p>Con tecnolog\u00eda innovadora y caracter\u00edsticas de alta calidad, este detector garantiza que usted est\u00e9 informado r\u00e1pidamente de cualquier fuga antes de que cause da\u00f1os importantes.<\/p>\n<p><strong>Detecci\u00f3n r\u00e1pida y alarma:<\/strong> LeaksProtect reacciona inmediatamente ante las primeras se\u00f1ales de fuga y activa una alarma para informar al usuario y a la empresa de seguridad del problema.<\/p>\n<p>La detecci\u00f3n r\u00e1pida le permite tomar medidas oportunas y minimizar cualquier da\u00f1o a la propiedad.<\/p>\n<p><strong>Dise\u00f1o compacto y discreto:<\/strong> Con una altura de solo 14 mm, LeaksProtect es incre\u00edblemente discreto y se puede colocar en casi cualquier superficie.<\/p>\n<p>Esto permite su instalaci\u00f3n en lugares de dif\u00edcil acceso, como debajo del fregadero, cerca de ventanas, cerca de tuber\u00edas o debajo de electrodom\u00e9sticos donde pueden producirse fugas.<\/p>\n<p><strong>Tecnolog\u00eda innovadora para la confiabilidad:<\/strong> El detector est\u00e1 equipado con cuatro pares de contactos sensibles al agua que cubren toda la superficie del dispositivo.<\/p>\n<p>Tan pronto como una de las partes en contacto entra en contacto con el agua, el dispositivo emite una alarma y env\u00eda una se\u00f1al al concentrador Ajax. Esto permite que el sistema identifique y repare fugas r\u00e1pidamente.<\/p>\n<p><strong>Bater\u00eda de larga duraci\u00f3n y f\u00e1cil instalaci\u00f3n:<\/strong> LeaksProtect est\u00e1 dise\u00f1ado para ser eficaz y duradero.<\/p>\n<p>Utiliza dos pilas AAA y tiene una duraci\u00f3n de hasta 5 a\u00f1os.<\/p>\n<p>La instalaci\u00f3n es sencilla y no requiere un proceso de montaje complicado: simplemente col\u00f3quelo en una superficie horizontal donde haya riesgo de fugas y estar\u00e1 listo para usar.<\/p>\n<p><strong>Clasificaci\u00f3n IP65:<\/strong> Con su clasificaci\u00f3n de protecci\u00f3n IP65, LeaksProtect es resistente al polvo y al agua, lo que lo hace adecuado para su uso tanto en interiores como en exteriores.<\/p>\n<p><strong>Cierre autom\u00e1tico del agua:<\/strong> Cuando LeaksProtect est\u00e1 conectado a un dispositivo WaterStop, el sistema puede cortar autom\u00e1ticamente el suministro de agua cuando se detectan fugas.<\/p>\n<p>Esto evita posibles inundaciones y da\u00f1os por agua, proporcionando una capa adicional de seguridad y protecci\u00f3n.<\/p>\n<p><strong>Monitoreo remoto a trav\u00e9s de la aplicaci\u00f3n Ajax:<\/strong> Al igual que otros dispositivos Ajax, LeaksProtect est\u00e1 completamente integrado en el ecosistema Ajax, lo que significa que puede monitorear y controlar el detector a trav\u00e9s de la aplicaci\u00f3n Ajax en su tel\u00e9fono inteligente.<\/p>\n<p>Recibir\u00e1s notificaciones push en caso de alarmas y podr\u00e1s actuar r\u00e1pidamente para evitar da\u00f1os.<\/p>\n<p><strong>Ventajas:<\/strong><\/p>\n<ul>\n<li><strong>Detecci\u00f3n r\u00e1pida y eficiente de fugas de agua<\/strong> para minimizar los da\u00f1os.<\/li>\n<li><strong>Bater\u00eda de larga duraci\u00f3n<\/strong> de hasta 5 a\u00f1os para un funcionamiento confiable sin mantenimiento continuo.<\/li>\n<li><strong>Dise\u00f1o compacto<\/strong> Lo que hace que sea f\u00e1cil de instalar en zonas de dif\u00edcil acceso.<\/li>\n<li><strong>Protecci\u00f3n IP65<\/strong> Para uso tanto en interiores como en exteriores.<\/li>\n<li><strong>Corte autom\u00e1tico de agua<\/strong> mediante la integraci\u00f3n con WaterStop para evitar da\u00f1os mayores.<\/li>\n<li><strong>Control y monitorizaci\u00f3n remota<\/strong> a trav\u00e9s de la aplicaci\u00f3n Ajax para un control constante.<\/li>\n<\/ul>\n<p><strong>Especificaciones t\u00e9cnicas:<\/strong><\/p>\n<ul>\n<li><strong>Duraci\u00f3n de la bater\u00eda:<\/strong> Hasta 5 a\u00f1os.<\/li>\n<li><strong>\u00c1rea de comunicaci\u00f3n:<\/strong> Hasta 1300 m (en terreno abierto).<\/li>\n<li><strong>Clase de protecci\u00f3n:<\/strong> IP65 (resistente al agua y al polvo).<\/li>\n<li><strong>M\u00e9todo de instalaci\u00f3n:<\/strong> Colocado sobre una superficie horizontal.<\/li>\n<li><strong>Fuente de alimentaci\u00f3n:<\/strong> 2 pilas AAA.<\/li>\n<li><strong>Medida:<\/strong> 56 \u00d7 56 \u00d7 14 mm.<\/li>\n<li><strong>Peso:<\/strong> 40 gramos.<\/li>\n<\/ul>\n<p>Proteja su hogar o negocio contra da\u00f1os por agua con Ajax LeaksProtect.<\/p>\n<p>Su detecci\u00f3n r\u00e1pida, comunicaci\u00f3n confiable y bater\u00eda de larga duraci\u00f3n lo convierten en una parte indispensable de su sistema de seguridad.<\/p>","protected":false},"excerpt":{"rendered":"<p>Ajax LeaksProtect es un detector de inundaciones inal\u00e1mbrico que detecta r\u00e1pidamente fugas de agua y advierte a los usuarios mediante alarmas.<\/p>\n<p>Se integra con su sistema Ajax y ayuda a proteger su hogar o negocio contra posibles da\u00f1os por agua.<\/p>","protected":false},"featured_media":155448,"template":"","meta":{"_acf_changed":false},"product_brand":[],"product_cat":[3158,1319],"product_tag":[3127,2137,4863],"class_list":{"0":"post-69523","1":"product","2":"type-product","3":"status-publish","4":"has-post-thumbnail","6":"product_cat-vattenlarm-och-fuktlarm","7":"product_cat-ajax-larm","8":"product_tag-kontrollprodukt","9":"product_tag-lager-ajax","10":"product_tag-pf","11":"product_shipping_class-postnord-varubrev","12":"pa_ajax-tradlosa-larm-fuktlarm","13":"pa_brands-ajax-systems","14":"pa_color-vit","15":"pa_farg-vit","16":"tm-no-options","18":"first","19":"instock","20":"sale","21":"featured","22":"taxable","23":"shipping-taxable","24":"purchasable","25":"product-type-simple"},"acf":[],"_links":{"self":[{"href":"https:\/\/secureus.se\/es\/wp-json\/wp\/v2\/product\/69523","targetHints":{"allow":["GET"]}}],"collection":[{"href":"https:\/\/secureus.se\/es\/wp-json\/wp\/v2\/product"}],"about":[{"href":"https:\/\/secureus.se\/es\/wp-json\/wp\/v2\/types\/product"}],"wp:featuredmedia":[{"embeddable":true,"href":"https:\/\/secureus.se\/es\/wp-json\/wp\/v2\/media\/155448"}],"wp:attachment":[{"href":"https:\/\/secureus.se\/es\/wp-json\/wp\/v2\/media?parent=69523"}],"wp:term":[{"taxonomy":"product_brand","embeddable":true,"href":"https:\/\/secureus.se\/es\/wp-json\/wp\/v2\/product_brand?post=69523"},{"taxonomy":"product_cat","embeddable":true,"href":"https:\/\/secureus.se\/es\/wp-json\/wp\/v2\/product_cat?post=69523"},{"taxonomy":"product_tag","embeddable":true,"href":"https:\/\/secureus.se\/es\/wp-json\/wp\/v2\/product_tag?post=69523"}],"curies":[{"name":"wp","href":"https:\/\/api.w.org\/{rel}","templated":true}]}}