{"id":69530,"date":"2022-11-28T11:05:31","date_gmt":"2022-11-28T10:05:31","guid":{"rendered":"https:\/\/secureus.se\/produkt\/siren-utomhus-tradlos-svart\/"},"modified":"2026-04-01T11:12:11","modified_gmt":"2026-04-01T09:12:11","slug":"ajax-streetsiren-siren-utomhus-svart","status":"publish","type":"product","link":"https:\/\/secureus.se\/es\/ajax-streetsiren-siren-utomhus-svart\/","title":{"rendered":"Sirena Ajax StreetSiren para exteriores inal\u00e1mbrica negra"},"content":{"rendered":"<h3>Ajax StreetSiren es la soluci\u00f3n de seguridad perfecta para uso tanto en interiores como en exteriores.<\/h3>\n<p>Con un potente nivel de sonido de hasta 113 dB y un bisel LED que ofrece indicaci\u00f3n de alarma visual, esta sirena inal\u00e1mbrica garantiza que la alarma se escuche y se vea desde larga distancia.<\/p>\n<p>StreetSiren est\u00e1 dise\u00f1ado para ahuyentar a los intrusos y atraer la atenci\u00f3n durante eventos de alarma, lo que lo convierte en una soluci\u00f3n ideal tanto para propiedades residenciales como comerciales.<\/p>\n<p>El dispositivo est\u00e1 equipado con varias funciones de seguridad para evitar su manipulaci\u00f3n. Tiene detecci\u00f3n de interferencias, lo que significa que puede detectar y responder a interferencias.<\/p>\n<p>Adem\u00e1s, la sirena incluye un sensor de manipulaci\u00f3n y un aceler\u00f3metro que se activa si alguien intenta quitar o mover el dispositivo. Si se abre o se da\u00f1a la sirena, se activa inmediatamente una alarma antimanipulaci\u00f3n.<\/p>\n<p>La StreetSiren tiene una impresionante duraci\u00f3n de bater\u00eda de hasta 5 a\u00f1os con las bater\u00edas CR123A preinstaladas, y tambi\u00e9n existe la opci\u00f3n de conectar una fuente de alimentaci\u00f3n externa de 12 V para garantizar que la sirena funcione sin interrupciones.<\/p>\n<p>La sirena tiene una clase de protecci\u00f3n IP54, lo que significa que est\u00e1 protegida tanto contra el polvo como contra el agua, por lo que puede colocarse tanto en interiores como en exteriores.<\/p>\n<p>La sirena funciona en un amplio rango de temperatura, desde -25 \u00b0C a +50 \u00b0C, y es lo suficientemente robusta para soportar entornos hostiles.<\/p>\n<p>Otra ventaja de Ajax StreetSiren es su flexibilidad. El nivel de sonido se puede ajustar de 85 dB a 113 dB y la duraci\u00f3n de la alarma se puede configurar entre 3 segundos y 3 minutos.<\/p>\n<p>Esto permite al usuario personalizar el volumen y la duraci\u00f3n de la sirena seg\u00fan sus propias necesidades y preferencias. Para mayor visibilidad e indicaci\u00f3n, se puede conectar una luz LED externa a la sirena.<\/p>\n<p>La instalaci\u00f3n y configuraci\u00f3n son sencillas y se pueden realizar r\u00e1pidamente a trav\u00e9s de la aplicaci\u00f3n Ajax. Al utilizar el panel de montaje SmartBracket incluido, la sirena se puede montar en tan solo unos minutos.<\/p>\n<p>La comunicaci\u00f3n inal\u00e1mbrica a trav\u00e9s de la tecnolog\u00eda Jeweller permite conectar y configurar la sirena sin complicaciones.<\/p>\n<p><strong>Especificaciones t\u00e9cnicas:<\/strong><\/p>\n<ul>\n<li><strong>Tipo:<\/strong> Sirena inal\u00e1mbrica para instalaci\u00f3n interior y exterior.<\/li>\n<li><strong>Volumen del sonido:<\/strong> Ajustable entre 85 dB y 113 dB a una distancia de 1 metro<\/li>\n<li><strong>Duraci\u00f3n de la alarma:<\/strong> Ajustable entre 3 segundos y 3 minutos.<\/li>\n<li><strong>Fuente de alimentaci\u00f3n:<\/strong> 4 bater\u00edas CR123A (preinstaladas) o fuente de alimentaci\u00f3n externa de 12 V<\/li>\n<li><strong>Duraci\u00f3n de la bater\u00eda:<\/strong> Hasta 5 a\u00f1os<\/li>\n<li><strong>Clase de protecci\u00f3n:<\/strong> IP54 (resistente al agua y al polvo)<\/li>\n<li><strong>Protocolo de comunicaci\u00f3n:<\/strong> Joyero<\/li>\n<li><strong>Rango de temperatura:<\/strong> -25\u00b0C a +50\u00b0C<\/li>\n<li><strong>Medida:<\/strong> 200 \u00d7 200 \u00d7 51 mm<\/li>\n<li><strong>Peso:<\/strong> 528 gramos<\/li>\n<li><strong>Altura de instalaci\u00f3n:<\/strong> Altura recomendada 2,5 metros o m\u00e1s<\/li>\n<\/ul>","protected":false},"excerpt":{"rendered":"<p>Ajax StreetSiren es una potente sirena inal\u00e1mbrica para exteriores con un volumen de hasta 113 dB y un marco LED para indicaci\u00f3n visual de alarma.<\/p>\n<p>Dise\u00f1ado para instalaciones tanto interiores como exteriores, es una soluci\u00f3n de seguridad eficaz para ahuyentar a los intrusos e informar sobre las alarmas.<\/p>\n<p>StreetSiren est\u00e1 equipado con varias funciones de seguridad, incluida protecci\u00f3n contra manipulaciones y una bater\u00eda de larga duraci\u00f3n de hasta 5 a\u00f1os.<\/p>","protected":false},"featured_media":155466,"template":"","meta":{"_acf_changed":false},"product_brand":[],"product_cat":[3163,1319],"product_tag":[3152,3127,4863],"class_list":{"0":"post-69530","1":"product","2":"type-product","3":"status-publish","4":"has-post-thumbnail","6":"product_cat-sirener","7":"product_cat-ajax-larm","8":"product_tag-cr123-tillbehor","9":"product_tag-kontrollprodukt","10":"product_tag-pf","11":"product_shipping_class-postnord-varubrev","12":"pa_ajax-tradlosa-larm-sirener","13":"pa_brands-ajax-systems","14":"pa_color-svart","15":"pa_farg-svart","16":"tm-no-options","18":"first","19":"instock","20":"sale","21":"featured","22":"taxable","23":"shipping-taxable","24":"purchasable","25":"product-type-simple"},"acf":[],"_links":{"self":[{"href":"https:\/\/secureus.se\/es\/wp-json\/wp\/v2\/product\/69530","targetHints":{"allow":["GET"]}}],"collection":[{"href":"https:\/\/secureus.se\/es\/wp-json\/wp\/v2\/product"}],"about":[{"href":"https:\/\/secureus.se\/es\/wp-json\/wp\/v2\/types\/product"}],"wp:featuredmedia":[{"embeddable":true,"href":"https:\/\/secureus.se\/es\/wp-json\/wp\/v2\/media\/155466"}],"wp:attachment":[{"href":"https:\/\/secureus.se\/es\/wp-json\/wp\/v2\/media?parent=69530"}],"wp:term":[{"taxonomy":"product_brand","embeddable":true,"href":"https:\/\/secureus.se\/es\/wp-json\/wp\/v2\/product_brand?post=69530"},{"taxonomy":"product_cat","embeddable":true,"href":"https:\/\/secureus.se\/es\/wp-json\/wp\/v2\/product_cat?post=69530"},{"taxonomy":"product_tag","embeddable":true,"href":"https:\/\/secureus.se\/es\/wp-json\/wp\/v2\/product_tag?post=69530"}],"curies":[{"name":"wp","href":"https:\/\/api.w.org\/{rel}","templated":true}]}}