{"id":69556,"date":"2022-11-28T11:05:31","date_gmt":"2022-11-28T10:05:31","guid":{"rendered":"https:\/\/secureus.se\/produkt\/relamodul-36vdc-och-230vac-tradlos-svart\/"},"modified":"2026-04-20T22:04:47","modified_gmt":"2026-04-20T20:04:47","slug":"ajax-relay-module-relamodul-36vdc","status":"publish","type":"product","link":"https:\/\/secureus.se\/es\/ajax-relay-module-relamodul-36vdc\/","title":{"rendered":"M\u00f3dulo de rel\u00e9 Ajax M\u00f3dulo de rel\u00e9 Control con 7-24 V CC (dispositivo inal\u00e1mbrico)"},"content":{"rendered":"<h3>El m\u00f3dulo de rel\u00e9 Ajax es una soluci\u00f3n vers\u00e1til y eficiente para controlar de forma remota sistemas el\u00e9ctricos a trav\u00e9s de una red inal\u00e1mbrica.<\/h3>\n<p>El m\u00f3dulo es compatible tanto con sistemas de bajo voltaje como con electricidad dom\u00e9stica, lo que lo hace perfecto para controlar una variedad de dispositivos, desde iluminaci\u00f3n y puertas hasta v\u00e1lvulas y cerraduras electromagn\u00e9ticas.<\/p>\n<p>El m\u00f3dulo de rel\u00e9 est\u00e1 equipado con un contacto seco y funciona sin una conexi\u00f3n galv\u00e1nica a la fuente de alimentaci\u00f3n del dispositivo, lo que permite su uso en una amplia variedad de instalaciones el\u00e9ctricas.<\/p>\n<p>Una de las caracter\u00edsticas m\u00e1s destacadas es la tecnolog\u00eda operativa flexible que ofrece modos biestables y de pulso para adaptarse a diferentes tipos de uso.<\/p>\n<p>En el modo de pulso, el usuario puede ajustar la duraci\u00f3n de 0,5 a 255 segundos, lo que permite configurar el m\u00f3dulo exactamente como sea necesario.<\/p>\n<p>El m\u00f3dulo de rel\u00e9 tambi\u00e9n est\u00e1 equipado con un protector de voltaje que protege el dispositivo contra picos de voltaje y garantiza una larga durabilidad y confiabilidad operativa.<\/p>\n<p>La instalaci\u00f3n es sencilla y s\u00f3lo toma unos minutos. Al conectar el m\u00f3dulo al concentrador Ajax a trav\u00e9s de la aplicaci\u00f3n Ajax, los usuarios pueden acceder r\u00e1pidamente a sus dispositivos.<\/p>\n<p>El dispositivo de dise\u00f1o en miniatura (39\u00d733\u00d718 mm) encaja perfectamente en cajas de conexiones el\u00e9ctricas y paneles el\u00e9ctricos, y una antena externa garantiza una comunicaci\u00f3n estable de hasta 1000 metros en terreno abierto.<\/p>\n<p>El m\u00f3dulo Relay est\u00e1 construido con la tecnolog\u00eda de radio Jeweller de Ajax, lo que garantiza una comunicaci\u00f3n r\u00e1pida y segura entre dispositivos.<\/p>\n<p>El cifrado y la autenticaci\u00f3n evitan la falsificaci\u00f3n y la pirater\u00eda, lo que hace que el sistema sea seguro y confiable.<\/p>\n<p>El m\u00f3dulo de rel\u00e9 puede manejar cargas resistivas e inductivas y admite una carga de corriente m\u00e1xima de 13 A a 230 V~ y 5 A a 24 V\u2393.<\/p>\n<p>El m\u00f3dulo de rel\u00e9 es ideal para usar en instalaciones peque\u00f1as y grandes y se puede utilizar para controlar una variedad de dispositivos el\u00e9ctricos.<\/p>\n<p>Con soporte para la automatizaci\u00f3n a trav\u00e9s de las aplicaciones Ajax, Relay se puede integrar f\u00e1cilmente en escenarios automatizados, como encender la iluminaci\u00f3n cuando se activa una alarma o controlar v\u00e1lvulas y compuertas seg\u00fan horarios o eventos de alarma.<\/p>","protected":false},"excerpt":{"rendered":"<p>El m\u00f3dulo de rel\u00e9 puede manejar cargas resistivas e inductivas y admite una carga de corriente m\u00e1xima de <span style=\"text-decoration: underline\"><strong>13 A a 230 V<\/strong><\/span>~ y <span style=\"text-decoration: underline\"><strong>5A a 36 CC.<\/strong><\/span><\/p>\n<p>El m\u00f3dulo de rel\u00e9 Ajax es un m\u00f3dulo de rel\u00e9 inal\u00e1mbrico controlado a distancia que permite un control eficiente de dispositivos y sistemas el\u00e9ctricos.<\/p>\n<p>Funciona tanto en redes de baja tensi\u00f3n como dom\u00e9sticas, y ofrece modos de uso flexibles para automatizar y controlar dispositivos como cortinas, v\u00e1lvulas, portones y mucho m\u00e1s.<\/p>","protected":false},"featured_media":155622,"template":"","meta":{"_acf_changed":false},"product_brand":[],"product_cat":[3169,1319],"product_tag":[3127,4863],"class_list":{"0":"post-69556","1":"product","2":"type-product","3":"status-publish","4":"has-post-thumbnail","6":"product_cat-automation","7":"product_cat-ajax-larm","8":"product_tag-kontrollprodukt","9":"product_tag-pf","10":"product_shipping_class-postnord-varubrev","11":"pa_ajax-tradlosa-larm-rela-multisandare","12":"pa_brands-ajax-systems","13":"pa_color-svart","14":"pa_farg-svart","15":"tm-no-options","17":"first","18":"instock","19":"sale","20":"featured","21":"taxable","22":"shipping-taxable","23":"purchasable","24":"product-type-simple"},"acf":[],"_links":{"self":[{"href":"https:\/\/secureus.se\/es\/wp-json\/wp\/v2\/product\/69556","targetHints":{"allow":["GET"]}}],"collection":[{"href":"https:\/\/secureus.se\/es\/wp-json\/wp\/v2\/product"}],"about":[{"href":"https:\/\/secureus.se\/es\/wp-json\/wp\/v2\/types\/product"}],"wp:featuredmedia":[{"embeddable":true,"href":"https:\/\/secureus.se\/es\/wp-json\/wp\/v2\/media\/155622"}],"wp:attachment":[{"href":"https:\/\/secureus.se\/es\/wp-json\/wp\/v2\/media?parent=69556"}],"wp:term":[{"taxonomy":"product_brand","embeddable":true,"href":"https:\/\/secureus.se\/es\/wp-json\/wp\/v2\/product_brand?post=69556"},{"taxonomy":"product_cat","embeddable":true,"href":"https:\/\/secureus.se\/es\/wp-json\/wp\/v2\/product_cat?post=69556"},{"taxonomy":"product_tag","embeddable":true,"href":"https:\/\/secureus.se\/es\/wp-json\/wp\/v2\/product_tag?post=69556"}],"curies":[{"name":"wp","href":"https:\/\/api.w.org\/{rel}","templated":true}]}}