{"id":69582,"date":"2022-11-28T11:05:23","date_gmt":"2022-11-28T10:05:23","guid":{"rendered":"https:\/\/secureus.se\/produkt\/siren-inomhus-tradlos-vit\/"},"modified":"2026-04-02T10:43:49","modified_gmt":"2026-04-02T08:43:49","slug":"ajax-homesiren-siren-inomhus-vit","status":"publish","type":"product","link":"https:\/\/secureus.se\/es\/ajax-homesiren-siren-inomhus-vit\/","title":{"rendered":"Ajax HomeSiren - Sirena de interior - Inal\u00e1mbrica - Blanca"},"content":{"rendered":"<h3>Ajax HomeSiren es la soluci\u00f3n perfecta para reforzar su protecci\u00f3n interior con una sirena confiable y de alto volumen que reacciona a la activaci\u00f3n de los detectores en su sistema de seguridad.<\/h3>\n<p>Est\u00e1 equipado con indicadores sonoros y luminosos para advertir r\u00e1pidamente sobre robos u otras amenazas a la seguridad.<\/p>\n<p>La sirena se puede instalar f\u00e1cilmente con el panel SmartBracket incluido y es compatible con todos los concentradores y extensores de rango Ajax, lo que le brinda un sistema de seguridad completo sin interferencias.<\/p>\n<p>Una de las principales caracter\u00edsticas de Ajax HomeSiren es su potente nivel de sonido, que se puede ajustar entre 80 dB y 98 dB a una distancia de 1 metro.<\/p>\n<p>Este sonido ayuda a disuadir a los intrusos y alertar a cualquier persona que se encuentre dentro del alcance. Adem\u00e1s, la sirena tiene una duraci\u00f3n de alarma ajustable entre 3 segundos y 3 minutos, para que puedas adaptarla a tus necesidades.<\/p>\n<p>La luz LED incorporada de la sirena indica el estado de su sistema y le brinda al usuario una indicaci\u00f3n visual de si el sistema est\u00e1 en estado armado o desarmado.<\/p>\n<p>Para obtener informaci\u00f3n visual adicional, se puede conectar un LED externo a la sirena.<\/p>\n<p>Otra caracter\u00edstica importante es la funci\u00f3n de manipulaci\u00f3n incorporada. Si alguien intenta manipular la sirena, se activa una alarma que notifica al usuario de cualquier intento de sabotaje.<\/p>\n<p>Tambi\u00e9n utiliza el cifrado Ajax y la detecci\u00f3n de interferencias para proteger contra pirater\u00eda y acceso no autorizado, lo que garantiza que la sirena funcione correctamente cuando realmente se necesita.<\/p>\n<p>Ajax HomeSiren tiene una duraci\u00f3n de bater\u00eda de hasta 5 a\u00f1os, lo que significa que no tendr\u00e1 que preocuparse por cambiar las bater\u00edas con frecuencia.<\/p>\n<p>Tambi\u00e9n est\u00e1 dise\u00f1ado para una f\u00e1cil instalaci\u00f3n y uso a trav\u00e9s de la aplicaci\u00f3n Ajax.<\/p>\n<p>La sirena se puede integrar con otros dispositivos de seguridad en el sistema Ajax y la instalaci\u00f3n se puede completar en tan solo unos minutos.<\/p>\n<p><strong>Especificaciones t\u00e9cnicas:<\/strong><\/p>\n<ul>\n<li><strong>Nivel de sonido:<\/strong> Ajustable entre 80 dB y 98 dB (a 1 m de distancia)<\/li>\n<li><strong>Duraci\u00f3n de la alarma:<\/strong> Ajustable entre 3 segundos y 3 minutos.<\/li>\n<li><strong>Duraci\u00f3n de la bater\u00eda:<\/strong> Hasta 5 a\u00f1os<\/li>\n<li><strong>Fuente de alimentaci\u00f3n:<\/strong> 2 pilas CR123A (preinstaladas)<\/li>\n<li><strong>Comunicaci\u00f3n:<\/strong> Tecnolog\u00eda de radio de joyer\u00eda, hasta 2.000 m de alcance de comunicaci\u00f3n en terreno abierto<\/li>\n<li><strong>Rango de temperatura:<\/strong> De -10\u00b0C a +40\u00b0C<\/li>\n<li><strong>Humedad:<\/strong> Hasta 75%<\/li>\n<li><strong>Protecci\u00f3n contra manipulaciones:<\/strong> S\u00ed, con alarma antimanipulaci\u00f3n<\/li>\n<li><strong>Medida:<\/strong> 75 x 76 x 27 mm<\/li>\n<li><strong>Peso:<\/strong> 97 gramos<\/li>\n<li><strong>Protecci\u00f3n IP:<\/strong> IP50<\/li>\n<li><strong>Compatibilidad:<\/strong> Funciona con todos los concentradores y extensores de rango Ajax<\/li>\n<\/ul>","protected":false},"excerpt":{"rendered":"<p>Ajax HomeSiren es una sirena interior inal\u00e1mbrica que utiliza un sonido potente e indicaciones LED para advertir sobre alarmas activadas en su sistema de seguridad.<\/p>\n<p>Est\u00e1 dise\u00f1ado para disuadir a los intrusos y proporcionar al usuario informaci\u00f3n inmediata sobre el estado de seguridad.<\/p>","protected":false},"featured_media":155465,"template":"","meta":{"_acf_changed":false},"product_brand":[],"product_cat":[3163,1319,1562],"product_tag":[3152,3127,2137,4863],"class_list":{"0":"post-69582","1":"product","2":"type-product","3":"status-publish","4":"has-post-thumbnail","6":"product_cat-sirener","7":"product_cat-ajax-larm","8":"product_cat-larmdon-blixtljus","9":"product_tag-cr123-tillbehor","10":"product_tag-kontrollprodukt","11":"product_tag-lager-ajax","12":"product_tag-pf","13":"product_shipping_class-postnord-varubrev","14":"pa_ajax-tradlosa-larm-sirener","15":"pa_brands-ajax-systems","16":"pa_color-vit","17":"pa_farg-vit","18":"tm-no-options","20":"first","21":"instock","22":"sale","23":"featured","24":"taxable","25":"shipping-taxable","26":"purchasable","27":"product-type-simple"},"acf":[],"_links":{"self":[{"href":"https:\/\/secureus.se\/es\/wp-json\/wp\/v2\/product\/69582","targetHints":{"allow":["GET"]}}],"collection":[{"href":"https:\/\/secureus.se\/es\/wp-json\/wp\/v2\/product"}],"about":[{"href":"https:\/\/secureus.se\/es\/wp-json\/wp\/v2\/types\/product"}],"wp:featuredmedia":[{"embeddable":true,"href":"https:\/\/secureus.se\/es\/wp-json\/wp\/v2\/media\/155465"}],"wp:attachment":[{"href":"https:\/\/secureus.se\/es\/wp-json\/wp\/v2\/media?parent=69582"}],"wp:term":[{"taxonomy":"product_brand","embeddable":true,"href":"https:\/\/secureus.se\/es\/wp-json\/wp\/v2\/product_brand?post=69582"},{"taxonomy":"product_cat","embeddable":true,"href":"https:\/\/secureus.se\/es\/wp-json\/wp\/v2\/product_cat?post=69582"},{"taxonomy":"product_tag","embeddable":true,"href":"https:\/\/secureus.se\/es\/wp-json\/wp\/v2\/product_tag?post=69582"}],"curies":[{"name":"wp","href":"https:\/\/api.w.org\/{rel}","templated":true}]}}