{"id":69603,"date":"2022-11-28T11:05:23","date_gmt":"2022-11-28T10:05:23","guid":{"rendered":"https:\/\/secureus.se\/produkt\/kameradetektor-husdjur-phod-12m-tradlos-vit-2\/"},"modified":"2026-04-02T10:43:35","modified_gmt":"2026-04-02T08:43:35","slug":"ajax-motioncam-phod-kameradetektor-vit","status":"publish","type":"product","link":"https:\/\/secureus.se\/es\/ajax-motioncam-phod-kameradetektor-vit\/","title":{"rendered":"Detector de mascotas Ajax MotionCam PhOD blanco"},"content":{"rendered":"<h3><strong>Ajax MotionCam PhOD: Detector de movimiento inal\u00e1mbrico con c\u00e1mara e inmunidad a mascotas<\/strong><\/h3>\n<p>Ajax MotionCam PhOD es la soluci\u00f3n perfecta para verificar de forma r\u00e1pida y eficiente el movimiento en su hogar o negocio.<\/p>\n<p>El detector de movimiento inal\u00e1mbrico est\u00e1 equipado con una c\u00e1mara de alta resoluci\u00f3n que toma fotograf\u00edas autom\u00e1ticamente en caso de alarma, lo que permite una confirmaci\u00f3n visual inmediata del evento.<\/p>\n<p>Con funciones avanzadas como inmunidad a mascotas, verificaci\u00f3n r\u00e1pida de fotograf\u00edas y alta seguridad mediante encriptaci\u00f3n, MotionCam PhOD ofrece una combinaci\u00f3n \u00fanica de seguridad y conveniencia.<\/p>\n<p><strong>Caracter\u00edsticas de alto rendimiento:<\/strong><\/p>\n<ol>\n<li><strong>Verificaci\u00f3n r\u00e1pida de fotograf\u00eda:<\/strong> Cuando se activa el detector de movimiento, MotionCam PhOD toma fotograf\u00edas r\u00e1pidamente en 9 segundos para verificar el evento.<\/li>\n<li>Esto le proporciona informaci\u00f3n r\u00e1pida y confiable sobre lo que ha ocurrido sin tener que esperar datos adicionales.<\/li>\n<li><strong>Inmunidad de las mascotas:<\/strong> MotionCam PhOD est\u00e1 dise\u00f1ado con inmunidad a mascotas de hasta 20 kg y 50 cm, lo que reduce el riesgo de falsas alarmas causadas por mascotas y lo hace ideal para su uso en hogares con animales.<\/li>\n<li><strong>Caracter\u00edsticas de privacidad y protecci\u00f3n de datos:<\/strong> Ajax MotionCam PhOD est\u00e1 cuidadosamente dise\u00f1ado para proteger su privacidad.<\/li>\n<li>Todos los datos visuales enviados y almacenados est\u00e1n encriptados de acuerdo con las estrictas regulaciones GDPR, y solo los usuarios autorizados pueden acceder a las im\u00e1genes.<\/li>\n<li>Al utilizar men\u00fas especiales en la aplicaci\u00f3n Ajax, puedes controlar exactamente qui\u00e9n tiene acceso a fotos y eventos.<\/li>\n<li><strong>Iluminaci\u00f3n infrarroja incorporada para condiciones de oscuridad:<\/strong> Para garantizar que obtenga im\u00e1genes claras incluso en espacios oscuros, MotionCam PhOD est\u00e1 equipado con iluminaci\u00f3n IR incorporada que le permite tomar fotograf\u00edas incluso en condiciones de poca luz o completamente oscuras.<\/li>\n<li><strong>Amplio \u00e1ngulo de detecci\u00f3n y calidad de imagen ajustable:<\/strong> El \u00e1ngulo de detecci\u00f3n horizontal y vertical es amplio, lo que le permite cubrir un \u00e1rea grande y capturar el movimiento desde todas las direcciones.<\/li>\n<li>Adem\u00e1s, puede ajustar la resoluci\u00f3n de la imagen para adaptarla a sus necesidades espec\u00edficas, ahorrando ancho de banda y espacio de almacenamiento cuando no se necesita una resoluci\u00f3n m\u00e1s alta.<\/li>\n<\/ol>\n<p><strong>Instalaci\u00f3n e integraci\u00f3n intuitivas:<\/strong><\/p>\n<p>MotionCam PhOD es f\u00e1cil de instalar y conectar a su sistema Ajax. Al escanear el c\u00f3digo QR a trav\u00e9s de la aplicaci\u00f3n Ajax, puede agregar r\u00e1pidamente el detector al sistema.<\/p>\n<p>No requiere una instalaci\u00f3n complicada y se puede montar en un SmartBracket sin necesidad de desmontarlo.<\/p>\n<p><strong>Funciones de seguridad avanzadas:<\/strong><\/p>\n<ol>\n<li><strong>Detecci\u00f3n r\u00e1pida y antisabotaje:<\/strong> Con Ajax MotionCam PhOD obtendr\u00e1 una detecci\u00f3n de movimiento r\u00e1pida y una notificaci\u00f3n inmediata de cualquier manipulaci\u00f3n o p\u00e9rdida de comunicaci\u00f3n.<\/li>\n<li>Si alguien intenta sabotear el dispositivo o desinstalarlo, el sistema env\u00eda una alarma a su tel\u00e9fono inteligente y a la compa\u00f1\u00eda de seguridad.<\/li>\n<li><strong>Usando dos protocolos inal\u00e1mbricos (Jeweler y Wings):<\/strong> MotionCam PhOD utiliza dos protocolos inal\u00e1mbricos para garantizar una comunicaci\u00f3n confiable y r\u00e1pida entre el dispositivo y el concentrador, brindando mayor seguridad y mejor alcance.<\/li>\n<\/ol>\n<p><strong>Ventajas:<\/strong><\/p>\n<ul>\n<li><strong>Verificaci\u00f3n de alarmas r\u00e1pida y segura<\/strong> A trav\u00e9s de im\u00e1genes.<\/li>\n<li><strong>Inmunidad de las mascotas<\/strong> para evitar falsas alarmas provocadas por animales.<\/li>\n<li><strong>Iluminaci\u00f3n infrarroja incorporada<\/strong> para tomar fotograf\u00edas en condiciones de oscuridad.<\/li>\n<li><strong>Resoluci\u00f3n de imagen ajustable<\/strong> para ajustar la calidad de la imagen seg\u00fan sea necesario.<\/li>\n<li><strong>Cifrado y protecci\u00f3n de datos<\/strong> seg\u00fan GDPR para m\u00e1xima seguridad.<\/li>\n<li><strong>F\u00e1cil instalaci\u00f3n e integraci\u00f3n<\/strong> con la aplicaci\u00f3n Ajax.<\/li>\n<\/ul>\n<p><strong>Especificaciones t\u00e9cnicas:<\/strong><\/p>\n<ul>\n<li><strong>Distancia de detecci\u00f3n:<\/strong> Hasta 12 metros.<\/li>\n<li><strong>Inmunidad de las mascotas:<\/strong> Hasta 20 kg y 50 cm de altura.<\/li>\n<li><strong>Duraci\u00f3n de la bater\u00eda:<\/strong> Hasta 4 a\u00f1os dependiendo del uso.<\/li>\n<li><strong>Tiempo de transferencia de imagen:<\/strong> 9 segundos para verificaci\u00f3n.<\/li>\n<li><strong>\u00c1rea de comunicaci\u00f3n con hub:<\/strong> Hasta 1300 metros (en terreno abierto).<\/li>\n<li><strong>Fuente de alimentaci\u00f3n:<\/strong> 1 bater\u00eda CR123A.<\/li>\n<li><strong>Clase de protecci\u00f3n IP:<\/strong> IP50.<\/li>\n<li><strong>Medida:<\/strong> 130 x 70 x 60 mil\u00edmetros.<\/li>\n<li><strong>Peso:<\/strong> 200 gramos.<\/li>\n<\/ul>\n<p>Con Ajax MotionCam PhOD, no solo obtiene un detector de movimiento confiable, sino tambi\u00e9n una soluci\u00f3n inteligente para confirmar r\u00e1pidamente las alarmas y proteger su hogar o negocio con la m\u00e1xima seguridad y privacidad.<\/p>","protected":false},"excerpt":{"rendered":"<p>Ajax MotionCam PhOD es un detector de movimiento inal\u00e1mbrico con c\u00e1mara que ofrece verificaci\u00f3n r\u00e1pida de fotograf\u00edas en caso de alarma y bajo demanda.<\/p>\n<p>Con inmunidad a mascotas incorporada, resoluci\u00f3n de imagen ajustable y filtrado avanzado de falsas alarmas, garantiza una detecci\u00f3n efectiva y confiable, incluso en condiciones de oscuridad.<\/p>","protected":false},"featured_media":155437,"template":"","meta":{"_acf_changed":false},"product_brand":[],"product_cat":[3156,1319,3155],"product_tag":[3127,4863],"class_list":{"0":"post-69603","1":"product","2":"type-product","3":"status-publish","4":"has-post-thumbnail","6":"product_cat-rorelse-och-kamera","7":"product_cat-ajax-larm","8":"product_cat-larmenheter","9":"product_tag-kontrollprodukt","10":"product_tag-pf","11":"product_shipping_class-postnord-varubrev","12":"pa_ajax-tradlosa-larm-kameradetektor","13":"pa_brands-ajax-systems","14":"pa_color-vit","15":"pa_farg-vit","16":"tm-no-options","18":"first","19":"instock","20":"sale","21":"featured","22":"taxable","23":"shipping-taxable","24":"purchasable","25":"product-type-simple"},"acf":[],"_links":{"self":[{"href":"https:\/\/secureus.se\/es\/wp-json\/wp\/v2\/product\/69603","targetHints":{"allow":["GET"]}}],"collection":[{"href":"https:\/\/secureus.se\/es\/wp-json\/wp\/v2\/product"}],"about":[{"href":"https:\/\/secureus.se\/es\/wp-json\/wp\/v2\/types\/product"}],"wp:featuredmedia":[{"embeddable":true,"href":"https:\/\/secureus.se\/es\/wp-json\/wp\/v2\/media\/155437"}],"wp:attachment":[{"href":"https:\/\/secureus.se\/es\/wp-json\/wp\/v2\/media?parent=69603"}],"wp:term":[{"taxonomy":"product_brand","embeddable":true,"href":"https:\/\/secureus.se\/es\/wp-json\/wp\/v2\/product_brand?post=69603"},{"taxonomy":"product_cat","embeddable":true,"href":"https:\/\/secureus.se\/es\/wp-json\/wp\/v2\/product_cat?post=69603"},{"taxonomy":"product_tag","embeddable":true,"href":"https:\/\/secureus.se\/es\/wp-json\/wp\/v2\/product_tag?post=69603"}],"curies":[{"name":"wp","href":"https:\/\/api.w.org\/{rel}","templated":true}]}}