{"id":69634,"date":"2022-11-28T12:54:04","date_gmt":"2022-11-28T11:54:04","guid":{"rendered":"https:\/\/secureus.se\/produkt\/monteringsfaste-rokdetektor-vit\/"},"modified":"2026-03-30T23:38:17","modified_gmt":"2026-03-30T21:38:17","slug":"ajax-smart-bracket-fastedetektor-vit","status":"publish","type":"product","link":"https:\/\/secureus.se\/es\/ajax-smart-bracket-fastedetektor-vit\/","title":{"rendered":"Repuesto de soporte inteligente Ajax Soporte de montaje\/accesorio Detector de humo blanco"},"content":{"rendered":"<h3><strong>Soporte de montaje inteligente Ajax para detector de humo: instalaci\u00f3n f\u00e1cil y segura<\/strong><\/h3>\n<p>El soporte inteligente Ajax es la soluci\u00f3n perfecta para instalar su detector de humo Ajax de forma segura y eficaz.<\/p>\n<p>Este soporte de montaje est\u00e1 dise\u00f1ado para proporcionar una base estable para su detector de humo, garantizando que el dispositivo est\u00e9 correctamente instalado y funcione de manera \u00f3ptima.<\/p>\n<p>Ya sea un entusiasta del bricolaje o un instalador profesional, el soporte inteligente hace que la instalaci\u00f3n sea r\u00e1pida y sencilla.<\/p>\n<p><strong>Caracter\u00edsticas y beneficios<\/strong><\/p>\n<p>El soporte inteligente est\u00e1 dise\u00f1ado para adaptarse a los detectores de humo Ajax y permite a los usuarios colocar el dispositivo en una superficie vertical o en una esquina de la habitaci\u00f3n.<\/p>\n<p>Para instalar el detector, retire el panel de montaje de la unidad y fije el panel del soporte inteligente a una superficie adecuada usando cinta de doble cara u otros sujetadores temporales.<\/p>\n<p>La altura de instalaci\u00f3n recomendada es de 2,4 metros, lo que proporciona la mejor cobertura para el detector de humo.<\/p>\n<p>Una de las principales ventajas del Smart Bracket es su flexibilidad y la capacidad de ajustar la ubicaci\u00f3n del dispositivo despu\u00e9s de la instalaci\u00f3n.<\/p>\n<p>Al realizar pruebas de intensidad de la se\u00f1al, puede verificar que el detector de humo est\u00e9 recibiendo la mejor se\u00f1al posible para una comunicaci\u00f3n estable con su concentrador Ajax.<\/p>\n<p>Si la intensidad de la se\u00f1al es demasiado baja, puede reposicionar f\u00e1cilmente el dispositivo para mejorar la recepci\u00f3n de la se\u00f1al, lo que hace que la instalaci\u00f3n sea mucho m\u00e1s sencilla.<\/p>\n<p><strong>Rendimiento y seguridad confiables<\/strong><\/p>\n<p>El soporte de montaje Ajax Smart Bracket est\u00e1 dise\u00f1ado para garantizar que su detector de humo funcione de manera \u00f3ptima.<\/p>\n<p>Al proporcionar un soporte estable, se reduce el riesgo de que el dispositivo se da\u00f1e o pierda su eficacia. El detector podr\u00e1 detectar humo o fuego y enviar una alerta inmediata al sistema, proporcionando una respuesta r\u00e1pida en caso de emergencia.<\/p>\n<p>Para garantizar que su sistema de seguridad funcione sin problemas, el Smart Bracket utiliza una funci\u00f3n de comunicaci\u00f3n bidireccional que permite que el concentrador Ajax y otros dispositivos conectados se comuniquen de manera efectiva.<\/p>\n<p>Esto significa que toda la informaci\u00f3n sobre el estado del sistema y las alarmas se env\u00eda de forma r\u00e1pida y confiable tanto a los usuarios como a cualquier empresa de seguridad.<\/p>\n<p><strong>Instalaci\u00f3n y compatibilidad<\/strong><\/p>\n<p>La f\u00e1cil instalaci\u00f3n es una de las principales ventajas del Smart Bracket. Una vez que haya colocado el panel de montaje en el lugar correcto, podr\u00e1 conectar f\u00e1cilmente el dispositivo al sistema a trav\u00e9s de la aplicaci\u00f3n Ajax.<\/p>\n<p>Al escanear el c\u00f3digo QR en el dispositivo, puede agregarlo r\u00e1pidamente a su sistema sin tener que desmontar el detector de humo.<\/p>\n<p>El soporte inteligente tambi\u00e9n es compatible con todos los detectores de humo Ajax y se puede utilizar con varios tipos de configuraciones del sistema.<\/p>\n<p>Es una excelente opci\u00f3n para soluciones de seguridad tanto privadas como comerciales, donde la estabilidad y la confiabilidad son cruciales.<\/p>\n<p><strong>Presupuesto:<\/strong><\/p>\n<ul>\n<li><strong>Tipo de accesorio:<\/strong> Soporte de montaje para detector de humo Ajax<\/li>\n<li><strong>Altura de instalaci\u00f3n:<\/strong> Recomendado 2,4 metros<\/li>\n<li><strong>M\u00e9todo de instalaci\u00f3n:<\/strong> Se fija a superficies verticales o esquinas.<\/li>\n<li><strong>Material:<\/strong> Durable y resistente a la intemperie.<\/li>\n<li><strong>Compatibilidad:<\/strong> Compatible con detectores de humo Ajax<\/li>\n<li><strong>Prueba de intensidad de la se\u00f1al:<\/strong> S\u00ed, a trav\u00e9s de la aplicaci\u00f3n Ajax<\/li>\n<li><strong>Sujetadores:<\/strong> Incluye tornillos y la opci\u00f3n de utilizar otros sujetadores.<\/li>\n<\/ul>\n<p><strong>Conclusi\u00f3n:<\/strong><\/p>\n<p>El soporte inteligente Ajax es una soluci\u00f3n perfecta para garantizar que su detector de humo est\u00e9 correctamente instalado y funcione de manera \u00f3ptima.<\/p>\n<p>Al ofrecer una instalaci\u00f3n f\u00e1cil, una comunicaci\u00f3n segura y un rendimiento confiable, Smart Bracket permite a los usuarios instalar r\u00e1pidamente y garantizar que su sistema de seguridad funcione de manera eficiente.<\/p>","protected":false},"excerpt":{"rendered":"<p>Ajax Smart Bracket es un soporte de montaje para detectores de humo Ajax que garantiza una f\u00e1cil instalaci\u00f3n y una colocaci\u00f3n estable del dispositivo.<\/p>\n<p>El soporte le permite montar de forma r\u00e1pida y eficiente su detector de humo para obtener la m\u00e1xima protecci\u00f3n.<\/p>","protected":false},"featured_media":0,"template":"","meta":{"_acf_changed":false},"product_brand":[],"product_cat":[3128],"product_tag":[],"class_list":{"0":"post-69634","1":"product","2":"type-product","3":"status-publish","5":"product_cat-ajax-reservdelar-fasten","6":"product_shipping_class-postnord-varubrev","7":"pa_ajax-tradlosa-larm-ovriga-tillbehor-monteringsfaste","8":"pa_brands-ajax-systems","9":"pa_color-vit","10":"pa_farg-vit","11":"tm-no-options","13":"first","14":"onbackorder","15":"sale","16":"featured","17":"taxable","18":"shipping-taxable","19":"purchasable","20":"product-type-simple"},"acf":[],"_links":{"self":[{"href":"https:\/\/secureus.se\/es\/wp-json\/wp\/v2\/product\/69634","targetHints":{"allow":["GET"]}}],"collection":[{"href":"https:\/\/secureus.se\/es\/wp-json\/wp\/v2\/product"}],"about":[{"href":"https:\/\/secureus.se\/es\/wp-json\/wp\/v2\/types\/product"}],"wp:attachment":[{"href":"https:\/\/secureus.se\/es\/wp-json\/wp\/v2\/media?parent=69634"}],"wp:term":[{"taxonomy":"product_brand","embeddable":true,"href":"https:\/\/secureus.se\/es\/wp-json\/wp\/v2\/product_brand?post=69634"},{"taxonomy":"product_cat","embeddable":true,"href":"https:\/\/secureus.se\/es\/wp-json\/wp\/v2\/product_cat?post=69634"},{"taxonomy":"product_tag","embeddable":true,"href":"https:\/\/secureus.se\/es\/wp-json\/wp\/v2\/product_tag?post=69634"}],"curies":[{"name":"wp","href":"https:\/\/api.w.org\/{rel}","templated":true}]}}