{"id":69639,"date":"2022-11-28T12:54:04","date_gmt":"2022-11-28T11:54:04","guid":{"rendered":"https:\/\/secureus.se\/produkt\/overfallsknapp-dubbeltryck-tradlos-svart\/"},"modified":"2026-03-30T12:23:59","modified_gmt":"2026-03-30T10:23:59","slug":"ajax-doublebutton-overfall-svart","status":"publish","type":"product","link":"https:\/\/secureus.se\/es\/ajax-doublebutton-overfall-svart\/","title":{"rendered":"Ajax DoubleButton - Alarma de seguridad - Bot\u00f3n de asalto - Inal\u00e1mbrico Negro"},"content":{"rendered":"<h3><strong>Ajax DoubleButton: bot\u00f3n de p\u00e1nico inal\u00e1mbrico para mayor seguridad y fiabilidad<\/strong><\/h3>\n<p>Ajax DoubleButton es una se\u00f1al de emergencia inal\u00e1mbrica que combina simplicidad y seguridad para brindar tranquilidad al usuario en situaciones de emergencia.<\/p>\n<p>Es un componente indispensable del sistema de seguridad Ajax y est\u00e1 dise\u00f1ado para proporcionar asistencia inmediata enviando una alarma confirmada en caso de emergencia.<\/p>\n<p>Con su construcci\u00f3n robusta y dise\u00f1o funcional, proporciona una protecci\u00f3n eficaz sin riesgo de pulsaciones accidentales.<\/p>\n<p><strong>Seguridad sin falsas alarmas<\/strong><\/p>\n<p>DoubleButton est\u00e1 dise\u00f1ado para minimizar el riesgo de falsas alarmas. Para activar la alarma, el usuario debe presionar ambos botones simult\u00e1neamente, eliminando el riesgo de pulsaciones accidentales, por ejemplo cuando el bot\u00f3n se lleva en un bolsillo o bolso.<\/p>\n<p>Para garantizar a\u00fan m\u00e1s que la alarma se active intencionalmente y no accidentalmente, los botones est\u00e1n separados por una barrera de pl\u00e1stico.<\/p>\n<p>Esta caracter\u00edstica hace que DoubleButton sea ideal tanto para particulares como para usuarios profesionales que necesitan una se\u00f1al de emergencia confiable y segura.<\/p>\n<p><strong>Alarmas confirmadas para una seguridad completa<\/strong><\/p>\n<p>DoubleButton ofrece alarmas confirmadas, lo que significa que la alarma no se activa hasta que se presionen ambos botones en una secuencia espec\u00edfica.<\/p>\n<p>Esto garantiza que la alarma s\u00f3lo sea activada por un usuario autorizado y reduce el riesgo de alarmas accidentales.<\/p>\n<p><strong>Comunicaci\u00f3n estable y de largo alcance<\/strong><\/p>\n<p>La comunicaci\u00f3n inal\u00e1mbrica entre DoubleButton y el hub Ajax se realiza a trav\u00e9s de Jeweller, un protocolo de radio bidireccional que garantiza una se\u00f1al estable con un alcance de hasta 1300 metros.<\/p>\n<p>Para aumentar a\u00fan m\u00e1s la seguridad, todos los datos enviados entre dispositivos se cifran con el algoritmo AES, protegiendo contra el acceso no autorizado y la falsificaci\u00f3n de alarmas.<\/p>\n<p>En caso de cualquier interferencia, el sistema cambia autom\u00e1ticamente a una frecuencia de radio libre para garantizar que la alarma llegue siempre al usuario y a la compa\u00f1\u00eda de seguridad.<\/p>\n<p>Si se produce un bloqueo, se env\u00eda una advertencia tanto al usuario como a la empresa de seguridad.<\/p>\n<p><strong>Uso flexible y bater\u00eda de larga duraci\u00f3n<\/strong><\/p>\n<p>DoubleButton est\u00e1 equipado con una bater\u00eda CR2032 preinstalada que proporciona hasta 5 a\u00f1os de vida \u00fatil, lo que reduce la necesidad de mantenimiento.<\/p>\n<p>Su clasificaci\u00f3n IP55 significa que el dispositivo es resistente tanto al polvo como a las salpicaduras, lo que lo hace adecuado para su uso en una variedad de entornos y condiciones clim\u00e1ticas.<\/p>\n<p>La conexi\u00f3n inal\u00e1mbrica al concentrador permite colocar DoubleButton en cualquier lugar del hogar o el lugar de trabajo: debajo del escritorio, en el bolsillo de un empleado de oficina o incluso en la pared junto a la puerta de entrada o la cama.<\/p>\n<p><strong>Funciones de automatizaci\u00f3n<\/strong><\/p>\n<p>Adem\u00e1s de ser un bot\u00f3n de p\u00e1nico, DoubleButton se puede utilizar para activar varios escenarios de automatizaci\u00f3n.<\/p>\n<p>Por ejemplo, el bot\u00f3n puede activar una m\u00e1quina de humo, cerrar cerraduras el\u00e9ctricas o bajar persianas enrollables, lo que lo convierte en un dispositivo vers\u00e1til en su sistema de seguridad.<\/p>\n<p><strong>F\u00e1cil instalaci\u00f3n e integraci\u00f3n<\/strong><\/p>\n<p>Conectar DoubleButton a su sistema de seguridad Ajax es r\u00e1pido y f\u00e1cil. El dispositivo se agrega a trav\u00e9s de la aplicaci\u00f3n Ajax y no es necesario desmontarlo.<\/p>\n<p>Fije DoubleButton a una superficie con el soporte incluido o ll\u00e9velo en un llavero o cord\u00f3n. En pocos minutos el dispositivo estar\u00e1 listo para usarse.<\/p>\n<p><strong>Especificaciones t\u00e9cnicas:<\/strong><\/p>\n<ul>\n<li><strong>Clasificaci\u00f3n:<\/strong> Bot\u00f3n de emergencia inal\u00e1mbrico<\/li>\n<li><strong>Compatibilidad:<\/strong> Funciona con todos los concentradores y extensores de rango Ajax con SO Malevich 2.10 y superior<\/li>\n<li><strong>Prevenci\u00f3n de falsas alarmas:<\/strong> S\u00ed<\/li>\n<li><strong>N\u00famero de botones:<\/strong> 2<\/li>\n<li><strong>Transmisi\u00f3n de alarma:<\/strong> No m\u00e1s de 0,15 s<\/li>\n<li><strong>Tecnolog\u00eda de radio para joyeros:<\/strong>\n<ul>\n<li>Alcance de comunicaci\u00f3n con el concentrador: hasta 1300 m en terreno abierto<\/li>\n<li>Comunicaci\u00f3n bidireccional<\/li>\n<li>Potencia de salida de RF autoajustable: hasta 20 mW<\/li>\n<li>Cifrado de bloques basado en el algoritmo AES<\/li>\n<li>Salto de frecuencia<\/li>\n<\/ul>\n<\/li>\n<li><strong>Fuente de alimentaci\u00f3n:<\/strong> Bater\u00eda CR2032, 3 V<\/li>\n<li><strong>Duraci\u00f3n de la bater\u00eda:<\/strong> Hasta 5 a\u00f1os<\/li>\n<li><strong>Rango de temperatura de funcionamiento:<\/strong> De -10\u00b0C a +40\u00b0C<\/li>\n<li><strong>Humedad admisible:<\/strong> Hasta 75%<\/li>\n<li><strong>Clase de protecci\u00f3n:<\/strong> IP55<\/li>\n<li><strong>Tama\u00f1o:<\/strong> 47 \u00d7 35 \u00d7 16 mm<\/li>\n<li><strong>Peso:<\/strong> 17 gramos<\/li>\n<li><strong>Garantizar:<\/strong> Reemplazo y reparaci\u00f3n dentro de los 24 meses a partir de la fecha de venta. Las bater\u00edas no est\u00e1n cubiertas por la garant\u00eda.<\/li>\n<\/ul>\n<p><strong>El paquete contiene:<\/strong><\/p>\n<ul>\n<li>Doble bot\u00f3n<\/li>\n<li>Bater\u00eda CR2032 preinstalada<\/li>\n<li>Gu\u00eda de inicio r\u00e1pido<\/li>\n<\/ul>\n<p>&nbsp;<\/p>","protected":false},"excerpt":{"rendered":"<p>Ajax DoubleButton es un bot\u00f3n de p\u00e1nico inal\u00e1mbrico que proporciona una soluci\u00f3n segura y r\u00e1pida para informar emergencias.<\/p>\n<p>Requiere una doble pulsaci\u00f3n para activar la alarma, evitando pulsaciones accidentales y garantizando alarmas fiables.<\/p>","protected":false},"featured_media":155472,"template":"","meta":{"_acf_changed":false},"product_brand":[],"product_cat":[3165,1319],"product_tag":[3127,4863],"class_list":{"0":"post-69639","1":"product","2":"type-product","3":"status-publish","4":"has-post-thumbnail","6":"product_cat-overfallslarm-knappar","7":"product_cat-ajax-larm","8":"product_tag-kontrollprodukt","9":"product_tag-pf","10":"product_shipping_class-postnord-varubrev","11":"pa_ajax-tradlosa-larm-fjarr-overfallsknapp","12":"pa_brands-ajax-systems","13":"pa_color-svart","14":"pa_farg-svart","15":"tm-no-options","17":"first","18":"instock","19":"sale","20":"featured","21":"taxable","22":"shipping-taxable","23":"purchasable","24":"product-type-simple"},"acf":[],"_links":{"self":[{"href":"https:\/\/secureus.se\/es\/wp-json\/wp\/v2\/product\/69639","targetHints":{"allow":["GET"]}}],"collection":[{"href":"https:\/\/secureus.se\/es\/wp-json\/wp\/v2\/product"}],"about":[{"href":"https:\/\/secureus.se\/es\/wp-json\/wp\/v2\/types\/product"}],"wp:featuredmedia":[{"embeddable":true,"href":"https:\/\/secureus.se\/es\/wp-json\/wp\/v2\/media\/155472"}],"wp:attachment":[{"href":"https:\/\/secureus.se\/es\/wp-json\/wp\/v2\/media?parent=69639"}],"wp:term":[{"taxonomy":"product_brand","embeddable":true,"href":"https:\/\/secureus.se\/es\/wp-json\/wp\/v2\/product_brand?post=69639"},{"taxonomy":"product_cat","embeddable":true,"href":"https:\/\/secureus.se\/es\/wp-json\/wp\/v2\/product_cat?post=69639"},{"taxonomy":"product_tag","embeddable":true,"href":"https:\/\/secureus.se\/es\/wp-json\/wp\/v2\/product_tag?post=69639"}],"curies":[{"name":"wp","href":"https:\/\/api.w.org\/{rel}","templated":true}]}}