{"id":69646,"date":"2022-11-28T12:54:02","date_gmt":"2022-11-28T11:54:02","guid":{"rendered":"https:\/\/secureus.se\/produkt\/multisandare-2-3eol-for-tradade-detektorer-vit\/"},"modified":"2026-03-23T15:20:08","modified_gmt":"2026-03-23T14:20:08","slug":"ajax-multitransmitter-multisandare-vit","status":"publish","type":"product","link":"https:\/\/secureus.se\/es\/ajax-multitransmitter-multisandare-vit\/","title":{"rendered":"Ajax MultiTransmitter Multitransmisor 2\/3EoL para detectores cableados Blanco"},"content":{"rendered":"<h3>El multitransmisor Ajax es un dispositivo inal\u00e1mbrico potente y confiable que permite conectar detectores y sensores cableados a los sistemas de seguridad Ajax. Esto permite que los paneles de control con cables m\u00e1s antiguos se integren f\u00e1cilmente en un sistema inal\u00e1mbrico moderno.<\/h3>\n<p>MultiTransmitter es especialmente \u00fatil para propiedades donde es necesario modernizar los detectores cableados existentes sin reemplazar todo el sistema.<\/p>\n<p>Con 18 entradas de zona y soporte de tipos de conexi\u00f3n como NO (normalmente abierto), NC (normalmente cerrado), EOL (fin de l\u00ednea), 2EOL y 3EOL, el MultiTransmitter puede conectar una variedad de diferentes tipos de detectores y sensores cableados.<\/p>\n<p>Esto lo hace muy flexible y adaptable a muchas necesidades de seguridad diferentes. El dispositivo tambi\u00e9n tiene salidas para alimentar los detectores conectados, lo que hace que la instalaci\u00f3n sea sencilla y eficiente.<\/p>\n<p>MultiTransmitter est\u00e1 dise\u00f1ado para usarse con todos los concentradores Ajax y se comunica de forma inal\u00e1mbrica con el sistema a trav\u00e9s del protocolo Jeweller.<\/p>\n<p>Tiene un alcance de hasta 2000 metros en terreno abierto, por lo que es adecuado tanto para \u00e1reas de instalaci\u00f3n peque\u00f1as como grandes.<\/p>\n<p>Adem\u00e1s, MultiTransmitter tiene dos protecciones antimanipulaci\u00f3n para proteger contra sabotaje.<\/p>\n<p>Tambi\u00e9n est\u00e1 equipado con una bater\u00eda de respaldo que proporciona hasta 4 d\u00edas de funcionamiento en caso de un corte de energ\u00eda.<\/p>\n<p>Esto significa que el sistema contin\u00faa funcionando incluso en situaciones imprevistas.<\/p>\n<p>Con la \u00faltima versi\u00f3n de firmware (2.13.0 o superior), los valores de resistencia de los detectores conectados se pueden medir autom\u00e1ticamente, lo que facilita la instalaci\u00f3n y configuraci\u00f3n del sistema.<\/p>\n<p>Los detectores y dispositivos conectados al MultiTransmitter se pueden programar individualmente a trav\u00e9s de la aplicaci\u00f3n Ajax, lo que hace que el sistema sea a\u00fan m\u00e1s f\u00e1cil de usar y flexible.<\/p>\n<p><strong>Especificaciones t\u00e9cnicas:<\/strong><\/p>\n<ul>\n<li><strong>Tipos de conexi\u00f3n:<\/strong> NO, NC, fin de vida, 2 fin de vida, 3 fin de vida<\/li>\n<li><strong>N\u00famero de entradas:<\/strong> 18<\/li>\n<li><strong>Alcance inal\u00e1mbrico:<\/strong> Hasta 2000 millas de terreno libre<\/li>\n<li><strong>Fuente de alimentaci\u00f3n:<\/strong> 110 \u2013 255 VCA (cable incluido)<\/li>\n<li><strong>Bater\u00eda de respaldo:<\/strong> 12 V 7 Ah (no incluido)<\/li>\n<li><strong>Tiempo de respaldo de la bater\u00eda:<\/strong> Hasta 4 d\u00edas<\/li>\n<li><strong>Salidas de 12 V CC:<\/strong> 4 piezas, 1 A por salida<\/li>\n<li><strong>Rango de temperatura:<\/strong> -10\u00b0 a +40\u00b0C<\/li>\n<li><strong>Humedad:<\/strong> Hasta 75%<\/li>\n<\/ul>","protected":false},"excerpt":{"rendered":"<p>Ajax MultiTransmitter MultiTransmitter es una integraci\u00f3n inal\u00e1mbrica para conectar detectores y sensores cableados a los sistemas de seguridad Ajax.<\/p>\n<p>Con 18 entradas de zona y conexi\u00f3n flexible a trav\u00e9s de EOL (Fin de l\u00ednea), ofrece una soluci\u00f3n confiable para modernizar sistemas cableados antiguos.<\/p>","protected":false},"featured_media":151883,"template":"","meta":{"_acf_changed":false},"product_brand":[],"product_cat":[3170,1319],"product_tag":[3127,2137,4863],"class_list":{"0":"post-69646","1":"product","2":"type-product","3":"status-publish","4":"has-post-thumbnail","6":"product_cat-integration","7":"product_cat-ajax-larm","8":"product_tag-kontrollprodukt","9":"product_tag-lager-ajax","10":"product_tag-pf","11":"product_shipping_class-tunga-paket","12":"pa_ajax-tradlosa-larm-ovriga-tillbehor-monteringsfaste","13":"pa_brands-ajax-systems","14":"pa_color-vit","15":"pa_farg-vit","16":"tm-no-options","18":"first","19":"onbackorder","20":"sale","21":"featured","22":"taxable","23":"shipping-taxable","24":"purchasable","25":"product-type-simple"},"acf":[],"_links":{"self":[{"href":"https:\/\/secureus.se\/es\/wp-json\/wp\/v2\/product\/69646","targetHints":{"allow":["GET"]}}],"collection":[{"href":"https:\/\/secureus.se\/es\/wp-json\/wp\/v2\/product"}],"about":[{"href":"https:\/\/secureus.se\/es\/wp-json\/wp\/v2\/types\/product"}],"wp:featuredmedia":[{"embeddable":true,"href":"https:\/\/secureus.se\/es\/wp-json\/wp\/v2\/media\/151883"}],"wp:attachment":[{"href":"https:\/\/secureus.se\/es\/wp-json\/wp\/v2\/media?parent=69646"}],"wp:term":[{"taxonomy":"product_brand","embeddable":true,"href":"https:\/\/secureus.se\/es\/wp-json\/wp\/v2\/product_brand?post=69646"},{"taxonomy":"product_cat","embeddable":true,"href":"https:\/\/secureus.se\/es\/wp-json\/wp\/v2\/product_cat?post=69646"},{"taxonomy":"product_tag","embeddable":true,"href":"https:\/\/secureus.se\/es\/wp-json\/wp\/v2\/product_tag?post=69646"}],"curies":[{"name":"wp","href":"https:\/\/api.w.org\/{rel}","templated":true}]}}