{"id":69651,"date":"2022-11-28T12:53:57","date_gmt":"2022-11-28T11:53:57","guid":{"rendered":"https:\/\/secureus.se\/produkt\/monteringsfaste-magnetdelen-vit\/"},"modified":"2026-03-09T17:37:57","modified_gmt":"2026-03-09T16:37:57","slug":"ajax-smart-bracket-faste-magnetdelen-vit","status":"publish","type":"product","link":"https:\/\/secureus.se\/es\/ajax-smart-bracket-faste-magnetdelen-vit\/","title":{"rendered":"Soporte inteligente Ajax, repuesto, soporte de montaje\/accesorios, pieza magn\u00e9tica, blanco"},"content":{"rendered":"<h3><strong>Soporte de montaje inteligente Ajax para la parte magn\u00e9tica: instalaci\u00f3n eficiente y duradera<\/strong><\/h3>\n<p>El soporte inteligente Ajax para la parte magn\u00e9tica es la soluci\u00f3n perfecta para montar contactos magn\u00e9ticos Ajax de forma estable y sencilla.<\/p>\n<p>Este soporte de montaje garantiza que el contacto magn\u00e9tico est\u00e9 correctamente instalado y pueda funcionar eficazmente como parte de su sistema de seguridad Ajax. El soporte inteligente hace que la instalaci\u00f3n de la parte magn\u00e9tica sea r\u00e1pida y sencilla, lo que significa que puede configurar su sistema y proteger su hogar o negocio de manera profesional.<\/p>\n<p>La parte magn\u00e9tica es un componente importante de las alarmas Ajax, que se utiliza para detectar si se abren puertas o ventanas.<\/p>\n<p>Funciona midiendo la distancia entre el im\u00e1n y el sensor, lo que permite detectar movimiento y aperturas no autorizadas. Para optimizar el rendimiento de su conector magn\u00e9tico, es importante que est\u00e9 montado correctamente, y el soporte inteligente Ajax lo garantiza.<\/p>\n<p><strong>F\u00e1cil instalaci\u00f3n con soporte inteligente<\/strong><\/p>\n<p>El soporte de montaje Smart Bracket hace que la instalaci\u00f3n sea r\u00e1pida y sencilla.<\/p>\n<p>Para comenzar, retire el panel de montaje del conector magn\u00e9tico y fije el panel del soporte inteligente a una superficie vertical o en una esquina de la habitaci\u00f3n.<\/p>\n<p>El soporte se puede instalar f\u00e1cilmente con cinta adhesiva de doble cara o atornillarlo para mayor seguridad.<\/p>\n<p>Para obtener mejores resultados, la altura de instalaci\u00f3n es de 2,4 metros, pero se puede ajustar seg\u00fan la necesidad espec\u00edfica.<\/p>\n<p>Una vez colocado el soporte, puedes probar la intensidad de la se\u00f1al y la cobertura a trav\u00e9s de la aplicaci\u00f3n Ajax.<\/p>\n<p>Si la se\u00f1al es d\u00e9bil o inestable, puede ajustar la ubicaci\u00f3n del contacto magn\u00e9tico o utilizar un extensor de rango de se\u00f1al de radio ReX para mejorar la recepci\u00f3n de la se\u00f1al y garantizar que su sistema de seguridad funcione de manera \u00f3ptima.<\/p>\n<p><strong>Seguridad y confiabilidad<\/strong><\/p>\n<p>El soporte de montaje Ajax Smart Bracket para la parte magn\u00e9tica est\u00e1 dise\u00f1ado para brindar alta seguridad y confiabilidad.<\/p>\n<p>El soporte garantiza que el contacto magn\u00e9tico est\u00e9 protegido contra da\u00f1os y no pierda su funci\u00f3n con el tiempo. Tambi\u00e9n es resistente al sabotaje y otras tensiones externas que pueden afectar el rendimiento del sistema.<\/p>\n<p>Esto permite crear un sistema de seguridad estable y eficaz donde el contacto magn\u00e9tico es f\u00e1cilmente accesible pero al mismo tiempo seguro contra da\u00f1os o manipulaciones accidentales.<\/p>\n<p>Con el sistema Ajax, usted obtiene una soluci\u00f3n de seguridad de alta calidad que le permite confiar en que su hogar o negocio est\u00e1 protegido las 24 horas del d\u00eda, los 7 d\u00edas de la semana.<\/p>\n<p><strong>Flexibilidad y compatibilidad<\/strong><\/p>\n<p>El soporte de montaje Smart Bracket est\u00e1 dise\u00f1ado para ser compatible con todos los conectores magn\u00e9ticos Ajax.<\/p>\n<p>Ya sea que est\u00e9 instalando un nuevo sistema o actualizando uno existente, Smart Bracket le proporcionar\u00e1 una soluci\u00f3n de instalaci\u00f3n simple y eficiente.<\/p>\n<p>Su dise\u00f1o robusto lo hace adecuado tanto para instalaciones privadas como comerciales, convirti\u00e9ndolo en una buena opci\u00f3n tanto para locales residenciales como comerciales.<\/p>\n<p>El soporte tambi\u00e9n es lo suficientemente flexible para usarse con otras soluciones de seguridad y componentes del sistema, lo que le permite personalizar su sistema de seguridad seg\u00fan sea necesario y crear una protecci\u00f3n personalizada para su propiedad.<\/p>\n<p><strong>Presupuesto:<\/strong><\/p>\n<ul>\n<li><strong>Tipo de accesorio:<\/strong> Soporte de montaje para pieza magn\u00e9tica Ajax<\/li>\n<li><strong>Altura de instalaci\u00f3n:<\/strong> Recomendado 2,4 metros<\/li>\n<li><strong>M\u00e9todo de instalaci\u00f3n:<\/strong> Se fija a superficies verticales o esquinas.<\/li>\n<li><strong>Material:<\/strong> Durable y resistente a la intemperie.<\/li>\n<li><strong>Compatibilidad:<\/strong> Compatible con contactos magn\u00e9ticos Ajax<\/li>\n<li><strong>Prueba de intensidad de la se\u00f1al:<\/strong> S\u00ed, a trav\u00e9s de la aplicaci\u00f3n Ajax<\/li>\n<li><strong>Sujetadores:<\/strong> Incluye tornillos y la opci\u00f3n de utilizar otros sujetadores.<\/li>\n<\/ul>\n<p>&nbsp;<\/p>","protected":false},"excerpt":{"rendered":"<p>El soporte de montaje Ajax Smart Bracket para la parte magn\u00e9tica hace que la instalaci\u00f3n del contacto magn\u00e9tico Ajax sea f\u00e1cil y segura.<\/p>\n<p>El soporte resistente proporciona una ubicaci\u00f3n estable y le permite optimizar la seguridad en su hogar o lugar de trabajo.<\/p>","protected":false},"featured_media":0,"template":"","meta":{"_acf_changed":false},"product_brand":[],"product_cat":[3128],"product_tag":[],"class_list":{"0":"post-69651","1":"product","2":"type-product","3":"status-publish","5":"product_cat-ajax-reservdelar-fasten","6":"product_shipping_class-postnord-varubrev","7":"pa_ajax-tradlosa-larm-ovriga-tillbehor-monteringsfaste","8":"pa_brands-ajax-systems","9":"pa_color-vit","10":"pa_farg-vit","11":"tm-no-options","13":"first","14":"instock","15":"sale","16":"featured","17":"taxable","18":"shipping-taxable","19":"purchasable","20":"product-type-simple"},"acf":[],"_links":{"self":[{"href":"https:\/\/secureus.se\/es\/wp-json\/wp\/v2\/product\/69651","targetHints":{"allow":["GET"]}}],"collection":[{"href":"https:\/\/secureus.se\/es\/wp-json\/wp\/v2\/product"}],"about":[{"href":"https:\/\/secureus.se\/es\/wp-json\/wp\/v2\/types\/product"}],"wp:attachment":[{"href":"https:\/\/secureus.se\/es\/wp-json\/wp\/v2\/media?parent=69651"}],"wp:term":[{"taxonomy":"product_brand","embeddable":true,"href":"https:\/\/secureus.se\/es\/wp-json\/wp\/v2\/product_brand?post=69651"},{"taxonomy":"product_cat","embeddable":true,"href":"https:\/\/secureus.se\/es\/wp-json\/wp\/v2\/product_cat?post=69651"},{"taxonomy":"product_tag","embeddable":true,"href":"https:\/\/secureus.se\/es\/wp-json\/wp\/v2\/product_tag?post=69651"}],"curies":[{"name":"wp","href":"https:\/\/api.w.org\/{rel}","templated":true}]}}