{"id":69681,"date":"2022-11-28T12:53:41","date_gmt":"2022-11-28T11:53:41","guid":{"rendered":"https:\/\/secureus.se\/produkt\/monteringsfaste-manoverpanel-desfire-vit\/"},"modified":"2026-03-09T17:44:16","modified_gmt":"2026-03-09T16:44:16","slug":"ajax-smart-bracket-faste-manoverpanel-desfire-vit","status":"publish","type":"product","link":"https:\/\/secureus.se\/es\/ajax-smart-bracket-faste-manoverpanel-desfire-vit\/","title":{"rendered":"Soporte inteligente Ajax Pieza de repuesto Soporte de montaje \/ accesorios Panel de control DESFire blanco"},"content":{"rendered":"<h3><strong>Soporte de montaje inteligente Ajax para panel de control DESFire: instalaci\u00f3n f\u00e1cil y estable de su panel de control<\/strong><\/h3>\n<p>El soporte de montaje Ajax Smart Bracket para el panel de control DESFire es una soluci\u00f3n eficiente y confiable para instalar su panel de control Ajax de forma r\u00e1pida y segura.<\/p>\n<p>El panel de control es un componente clave del sistema de seguridad Ajax y se utiliza para controlar y monitorear su alarma.<\/p>\n<p>Para garantizar que este dispositivo funcione de forma \u00f3ptima, es fundamental que est\u00e9 montado en la ubicaci\u00f3n correcta, y el soporte inteligente hace que la instalaci\u00f3n sea f\u00e1cil y duradera.<\/p>\n<p><strong>F\u00e1cil instalaci\u00f3n y colocaci\u00f3n flexible<\/strong><\/p>\n<p>El soporte de montaje Smart Bracket est\u00e1 dise\u00f1ado para que la instalaci\u00f3n de su panel de control DESFire sea r\u00e1pida y sencilla.<\/p>\n<p>El soporte se puede instalar en una superficie vertical o en una esquina, lo que le permite personalizar la ubicaci\u00f3n seg\u00fan su soluci\u00f3n de seguridad espec\u00edfica.<\/p>\n<p>La altura de instalaci\u00f3n recomendada es de 2,4 metros para un mejor acceso y visibilidad.<\/p>\n<p>Para instalar el soporte, retire el panel de montaje preinstalado del panel de control y fije el panel del soporte inteligente a la superficie seleccionada con cinta de doble cara o atorn\u00edllelo en su lugar para una instalaci\u00f3n m\u00e1s permanente.<\/p>\n<p>Una vez que el soporte est\u00e9 en su lugar, puede ajustar r\u00e1pida y f\u00e1cilmente la posici\u00f3n del panel de control para garantizar que la se\u00f1al entre el panel y el concentrador del sistema Ajax sea fuerte y estable.<\/p>\n<p>Si la intensidad de la se\u00f1al es baja o inestable despu\u00e9s de la instalaci\u00f3n, puede ajustar el panel o utilizar un extensor de rango de se\u00f1al de radio ReX 2 para mejorar el alcance.<\/p>\n<p><strong>Optimizar el rendimiento y la seguridad<\/strong><\/p>\n<p>Para garantizar que su sistema de seguridad Ajax funcione de forma \u00f3ptima, es importante que el panel de control est\u00e9 correctamente montado y posicionado.<\/p>\n<p>El soporte de montaje Smart Bracket ofrece una soluci\u00f3n segura que permite que su panel de control DESFire funcione al m\u00e1s alto nivel.<\/p>\n<p>La instalaci\u00f3n estable evita que el panel se da\u00f1e o se pierdan se\u00f1ales durante el funcionamiento, proporcionando una experiencia de usuario confiable y segura.<\/p>\n<p>El soporte tambi\u00e9n permite crear una soluci\u00f3n de seguridad personalizada colocando f\u00e1cilmente el panel de control en la ubicaci\u00f3n m\u00e1s adecuada de su hogar o negocio.<\/p>\n<p>Al optimizar la instalaci\u00f3n y la intensidad de la se\u00f1al, usted aprovecha al m\u00e1ximo su sistema de seguridad, proporcionando protecci\u00f3n de alta calidad para su propiedad.<\/p>\n<p><strong>Compatibilidad y personalizaci\u00f3n para todas las instalaciones<\/strong><\/p>\n<p>El soporte de montaje Smart Bracket para paneles de control DESFire es compatible con todos los paneles de control Ajax y proporciona una soluci\u00f3n flexible para instalar sistemas nuevos y actualizaciones.<\/p>\n<p>Ya sea que est\u00e9 instalando un nuevo sistema de seguridad o reemplazando un panel antiguo, este soporte proporciona una instalaci\u00f3n estable y segura.<\/p>\n<p>El soporte es adecuado tanto para entornos privados como comerciales y permite a los usuarios crear una instalaci\u00f3n personalizada que se adapte mejor a sus necesidades de seguridad.<\/p>\n<p>La instalaci\u00f3n se puede realizar de forma r\u00e1pida y sencilla sin necesidad de conocimientos especializados, lo que la convierte en una soluci\u00f3n ideal tanto para profesionales como para aficionados al bricolaje.<\/p>\n<p><strong>Dise\u00f1o robusto y f\u00e1cil uso<\/strong><\/p>\n<p>El soporte de montaje Smart Bracket est\u00e1 fabricado con materiales duraderos que pueden soportar tanto el estr\u00e9s como el uso a largo plazo.<\/p>\n<p>Tambi\u00e9n est\u00e1 dise\u00f1ado para ser resistente a da\u00f1os y tensiones externas, lo que lo convierte en una soluci\u00f3n confiable tanto para uso en interiores como en exteriores.<\/p>\n<p>Con la aplicaci\u00f3n Ajax, puede verificar y probar f\u00e1cilmente la intensidad de la se\u00f1al y ajustar la ubicaci\u00f3n del panel de control si es necesario para optimizar el rendimiento del sistema.<\/p>\n<p><strong>Presupuesto:<\/strong><\/p>\n<ul>\n<li><strong>Tipo de accesorio:<\/strong> Soporte de montaje para panel de control Ajax DESFire<\/li>\n<li><strong>Altura de instalaci\u00f3n:<\/strong> Recomendado 2,4 metros<\/li>\n<li><strong>M\u00e9todo de instalaci\u00f3n:<\/strong> Se fija a superficies verticales o esquinas.<\/li>\n<li><strong>Material:<\/strong> Durable y resistente a la intemperie.<\/li>\n<li><strong>Compatibilidad:<\/strong> Compatible con los paneles de control Ajax DESFire<\/li>\n<li><strong>Prueba de intensidad de la se\u00f1al:<\/strong> S\u00ed, a trav\u00e9s de la aplicaci\u00f3n Ajax<\/li>\n<li><strong>Sujetadores:<\/strong> Incluye tornillos y la opci\u00f3n de utilizar otros sujetadores.<\/li>\n<\/ul>\n<p><strong>Conclusi\u00f3n:<\/strong><\/p>\n<p>El soporte de montaje Ajax Smart Bracket para el panel de control DESFire es una soluci\u00f3n confiable y sencilla para instalar su panel de control y garantizar que su sistema de seguridad funcione de manera \u00f3ptima.<\/p>\n<p>Con su construcci\u00f3n duradera, flexibilidad y facilidad de uso, este soporte proporciona una base estable para monitorear y controlar de manera efectiva su alarma Ajax.<\/p>\n<p>&nbsp;<\/p>","protected":false},"excerpt":{"rendered":"<p>El soporte de montaje Ajax Smart Bracket para el panel de control DESFire proporciona una instalaci\u00f3n f\u00e1cil y segura de su panel de control Ajax.<\/p>\n<p>El soporte garantiza una colocaci\u00f3n estable para una mejor funcionalidad y un f\u00e1cil acceso al sistema de seguridad.<\/p>","protected":false},"featured_media":0,"template":"","meta":{"_acf_changed":false},"product_brand":[],"product_cat":[3128],"product_tag":[],"class_list":{"0":"post-69681","1":"product","2":"type-product","3":"status-publish","5":"product_cat-ajax-reservdelar-fasten","6":"product_shipping_class-postnord-varubrev","7":"pa_ajax-tradlosa-larm-knapssats-manoverpanel","8":"pa_ajax-tradlosa-larm-ovriga-tillbehor-monteringsfaste","9":"pa_brands-ajax-systems","10":"pa_color-vit","11":"pa_farg-vit","12":"tm-no-options","14":"first","15":"instock","16":"sale","17":"featured","18":"taxable","19":"shipping-taxable","20":"purchasable","21":"product-type-simple"},"acf":[],"_links":{"self":[{"href":"https:\/\/secureus.se\/es\/wp-json\/wp\/v2\/product\/69681","targetHints":{"allow":["GET"]}}],"collection":[{"href":"https:\/\/secureus.se\/es\/wp-json\/wp\/v2\/product"}],"about":[{"href":"https:\/\/secureus.se\/es\/wp-json\/wp\/v2\/types\/product"}],"wp:attachment":[{"href":"https:\/\/secureus.se\/es\/wp-json\/wp\/v2\/media?parent=69681"}],"wp:term":[{"taxonomy":"product_brand","embeddable":true,"href":"https:\/\/secureus.se\/es\/wp-json\/wp\/v2\/product_brand?post=69681"},{"taxonomy":"product_cat","embeddable":true,"href":"https:\/\/secureus.se\/es\/wp-json\/wp\/v2\/product_cat?post=69681"},{"taxonomy":"product_tag","embeddable":true,"href":"https:\/\/secureus.se\/es\/wp-json\/wp\/v2\/product_tag?post=69681"}],"curies":[{"name":"wp","href":"https:\/\/api.w.org\/{rel}","templated":true}]}}