{"id":69686,"date":"2022-11-28T12:53:40","date_gmt":"2022-11-28T11:53:40","guid":{"rendered":"https:\/\/secureus.se\/produkt\/monteringsfaste-kameradetektor-utomhus-vit\/"},"modified":"2026-03-10T11:01:44","modified_gmt":"2026-03-10T10:01:44","slug":"ajax-smart-bracket-faste-kameradetektor-utomhus-vit","status":"publish","type":"product","link":"https:\/\/secureus.se\/es\/ajax-smart-bracket-faste-kameradetektor-utomhus-vit\/","title":{"rendered":"Soporte inteligente Ajax Repuesto Soporte de montaje \/ accesorio Detector de c\u00e1mara exterior blanco"},"content":{"rendered":"<h3><strong>Soporte de montaje inteligente Ajax para detector de c\u00e1mara exterior<\/strong><strong>nosotros \u2013 Para una instalaci\u00f3n segura y una cobertura \u00f3ptima<\/strong><\/h3>\n<p>El soporte de montaje Ajax Smart Bracket para detectores de c\u00e1maras exteriores es una soluci\u00f3n inteligente y eficaz para instalar su detector de c\u00e1mara Ajax de forma estable y segura.<\/p>\n<p>Para que su detector de c\u00e1mara funcione de forma \u00f3ptima, es importante que est\u00e9 instalado en el lugar correcto y con el soporte adecuado.<\/p>\n<p>Al utilizar el soporte de montaje Smart Bracket, obtendr\u00e1 una soluci\u00f3n simple y duradera para colocar el detector de c\u00e1mara en ubicaciones estrat\u00e9gicas, tanto por seguridad como para maximizar la cobertura de su sistema de vigilancia.<\/p>\n<p><strong>F\u00e1cil instalaci\u00f3n y flexibilidad en la colocaci\u00f3n<\/strong><\/p>\n<p>El soporte de montaje Smart Bracket est\u00e1 dise\u00f1ado para facilitar la instalaci\u00f3n del detector de c\u00e1mara en superficies verticales o en esquinas, permiti\u00e9ndole personalizarlo seg\u00fan su soluci\u00f3n de seguridad espec\u00edfica. La instalaci\u00f3n es r\u00e1pida y sencilla: el soporte se puede aplicar f\u00e1cilmente con cinta de doble cara o atornillar para una colocaci\u00f3n m\u00e1s permanente y segura.<\/p>\n<p>La altura de instalaci\u00f3n recomendada es de 2,4 metros para un mejor rendimiento, pero se puede ajustar seg\u00fan sus necesidades espec\u00edficas.<\/p>\n<p><strong>Rendimiento optimizado y potencia de se\u00f1al<\/strong><\/p>\n<p>Cuando el detector de c\u00e1mara est\u00e1 montado con el soporte inteligente, puede probar f\u00e1cilmente la intensidad de la se\u00f1al a trav\u00e9s de la aplicaci\u00f3n Ajax.<\/p>\n<p>Si la intensidad de la se\u00f1al no es suficiente, puede ajustar la posici\u00f3n del soporte o utilizar un extensor de se\u00f1al de radio ReX 2 para mejorar el alcance.<\/p>\n<p>Esto garantiza que obtenga la mejor cobertura y rendimiento posibles de su detector de c\u00e1mara.<\/p>\n<p>Ya sea para monitorear su jard\u00edn, garaje u otras \u00e1reas exteriores, el soporte inteligente Ajax garantiza que su detector funcione sin interrupciones.<\/p>\n<p><strong>Dise\u00f1o duradero y confiable<\/strong><\/p>\n<p>El soporte de montaje Ajax Smart Bracket est\u00e1 dise\u00f1ado para soportar entornos interiores y exteriores.<\/p>\n<p>Est\u00e1 fabricado con materiales duraderos y resistentes a la intemperie, lo que significa que puede soportar tanto el fr\u00edo, el calor y la humedad. Esto significa que el soporte ofrece un rendimiento duradero y confiable, incluso en entornos hostiles expuestos a los elementos.<\/p>\n<p>Esto lo convierte en una soluci\u00f3n ideal para instalaciones donde tanto la durabilidad como la seguridad son de suma importancia.<\/p>\n<p><strong>Compatibilidad y flexibilidad para todas las instalaciones<\/strong><\/p>\n<p>El soporte est\u00e1 dise\u00f1ado para ser compatible con todos los detectores de c\u00e1mara Ajax, lo que hace posible utilizar la misma soluci\u00f3n ya sea que est\u00e9 instalando un nuevo dispositivo o actualizando su sistema existente.<\/p>\n<p>Ya sea una casa peque\u00f1a o un negocio m\u00e1s grande, puede usar el soporte inteligente para instalar y ajustar f\u00e1cilmente su detector de c\u00e1mara para una seguridad \u00f3ptima.<\/p>\n<p>Con su flexibilidad y adaptabilidad, este soporte permite al usuario colocar el detector de c\u00e1mara en las ubicaciones m\u00e1s adecuadas para lograr la m\u00e1xima seguridad y eficiencia.<\/p>\n<p>Es especialmente \u00fatil en \u00e1reas que requieren una vigilancia extensa, como puertas, ventanas u otros puntos de intrusi\u00f3n potencial.<\/p>\n<p><strong>Presupuesto:<\/strong><\/p>\n<ul>\n<li><strong>Tipo de accesorio:<\/strong> Soporte de montaje para detector de c\u00e1mara exterior Ajax<\/li>\n<li><strong>Altura de instalaci\u00f3n:<\/strong> Recomendado 2,4 metros<\/li>\n<li><strong>M\u00e9todo de instalaci\u00f3n:<\/strong> Se fija a superficies verticales o esquinas.<\/li>\n<li><strong>Material:<\/strong> Durable y resistente a la intemperie.<\/li>\n<li><strong>Compatibilidad:<\/strong> Se adapta a todos los detectores de c\u00e1mara Ajax<\/li>\n<li><strong>Prueba de intensidad de la se\u00f1al:<\/strong> S\u00ed, a trav\u00e9s de la aplicaci\u00f3n Ajax<\/li>\n<li><strong>Sujetadores:<\/strong> Incluye tornillos y la opci\u00f3n de utilizar otros sujetadores.<\/li>\n<\/ul>\n<p><strong>Conclusi\u00f3n:<\/strong><\/p>\n<p>El soporte de montaje para detector de c\u00e1mara exterior Ajax Smart Bracket es la soluci\u00f3n ideal para garantizar una instalaci\u00f3n correcta y segura de su detector de c\u00e1mara.<\/p>\n<p>Con su dise\u00f1o f\u00e1cil de usar, materiales duraderos y opciones de instalaci\u00f3n flexibles, obtiene un sistema de seguridad confiable que funciona eficazmente para proteger su hogar o negocio.<\/p>\n<p>&nbsp;<\/p>","protected":false},"excerpt":{"rendered":"<p>El soporte de montaje Ajax Smart Bracket para detector de c\u00e1mara exterior hace que la instalaci\u00f3n sea f\u00e1cil y segura.<\/p>\n<p>El soporte est\u00e1 dise\u00f1ado para posicionar \u00f3ptimamente su detector de c\u00e1mara en exteriores, garantizando un monitoreo confiable y un rendimiento duradero.<\/p>","protected":false},"featured_media":0,"template":"","meta":{"_acf_changed":false},"product_brand":[],"product_cat":[3128],"product_tag":[],"class_list":{"0":"post-69686","1":"product","2":"type-product","3":"status-publish","5":"product_cat-ajax-reservdelar-fasten","6":"product_shipping_class-postnord-varubrev","7":"pa_ajax-tradlosa-larm-ovriga-tillbehor-monteringsfaste","8":"pa_brands-ajax-systems","9":"pa_color-vit","10":"pa_farg-vit","11":"tm-no-options","13":"first","14":"instock","15":"sale","16":"featured","17":"taxable","18":"shipping-taxable","19":"purchasable","20":"product-type-simple"},"acf":[],"_links":{"self":[{"href":"https:\/\/secureus.se\/es\/wp-json\/wp\/v2\/product\/69686","targetHints":{"allow":["GET"]}}],"collection":[{"href":"https:\/\/secureus.se\/es\/wp-json\/wp\/v2\/product"}],"about":[{"href":"https:\/\/secureus.se\/es\/wp-json\/wp\/v2\/types\/product"}],"wp:attachment":[{"href":"https:\/\/secureus.se\/es\/wp-json\/wp\/v2\/media?parent=69686"}],"wp:term":[{"taxonomy":"product_brand","embeddable":true,"href":"https:\/\/secureus.se\/es\/wp-json\/wp\/v2\/product_brand?post=69686"},{"taxonomy":"product_cat","embeddable":true,"href":"https:\/\/secureus.se\/es\/wp-json\/wp\/v2\/product_cat?post=69686"},{"taxonomy":"product_tag","embeddable":true,"href":"https:\/\/secureus.se\/es\/wp-json\/wp\/v2\/product_tag?post=69686"}],"curies":[{"name":"wp","href":"https:\/\/api.w.org\/{rel}","templated":true}]}}