{"id":69691,"date":"2022-11-28T12:53:40","date_gmt":"2022-11-28T11:53:40","guid":{"rendered":"https:\/\/secureus.se\/produkt\/monteringsfaste-manoverpanel-vit\/"},"modified":"2026-03-09T17:38:08","modified_gmt":"2026-03-09T16:38:08","slug":"ajax-smart-bracket-faste-manoverpanel-vit","status":"publish","type":"product","link":"https:\/\/secureus.se\/es\/ajax-smart-bracket-faste-manoverpanel-vit\/","title":{"rendered":"Soporte inteligente Ajax Pieza de repuesto Soporte de montaje \/ accesorios Panel de control blanco"},"content":{"rendered":"<h3><strong>Soporte de montaje para panel de control inteligente Ajax: para una instalaci\u00f3n f\u00e1cil y estable<\/strong><\/h3>\n<p>El soporte de montaje Ajax Smart Bracket para paneles de control es una soluci\u00f3n pr\u00e1ctica y eficaz para instalar de forma r\u00e1pida y estable su panel de control Ajax.<\/p>\n<p>El panel de control es el coraz\u00f3n de su sistema de seguridad Ajax, donde puede controlar y monitorear su alarma.<\/p>\n<p>Para optimizar la facilidad de uso y la seguridad, es importante que el panel est\u00e9 montado correctamente en una ubicaci\u00f3n estable y de f\u00e1cil acceso, y el soporte inteligente Ajax proporciona una instalaci\u00f3n segura en todo momento.<\/p>\n<p><strong>Instalaci\u00f3n f\u00e1cil y flexible<\/strong><\/p>\n<p>Con el soporte de montaje Smart Bracket, puede fijar f\u00e1cilmente su panel de control a una superficie vertical o en una esquina de la habitaci\u00f3n. La instalaci\u00f3n es flexible y se puede adaptar a la distribuci\u00f3n de la sala y a las preferencias del usuario.<\/p>\n<p>El soporte permite montar el panel de control a una altura de aproximadamente 2,4 metros, haci\u00e9ndolo f\u00e1cilmente accesible y visible para el usuario.<\/p>\n<p>La instalaci\u00f3n es r\u00e1pida y sencilla, ya que el soporte se puede montar con cinta de doble cara o atornillar para una soluci\u00f3n m\u00e1s permanente.<\/p>\n<p><strong>Colocaci\u00f3n estable para un uso seguro<\/strong><\/p>\n<p>Para garantizar que el panel de control funcione de forma \u00f3ptima, es importante que est\u00e9 colocado de forma estable. El soporte de montaje Smart Bracket le permite montar el panel en una ubicaci\u00f3n segura donde el usuario puede interactuar f\u00e1cilmente con \u00e9l.<\/p>\n<p>Para minimizar el riesgo de da\u00f1os o manipulaci\u00f3n, el soporte protege el panel de control y lo mantiene en su lugar sin perder rendimiento con el tiempo.<\/p>\n<p><strong>Optimizar la intensidad y el rendimiento de la se\u00f1al<\/strong><\/p>\n<p>Una vez que haya instalado el panel de control con el soporte inteligente Ajax, podr\u00e1 probar f\u00e1cilmente la intensidad de la se\u00f1al a trav\u00e9s de la aplicaci\u00f3n Ajax.<\/p>\n<p>Esto le permite ajustar la instalaci\u00f3n si es necesario para garantizar que la se\u00f1al entre el panel de control y el concentrador del sistema Ajax sea fuerte y estable.<\/p>\n<p>Si la intensidad de la se\u00f1al es baja o inestable, simplemente puede reubicar el panel de control o utilizar un extensor de rango de se\u00f1al de radio ReX 2 para mejorar el alcance.<\/p>\n<p><strong>Compatibilidad y flexibilidad<\/strong><\/p>\n<p>El soporte inteligente Ajax es totalmente compatible con los paneles de control Ajax y se puede utilizar tanto para nuevas instalaciones como para actualizaciones de sistemas existentes.<\/p>\n<p>Esto hace que el soporte sea una soluci\u00f3n flexible para todo tipo de instalaciones.<\/p>\n<p>Ya sea que est\u00e9 instalando un nuevo sistema o reemplazando una unidad antigua, el soporte inteligente proporcionar\u00e1 una soluci\u00f3n de montaje segura y estable para el panel de control.<\/p>\n<p>El soporte tambi\u00e9n es adecuado para entornos privados y comerciales y le brinda la oportunidad de crear un sistema de seguridad personalizado para su propiedad.<\/p>\n<p><strong>Dise\u00f1o sostenible y f\u00e1cil de usar<\/strong><\/p>\n<p>El soporte de montaje Smart Bracket est\u00e1 fabricado con materiales duraderos que pueden soportar el estr\u00e9s y las condiciones clim\u00e1ticas, lo que lo convierte en una soluci\u00f3n confiable tanto en interiores como en exteriores.<\/p>\n<p>La instalaci\u00f3n no requiere herramientas especiales y usted puede comenzar r\u00e1pidamente a utilizar el panel de control para controlar y monitorear su sistema de seguridad.<\/p>\n<p><strong>Presupuesto:<\/strong><\/p>\n<ul>\n<li><strong>Tipo de accesorio:<\/strong> Soporte de montaje para panel de control Ajax<\/li>\n<li><strong>Altura de instalaci\u00f3n:<\/strong> Recomendado 2,4 metros<\/li>\n<li><strong>M\u00e9todo de instalaci\u00f3n:<\/strong> Se fija a superficies verticales o esquinas.<\/li>\n<li><strong>Material:<\/strong> Durable y resistente a la intemperie.<\/li>\n<li><strong>Compatibilidad:<\/strong> Compatible con los paneles de control Ajax<\/li>\n<li><strong>Prueba de intensidad de la se\u00f1al:<\/strong> S\u00ed, a trav\u00e9s de la aplicaci\u00f3n Ajax<\/li>\n<li><strong>Sujetadores:<\/strong> Incluye tornillos y la opci\u00f3n de utilizar otros sujetadores.<\/li>\n<\/ul>\n<p><strong>Conclusi\u00f3n:<\/strong><\/p>\n<p>El soporte de montaje del panel de control Ajax Smart Bracket es una soluci\u00f3n perfecta para instalar su panel de control de forma segura y estable.<\/p>\n<p>Al garantizar la ubicaci\u00f3n adecuada y optimizar la intensidad de la se\u00f1al, puede crear f\u00e1cilmente un sistema de seguridad confiable que funcione de manera eficiente y segura.<\/p>\n<p>&nbsp;<\/p>","protected":false},"excerpt":{"rendered":"<p>El soporte de montaje del panel de control Ajax Smart Bracket hace que la instalaci\u00f3n de su panel de control Ajax sea f\u00e1cil y segura.<\/p>\n<p>El soporte resistente garantiza una colocaci\u00f3n estable y le permite personalizar la instalaci\u00f3n para lograr una mayor facilidad de uso y seguridad.<\/p>","protected":false},"featured_media":0,"template":"","meta":{"_acf_changed":false},"product_brand":[],"product_cat":[3128],"product_tag":[],"class_list":{"0":"post-69691","1":"product","2":"type-product","3":"status-publish","5":"product_cat-ajax-reservdelar-fasten","6":"product_shipping_class-postnord-varubrev","7":"pa_ajax-tradlosa-larm-knapssats-manoverpanel","8":"pa_ajax-tradlosa-larm-ovriga-tillbehor-monteringsfaste","9":"pa_brands-ajax-systems","10":"pa_color-vit","11":"pa_farg-vit","12":"tm-no-options","14":"first","15":"instock","16":"sale","17":"featured","18":"taxable","19":"shipping-taxable","20":"purchasable","21":"product-type-simple"},"acf":[],"_links":{"self":[{"href":"https:\/\/secureus.se\/es\/wp-json\/wp\/v2\/product\/69691","targetHints":{"allow":["GET"]}}],"collection":[{"href":"https:\/\/secureus.se\/es\/wp-json\/wp\/v2\/product"}],"about":[{"href":"https:\/\/secureus.se\/es\/wp-json\/wp\/v2\/types\/product"}],"wp:attachment":[{"href":"https:\/\/secureus.se\/es\/wp-json\/wp\/v2\/media?parent=69691"}],"wp:term":[{"taxonomy":"product_brand","embeddable":true,"href":"https:\/\/secureus.se\/es\/wp-json\/wp\/v2\/product_brand?post=69691"},{"taxonomy":"product_cat","embeddable":true,"href":"https:\/\/secureus.se\/es\/wp-json\/wp\/v2\/product_cat?post=69691"},{"taxonomy":"product_tag","embeddable":true,"href":"https:\/\/secureus.se\/es\/wp-json\/wp\/v2\/product_tag?post=69691"}],"curies":[{"name":"wp","href":"https:\/\/api.w.org\/{rel}","templated":true}]}}