{"id":69703,"date":"2022-11-28T12:06:09","date_gmt":"2022-11-28T11:06:09","guid":{"rendered":"https:\/\/secureus.se\/produkt\/overfalls-smart-knapp-enkeltryck-tradlos-svart\/"},"modified":"2026-03-10T11:00:50","modified_gmt":"2026-03-10T10:00:50","slug":"ajax-button-overfalls-enkeltryck-svart","status":"publish","type":"product","link":"https:\/\/secureus.se\/es\/ajax-button-overfalls-enkeltryck-svart\/","title":{"rendered":"Bot\u00f3n Ajax - Alarma de Asalto Pulsador Simple - Bot\u00f3n Inteligente - Negro"},"content":{"rendered":"<h3>El bot\u00f3n Ajax es un bot\u00f3n de emergencia inal\u00e1mbrico avanzado dise\u00f1ado para proporcionar una respuesta r\u00e1pida y garantizar que las situaciones de emergencia se manejen de inmediato.<\/h3>\n<p>No es solo un bot\u00f3n de p\u00e1nico, sino un dispositivo inteligente que puede utilizarse en diversas situaciones cr\u00edticas, incluidas alarmas de intrusi\u00f3n, fugas de gas, incendios y emergencias m\u00e9dicas.<\/p>\n<p>Su facilidad de uso lo convierte en una herramienta invaluable para la seguridad, ya sea que est\u00e9 en casa, en el trabajo o en un lugar p\u00fablico.<\/p>\n<p>Con Ajax Button, puedes pedir ayuda r\u00e1pidamente con s\u00f3lo presionar un bot\u00f3n, lo que lo hace especialmente \u00fatil en situaciones peligrosas.<\/p>\n<p>El bot\u00f3n se puede programar para manejar hasta ocho tipos diferentes de eventos, lo que permite personalizarlo para diferentes tipos de situaciones de emergencia.<\/p>\n<p>Al presionar el bot\u00f3n, puede informar inmediatamente al personal de seguridad, enviar alarmas a estaciones de monitoreo o incluso activar dispositivos dom\u00e9sticos inteligentes como detectores de humo o alarmas de gas.<\/p>\n<p>Una de las caracter\u00edsticas m\u00e1s importantes de Ajax Button es su capacidad para prevenir falsas alarmas.<\/p>\n<p>Para que se active una alarma, el usuario debe presionar el bot\u00f3n dos veces o mantenerlo presionado, minimizando el riesgo de pulsaciones accidentales.<\/p>\n<p>Esto garantiza que solo se informen las emergencias previstas y usted puede confiar en que la alarma siempre es aut\u00e9ntica.<\/p>\n<p>El bot\u00f3n funciona con el sistema Ajax a trav\u00e9s del protocolo de radio Jeweller, que ofrece un alcance impresionante de hasta 1300 metros en terreno abierto.<\/p>\n<p>Esto le permite usarlo en cualquier lugar de su casa, oficina o incluso en una propiedad m\u00e1s grande. Al presionar el bot\u00f3n, recibir\u00e1 una confirmaci\u00f3n mediante un LED verde intermitente, lo que garantiza que se ha enviado la alarma.<\/p>\n<p>El bot\u00f3n Ajax tiene clasificaci\u00f3n IP55, lo que significa que es resistente al agua y est\u00e1 protegido contra el polvo, lo que lo hace duradero para usar tanto en interiores como en exteriores.<\/p>\n<p>Su bater\u00eda CR2032 tiene una vida \u00fatil de hasta 5 a\u00f1os, lo que significa que el bot\u00f3n requiere un mantenimiento m\u00ednimo y puede utilizarse durante mucho tiempo sin necesidad de ser reemplazado.<\/p>\n<p><strong>Ejemplo de uso<\/strong>:<\/p>\n<ul>\n<li><strong>Modo p\u00e1nico<\/strong>:Presione el bot\u00f3n para llamar al personal de seguridad en caso de robo o amenaza.<\/li>\n<li><strong>Fuego<\/strong>:Utilice el bot\u00f3n para informar r\u00e1pidamente sobre un incendio o una fuga de gas.<\/li>\n<li><strong>Emergencia m\u00e9dica<\/strong>:Utilice el bot\u00f3n para solicitar ayuda en caso de problemas de salud repentinos.<\/li>\n<li><strong>Medidas preventivas<\/strong>:Coloque el bot\u00f3n junto a la puerta o cerca de las estaciones de trabajo para realizar acciones r\u00e1pidamente, como activar alarmas o iluminaci\u00f3n de seguridad.<\/li>\n<\/ul>\n<p>El bot\u00f3n tambi\u00e9n se puede utilizar para controlar otros dispositivos dom\u00e9sticos inteligentes, lo que lo convierte en un dispositivo multifuncional para su sistema de seguridad.<\/p>\n<p><strong>Especificaciones t\u00e9cnicas<\/strong>:<\/p>\n<ul>\n<li><strong>Compatibilidad<\/strong>:Funciona con todos los concentradores Ajax con OS Malevich 2.7 o superior.<\/li>\n<li><strong>Tiempo de transmisi\u00f3n de la alarma<\/strong>:Hasta 0,15 segundos<\/li>\n<li><strong>Fuente de alimentaci\u00f3n<\/strong>:Bater\u00eda CR2032 (3 V)<\/li>\n<li><strong>Duraci\u00f3n de la bater\u00eda<\/strong>:Hasta 5 a\u00f1os<\/li>\n<li><strong>\u00c1rea de comunicaci\u00f3n<\/strong>:Hasta 1300 m en terreno abierto<\/li>\n<li><strong>Clase de protecci\u00f3n<\/strong>:IP55 (resistente al agua y al polvo)<\/li>\n<li><strong>Rango de temperatura de trabajo<\/strong>:-10\u00b0C a +40\u00b0C<\/li>\n<li><strong>Caracter\u00edsticas<\/strong>: Bot\u00f3n de p\u00e1nico, alarma de incendio, alarma de gas, emergencia m\u00e9dica, activaci\u00f3n de alarma<\/li>\n<li><strong>Dimensiones<\/strong>:47 \u00d7 35 \u00d7 13 mm<\/li>\n<li><strong>Peso<\/strong>:16 gramos<\/li>\n<\/ul>","protected":false},"excerpt":{"rendered":"<p>Ajax Button es un bot\u00f3n de p\u00e1nico inal\u00e1mbrico que proporciona un manejo de alarma r\u00e1pido y seguro en situaciones de emergencia como intrusi\u00f3n, fugas de gas, incendios o emergencias m\u00e9dicas.<\/p>\n<p>Con una sola pulsaci\u00f3n y una bater\u00eda de larga duraci\u00f3n, este bot\u00f3n proporciona seguridad tanto para hogares como para empresas.<\/p>","protected":false},"featured_media":155474,"template":"","meta":{"_acf_changed":false},"product_brand":[],"product_cat":[3165,1319],"product_tag":[3127,4863],"class_list":{"0":"post-69703","1":"product","2":"type-product","3":"status-publish","4":"has-post-thumbnail","6":"product_cat-overfallslarm-knappar","7":"product_cat-ajax-larm","8":"product_tag-kontrollprodukt","9":"product_tag-pf","10":"product_shipping_class-postnord-varubrev","11":"pa_ajax-tradlosa-larm-fjarr-overfallsknapp","12":"pa_brands-ajax-systems","13":"pa_color-svart","14":"pa_farg-svart","15":"tm-no-options","17":"first","18":"instock","19":"sale","20":"featured","21":"taxable","22":"shipping-taxable","23":"purchasable","24":"product-type-simple"},"acf":[],"_links":{"self":[{"href":"https:\/\/secureus.se\/es\/wp-json\/wp\/v2\/product\/69703","targetHints":{"allow":["GET"]}}],"collection":[{"href":"https:\/\/secureus.se\/es\/wp-json\/wp\/v2\/product"}],"about":[{"href":"https:\/\/secureus.se\/es\/wp-json\/wp\/v2\/types\/product"}],"wp:featuredmedia":[{"embeddable":true,"href":"https:\/\/secureus.se\/es\/wp-json\/wp\/v2\/media\/155474"}],"wp:attachment":[{"href":"https:\/\/secureus.se\/es\/wp-json\/wp\/v2\/media?parent=69703"}],"wp:term":[{"taxonomy":"product_brand","embeddable":true,"href":"https:\/\/secureus.se\/es\/wp-json\/wp\/v2\/product_brand?post=69703"},{"taxonomy":"product_cat","embeddable":true,"href":"https:\/\/secureus.se\/es\/wp-json\/wp\/v2\/product_cat?post=69703"},{"taxonomy":"product_tag","embeddable":true,"href":"https:\/\/secureus.se\/es\/wp-json\/wp\/v2\/product_tag?post=69703"}],"curies":[{"name":"wp","href":"https:\/\/api.w.org\/{rel}","templated":true}]}}