{"id":69717,"date":"2022-11-28T12:06:03","date_gmt":"2022-11-28T11:06:03","guid":{"rendered":"https:\/\/secureus.se\/produkt\/smart-plug-230v-2500kw-tradlos-svart\/"},"modified":"2026-03-09T17:38:34","modified_gmt":"2026-03-09T16:38:34","slug":"ajax-smart-socket-230v-2500w-sv","status":"publish","type":"product","link":"https:\/\/secureus.se\/es\/ajax-smart-socket-230v-2500w-sv\/","title":{"rendered":"Enchufe inteligente Ajax Smart Socket de 230 voltios y hasta 2500 W, color negro"},"content":{"rendered":"<h3>Ajax Smart Socket es un enchufe inteligente inal\u00e1mbrico avanzado que le permite controlar y monitorear de forma remota electrodom\u00e9sticos a trav\u00e9s del sistema de seguridad Ajax.<\/h3>\n<p>Est\u00e1 dise\u00f1ado para conectar y controlar dispositivos el\u00e9ctricos con una carga total de hasta 2500W, lo que lo hace ideal para su uso en hogares y oficinas.<\/p>\n<p>Este enchufe inteligente no solo es una herramienta para controlar cu\u00e1ndo y c\u00f3mo se utilizan los dispositivos el\u00e9ctricos, sino tambi\u00e9n para optimizar y reducir el consumo de energ\u00eda.<\/p>\n<p>Con el medidor de energ\u00eda incorporado, el usuario recibe informaci\u00f3n detallada sobre el consumo de energ\u00eda de cada dispositivo conectado, lo que facilita la identificaci\u00f3n de los electrodom\u00e9sticos que consumen mucha energ\u00eda y el ahorro en costos de energ\u00eda.<\/p>\n<p>Con Ajax Smart Socket, puedes, por ejemplo, controlar de forma remota electrodom\u00e9sticos como la calefacci\u00f3n o el aire acondicionado antes de llegar a casa, o automatizar el funcionamiento de la iluminaci\u00f3n, electrodom\u00e9sticos no el\u00e9ctricos o funciones de seguridad.<\/p>\n<p>Adem\u00e1s de brindar comodidad, este enchufe inteligente protege contra riesgos de incendio al apagar electrodom\u00e9sticos peligrosos, como planchas o calentadores, cuando sales de casa.<\/p>\n<p>Una caracter\u00edstica \u00fanica es la luz LED que cambia de color en el enchufe inteligente Ajax, que proporciona informaci\u00f3n visible en tiempo real sobre el consumo de energ\u00eda del dispositivo.<\/p>\n<p>Cuando un dispositivo consume mucha electricidad, el color del LED cambia para proporcionar un indicador visual r\u00e1pido de alto consumo.<\/p>\n<p>Otra caracter\u00edstica importante es su robusta seguridad. El enchufe inteligente Ajax tiene una tapa a prueba de ni\u00f1os que impide que se introduzcan objetos peque\u00f1os en el enchufe, y tambi\u00e9n protege contra el polvo y los l\u00edquidos.<\/p>\n<p>Con protecci\u00f3n contra sobretemperatura (hasta 85\u00b0C) se reduce el riesgo de sobrecalentamiento e incendio.<\/p>\n<p><strong>Caracter\u00edsticas:<\/strong><\/p>\n<ul>\n<li><strong>Mando a distancia<\/strong>:Controla electrodom\u00e9sticos desde tu tel\u00e9fono inteligente a trav\u00e9s de la aplicaci\u00f3n Ajax.<\/li>\n<li><strong>Medici\u00f3n de energ\u00eda<\/strong>:Monitoree el consumo de energ\u00eda de cada dispositivo conectado e identifique los que consumen mucha energ\u00eda.<\/li>\n<li><strong>Automatizaci\u00f3n<\/strong>:Crea escenarios inteligentes que apaguen autom\u00e1ticamente los dispositivos cuando no est\u00e1s en casa.<\/li>\n<li><strong>Caracter\u00edsticas de seguridad<\/strong>:Protecci\u00f3n infantil, protecci\u00f3n contra sobretemperatura y comunicaci\u00f3n encriptada.<\/li>\n<li><strong>Pantalla LED<\/strong>:LED que cambia de color para indicar alto consumo de energ\u00eda.<\/li>\n<\/ul>\n<p><strong>Especificaciones t\u00e9cnicas:<\/strong><\/p>\n<ul>\n<li><strong>Carga m\u00e1xima<\/strong>:Hasta 2500W<\/li>\n<li><strong>Rango de voltaje<\/strong>: 110\u2013230 V~ \u00b1 10%; 50\/60 Hz<\/li>\n<li><strong>Consumo de energ\u00eda<\/strong>: \u2264 1 W<\/li>\n<li><strong>Protecci\u00f3n de corriente m\u00e1xima<\/strong>: 11 A (protecci\u00f3n activada), 13 A (protecci\u00f3n desactivada)<\/li>\n<li><strong>Protecci\u00f3n contra sobretemperatura<\/strong>: +85\u00b0C<\/li>\n<li><strong>Clase de protecci\u00f3n IP<\/strong>:IP20<\/li>\n<li><strong>Comunicaci\u00f3n<\/strong>:Tecnolog\u00eda de radio para joyeros, alcance de hasta 1.100 m<\/li>\n<li><strong>Duraci\u00f3n de la bater\u00eda<\/strong>:Ninguno (alimentaci\u00f3n a trav\u00e9s de toma de pared)<\/li>\n<li><strong>Medida<\/strong>:65,5 \u00d7 45 \u00d7 45 mm<\/li>\n<li><strong>Peso<\/strong>:58 gramos<\/li>\n<\/ul>","protected":false},"excerpt":{"rendered":"<p>Ajax Smart Socket es un enchufe inteligente para 230 voltios con una carga de hasta 2500W.<\/p>\n<p>Controle de forma remota electrodom\u00e9sticos a trav\u00e9s de la aplicaci\u00f3n Ajax, monitoree el consumo de energ\u00eda y automatice su sistema de seguridad.<\/p>\n<p>Soluci\u00f3n segura y sencilla para optimizar la energ\u00eda y la seguridad.<\/p>","protected":false},"featured_media":155625,"template":"","meta":{"_acf_changed":false},"product_brand":[],"product_cat":[3169,1319],"product_tag":[3127,4863],"class_list":{"0":"post-69717","1":"product","2":"type-product","3":"status-publish","4":"has-post-thumbnail","6":"product_cat-automation","7":"product_cat-ajax-larm","8":"product_tag-kontrollprodukt","9":"product_tag-pf","10":"product_shipping_class-tunga-paket","11":"pa_ajax-tradlosa-larm-smartplug-220-volt","12":"pa_brands-ajax-systems","13":"pa_color-svart","14":"pa_farg-svart","15":"tm-no-options","17":"first","18":"instock","19":"sale","20":"featured","21":"taxable","22":"shipping-taxable","23":"purchasable","24":"product-type-simple"},"acf":[],"_links":{"self":[{"href":"https:\/\/secureus.se\/es\/wp-json\/wp\/v2\/product\/69717","targetHints":{"allow":["GET"]}}],"collection":[{"href":"https:\/\/secureus.se\/es\/wp-json\/wp\/v2\/product"}],"about":[{"href":"https:\/\/secureus.se\/es\/wp-json\/wp\/v2\/types\/product"}],"wp:featuredmedia":[{"embeddable":true,"href":"https:\/\/secureus.se\/es\/wp-json\/wp\/v2\/media\/155625"}],"wp:attachment":[{"href":"https:\/\/secureus.se\/es\/wp-json\/wp\/v2\/media?parent=69717"}],"wp:term":[{"taxonomy":"product_brand","embeddable":true,"href":"https:\/\/secureus.se\/es\/wp-json\/wp\/v2\/product_brand?post=69717"},{"taxonomy":"product_cat","embeddable":true,"href":"https:\/\/secureus.se\/es\/wp-json\/wp\/v2\/product_cat?post=69717"},{"taxonomy":"product_tag","embeddable":true,"href":"https:\/\/secureus.se\/es\/wp-json\/wp\/v2\/product_tag?post=69717"}],"curies":[{"name":"wp","href":"https:\/\/api.w.org\/{rel}","templated":true}]}}