{"id":69724,"date":"2022-11-28T12:06:02","date_gmt":"2022-11-28T11:06:02","guid":{"rendered":"https:\/\/secureus.se\/produkt\/magnetkontakt-tilt-chocksensor-extern-ingang-tradlos-svart\/"},"modified":"2026-03-30T12:18:31","modified_gmt":"2026-03-30T10:18:31","slug":"ajax-doorprotect-plus-svart","status":"publish","type":"product","link":"https:\/\/secureus.se\/es\/ajax-doorprotect-plus-svart\/","title":{"rendered":"Ajax DoorProtect Plus Contacto magn\u00e9tico con sensor de impacto Negro"},"content":{"rendered":"<h3><strong>Ajax DoorProtect Plus<\/strong> Es un sensor de apertura inal\u00e1mbrico avanzado que proporciona protecci\u00f3n completa para su hogar o negocio al detectar tanto la apertura como el cierre de puertas, ventanas y trampillas.<\/h3>\n<p>Este sensor es una herramienta indispensable para proteger edificios y crear soluciones de hogares inteligentes que gestionan la seguridad autom\u00e1ticamente.<\/p>\n<p>El dise\u00f1o innovador combina un sensor de apertura con un <strong>sensor de impacto<\/strong> y uno <strong>detector de inclinaci\u00f3n<\/strong>.<\/p>\n<p>Cuando las puertas o ventanas se abren o sufren impactos, el sensor se activa y se env\u00eda una alarma a su sistema de seguridad.<\/p>\n<p>Esta unidad de sensor se puede conectar a su sistema de alarma Ajax e integrar f\u00e1cilmente con otros dispositivos de seguridad, como sirenas, luces o c\u00e1maras.<\/p>\n<p>Una de las principales ventajas de <strong>Ajax DoorProtect Plus<\/strong> es su capacidad de sentir <strong>choques<\/strong> y <strong>inclinaci\u00f3n<\/strong>, lo que lo convierte en una soluci\u00f3n m\u00e1s avanzada y confiable que los sensores de apertura est\u00e1ndar.<\/p>\n<p>Cuando una puerta o ventana se somete a presi\u00f3n o manipulaci\u00f3n, como por ejemplo un robo o un intento de romper la puerta, el sensor activar\u00e1 una alarma inmediatamente.<\/p>\n<p>La sensibilidad se puede ajustar para evitar falsas alarmas y hay tres niveles para elegir seg\u00fan el entorno y la aplicaci\u00f3n.<\/p>\n<h3>Caracter\u00edsticas:<\/h3>\n<ul>\n<li><strong>Sensor de impacto y detector de inclinaci\u00f3n integrados<\/strong>:Para detectar intrusi\u00f3n o manipulaci\u00f3n a trav\u00e9s de impactos y cambios en el \u00e1ngulo de inclinaci\u00f3n.<\/li>\n<li><strong>Sensibilidad ajustable<\/strong>:Ajuste la sensibilidad de choque en tres niveles para evitar falsas alarmas.<\/li>\n<li><strong>Duraci\u00f3n de la bater\u00eda de hasta 5 a\u00f1os<\/strong>:Gracias a un algoritmo de ahorro de energ\u00eda que garantiza un funcionamiento prolongado sin necesidad de reemplazo de bater\u00eda.<\/li>\n<li><strong>Comunicaci\u00f3n inal\u00e1mbrica<\/strong>:Se conecta de forma inal\u00e1mbrica al panel de control Ajax y env\u00eda se\u00f1ales de prueba para garantizar una comunicaci\u00f3n adecuada.<\/li>\n<li><strong>Notificaciones autom\u00e1ticas<\/strong>:Los usuarios reciben alarmas y notificaciones cuando se manipulan o abren puertas o ventanas.<\/li>\n<li><strong>Protecci\u00f3n contra manipulaciones<\/strong>:Protege contra intentos de intrusi\u00f3n mediante una alarma de sabotaje que se activa cuando se manipula o se desmantela.<\/li>\n<li><strong>Dos imanes incluidos<\/strong>:Para diferentes opciones de instalaci\u00f3n dependiendo de la construcci\u00f3n de la puerta o ventana.<\/li>\n<li><strong>Se integra en el sistema de seguridad Ajax<\/strong>:Funciona perfectamente con todos los concentradores y sistemas Ajax, pero no con soluciones de seguridad de terceros.<\/li>\n<li><strong>Soporte inteligente<\/strong>:F\u00e1cil instalaci\u00f3n sin da\u00f1ar el interior, mediante el soporte SmartBracket incluido.<\/li>\n<\/ul>\n<h3>\u00c1reas de uso:<\/h3>\n<ul>\n<li><strong>Protecci\u00f3n contra robos<\/strong>:Proteja puertas y ventanas contra robos activando inmediatamente las alarmas al abrirlas o sufrir un impacto.<\/li>\n<li><strong>Monitoreo de personas mayores o ni\u00f1os<\/strong>: Coloque el sensor en puertas o gabinetes para recibir notificaciones cuando alguien sale o abre \u00e1reas importantes.<\/li>\n<li><strong>Uso industrial<\/strong>:Se utiliza en almacenes, f\u00e1bricas y otras instalaciones industriales para proteger puertas y ventanas contra manipulaciones y robos.<\/li>\n<\/ul>\n<p><strong>Ajax DoorProtect Plus<\/strong> Es un sensor de apertura confiable y potente que garantiza que su hogar o lugar de trabajo est\u00e9 protegido contra robos y otras amenazas.<\/p>\n<p>Con conectividad inal\u00e1mbrica, bater\u00eda de larga duraci\u00f3n y funciones de seguridad avanzadas, esta es la elecci\u00f3n perfecta para fortalecer su seguridad y ganar tranquilidad.<\/p>","protected":false},"excerpt":{"rendered":"<p>Ajax DoorProtect Plus es un sensor de apertura inal\u00e1mbrico avanzado con sensor de impacto y detector de inclinaci\u00f3n incorporados.<\/p>\n<p>Perfecto para proteger puertas, ventanas y trampillas contra intrusiones y manipulaciones.<\/p>\n<p>Hasta 5 a\u00f1os de duraci\u00f3n de bater\u00eda y conexi\u00f3n inal\u00e1mbrica al sistema de seguridad Ajax.<\/p>","protected":false},"featured_media":155460,"template":"","meta":{"_acf_changed":false},"product_brand":[],"product_cat":[3160,1319,3161],"product_tag":[3127,4863],"class_list":{"0":"post-69724","1":"product","2":"type-product","3":"status-publish","4":"has-post-thumbnail","6":"product_cat-skalskydd","7":"product_cat-ajax-larm","8":"product_cat-dorrbrytare","9":"product_tag-kontrollprodukt","10":"product_tag-pf","11":"product_shipping_class-postnord-varubrev","12":"pa_ajax-tradlosa-larm-magnetkontakter","13":"pa_brands-ajax-systems","14":"pa_color-svart","15":"pa_farg-svart","16":"tm-no-options","18":"first","19":"instock","20":"sale","21":"featured","22":"taxable","23":"shipping-taxable","24":"purchasable","25":"product-type-simple"},"acf":[],"_links":{"self":[{"href":"https:\/\/secureus.se\/es\/wp-json\/wp\/v2\/product\/69724","targetHints":{"allow":["GET"]}}],"collection":[{"href":"https:\/\/secureus.se\/es\/wp-json\/wp\/v2\/product"}],"about":[{"href":"https:\/\/secureus.se\/es\/wp-json\/wp\/v2\/types\/product"}],"wp:featuredmedia":[{"embeddable":true,"href":"https:\/\/secureus.se\/es\/wp-json\/wp\/v2\/media\/155460"}],"wp:attachment":[{"href":"https:\/\/secureus.se\/es\/wp-json\/wp\/v2\/media?parent=69724"}],"wp:term":[{"taxonomy":"product_brand","embeddable":true,"href":"https:\/\/secureus.se\/es\/wp-json\/wp\/v2\/product_brand?post=69724"},{"taxonomy":"product_cat","embeddable":true,"href":"https:\/\/secureus.se\/es\/wp-json\/wp\/v2\/product_cat?post=69724"},{"taxonomy":"product_tag","embeddable":true,"href":"https:\/\/secureus.se\/es\/wp-json\/wp\/v2\/product_tag?post=69724"}],"curies":[{"name":"wp","href":"https:\/\/api.w.org\/{rel}","templated":true}]}}