{"id":69755,"date":"2022-11-28T12:05:46","date_gmt":"2022-11-28T11:05:46","guid":{"rendered":"https:\/\/secureus.se\/produkt\/kameradetektor-husdjur-12m-tradlos-svart\/"},"modified":"2026-03-09T17:39:37","modified_gmt":"2026-03-09T16:39:37","slug":"ajax-motioncam-kamera-husdjur-svart","status":"publish","type":"product","link":"https:\/\/secureus.se\/es\/ajax-motioncam-kamera-husdjur-svart\/","title":{"rendered":"Detector de c\u00e1mara Ajax MotionCam con funci\u00f3n para mascotas, color negro"},"content":{"rendered":"<h3><strong>Ajax MotionCam: detector de movimiento inal\u00e1mbrico con c\u00e1mara y protecci\u00f3n contra mascotas<\/strong><\/h3>\n<p>Ajax MotionCam es un detector de movimiento inal\u00e1mbrico que toma fotograf\u00edas en caso de alarma, lo que le permite verificar los eventos de inmediato.<\/p>\n<p>Con inmunidad a mascotas incorporada y tecnolog\u00eda avanzada para minimizar las falsas alarmas, esta es la mejor soluci\u00f3n de sistema de seguridad.<\/p>\n<p>MotionCam no es solo un detector, sino una poderosa herramienta para la verificaci\u00f3n de alarmas r\u00e1pida y confiable.<\/p>\n<p><strong>Caracter\u00edsticas principales:<\/strong><\/p>\n<ol>\n<li><strong>Verificaci\u00f3n r\u00e1pida de fotograf\u00eda (9 segundos):<\/strong> Cuando se activa el detector de movimiento, MotionCam toma fotograf\u00edas inmediatamente y las env\u00eda a su tel\u00e9fono inteligente o centro de seguridad.<\/li>\n<li>Esto le proporciona una confirmaci\u00f3n visual inmediata de lo que ha ocurrido sin tener que esperar datos adicionales.<\/li>\n<li><strong>Inmunidad de las mascotas:<\/strong> MotionCam tiene inmunidad a mascotas para animales de hasta 20 kg y 50 cm.<\/li>\n<li>Esto significa que usted puede tener su sistema de seguridad encendido sin preocuparse por falsas alarmas causadas por sus mascotas.<\/li>\n<li><strong>Resoluci\u00f3n de imagen ajustable:<\/strong> Para adaptarse a diferentes necesidades, la resoluci\u00f3n de la imagen se puede ajustar para ahorrar ancho de banda y espacio de almacenamiento.<\/li>\n<li>Se puede utilizar una resoluci\u00f3n m\u00e1s alta para obtener im\u00e1genes m\u00e1s detalladas cuando sea necesario.<\/li>\n<li><strong>Iluminaci\u00f3n infrarroja para condiciones de oscuridad:<\/strong> Con iluminaci\u00f3n IR incorporada, MotionCam puede tomar fotograf\u00edas incluso en espacios oscuros, lo que significa que puedes estar seguro de que nada pasa desapercibido incluso de noche.<\/li>\n<li><strong>Funci\u00f3n de compensaci\u00f3n de temperatura:<\/strong> MotionCam ajusta su configuraci\u00f3n de detecci\u00f3n en funci\u00f3n de la temperatura ambiente, lo que lo hace eficaz tanto en ambientes c\u00e1lidos como fr\u00edos.<\/li>\n<\/ol>\n<p><strong>Especificaciones t\u00e9cnicas:<\/strong><\/p>\n<ul>\n<li><strong>Distancia de detecci\u00f3n:<\/strong> Hasta 12 metros<\/li>\n<li><strong>Inmunidad de las mascotas:<\/strong> Hasta 20 kg y 50 cm<\/li>\n<li><strong>Hora de verificaci\u00f3n de la foto:<\/strong> 9 segundos<\/li>\n<li><strong>Duraci\u00f3n de la bater\u00eda:<\/strong> Hasta 4 a\u00f1os dependiendo del uso<\/li>\n<li><strong>\u00c1rea de comunicaci\u00f3n con hub:<\/strong> Hasta 1300 metros (en terreno abierto)<\/li>\n<li><strong>Fuente de alimentaci\u00f3n:<\/strong> 1 bater\u00eda CR123A<\/li>\n<li><strong>Medida:<\/strong> 130 x 70 x 60 mm<\/li>\n<li><strong>Peso:<\/strong> 200 gramos<\/li>\n<li><strong>Clase de protecci\u00f3n:<\/strong> IP50<\/li>\n<li><strong>Compensaci\u00f3n de temperatura:<\/strong> S\u00ed<\/li>\n<li><strong>Iluminaci\u00f3n infrarroja:<\/strong> S\u00ed<\/li>\n<\/ul>\n<p><strong>Privacidad y Protecci\u00f3n de Datos:<\/strong><\/p>\n<ul>\n<li><strong>Cifrado y cumplimiento del RGPD:<\/strong> Todas las im\u00e1genes y datos est\u00e1n encriptados para garantizar que ninguna persona no autorizada pueda acceder a informaci\u00f3n confidencial.<\/li>\n<li>S\u00f3lo los usuarios autorizados pueden ver las im\u00e1genes a trav\u00e9s de la aplicaci\u00f3n Ajax, y la transmisi\u00f3n de datos es segura mediante el uso de encriptaci\u00f3n de bloques y salto de frecuencia.<\/li>\n<\/ul>\n<p><strong>Tecnolog\u00eda inal\u00e1mbrica:<\/strong><\/p>\n<ul>\n<li><strong>Protocolo de Joyero y Alas:<\/strong> MotionCam utiliza los protocolos inal\u00e1mbricos Jeweller y Wings para una comunicaci\u00f3n r\u00e1pida y confiable.<\/li>\n<li>Jeweller garantiza una transmisi\u00f3n segura de alarma, mientras que Wings asegura una transmisi\u00f3n r\u00e1pida de fotograf\u00edas.<\/li>\n<\/ul>\n<p><strong>Caracter\u00edsticas antimanipulaci\u00f3n:<\/strong><\/p>\n<ul>\n<li>MotionCam detecta si el dispositivo es manipulado o si se produce una p\u00e9rdida de comunicaci\u00f3n y env\u00eda una alerta de inmediato.<\/li>\n<li>Esto garantiza que el dispositivo permanezca seguro y funcional, incluso en caso de intentos de sabotaje.<\/li>\n<\/ul>\n<p><strong>Instalaci\u00f3n e Integraci\u00f3n:<\/strong> MotionCam es f\u00e1cil de instalar a trav\u00e9s de la aplicaci\u00f3n Ajax.<\/p>\n<p>Al escanear el c\u00f3digo QR, puede agregar r\u00e1pidamente el dispositivo al sistema sin tener que desmontar nada.<\/p>\n<p>El detector se instala en un SmartBracket y est\u00e1 listo para usar en minutos.<\/p>\n<p><strong>Ventajas:<\/strong><\/p>\n<ul>\n<li><strong>Verificaci\u00f3n r\u00e1pida de alarma:<\/strong> Obtenga informaci\u00f3n instant\u00e1nea sobre los eventos de seguridad.<\/li>\n<li><strong>Reduce las falsas alarmas:<\/strong> La inmunidad a las mascotas y el filtrado de software avanzado le permiten estar seguro de que el sistema est\u00e1 respondiendo correctamente.<\/li>\n<li><strong>Mayor seguridad:<\/strong> Mayor seguridad mediante la verificaci\u00f3n visual de eventos.<\/li>\n<li><strong>F\u00e1cil uso e instalaci\u00f3n:<\/strong> F\u00e1cil de instalar y configurar a trav\u00e9s de la aplicaci\u00f3n.<\/li>\n<li><strong>Mayor privacidad y protecci\u00f3n de datos:<\/strong> El cifrado y el estricto control de acceso protegen su informaci\u00f3n.<\/li>\n<\/ul>\n<p><strong>\u00c1reas de uso:<\/strong><\/p>\n<ul>\n<li><strong>Hogar:<\/strong> Verifique intrusiones y obtenga confirmaci\u00f3n visual instant\u00e1nea en el sistema de su tel\u00e9fono inteligente.<\/li>\n<li><strong>Negocio:<\/strong> Monitoree las instalaciones de su negocio y obtenga informaci\u00f3n r\u00e1pida sobre amenazas a la seguridad.<\/li>\n<li><strong>Fines del seguro:<\/strong> Obtener documentaci\u00f3n de incidentes de seguridad para comprobar infracciones y da\u00f1os.<\/li>\n<\/ul>","protected":false},"excerpt":{"rendered":"<p>Ajax MotionCam es un detector de movimiento inal\u00e1mbrico con una c\u00e1mara incorporada que ofrece una r\u00e1pida verificaci\u00f3n de fotograf\u00edas en 9 segundos.<\/p>\n<p>Est\u00e1 equipado con inmunidad a mascotas, resoluci\u00f3n de imagen ajustable e iluminaci\u00f3n IR para tomar fotograf\u00edas incluso en condiciones de oscuridad.<\/p>\n<p>Una soluci\u00f3n confiable para reducir las falsas alarmas y proporcionar informaci\u00f3n r\u00e1pida sobre las intrusiones.<\/p>","protected":false},"featured_media":155509,"template":"","meta":{"_acf_changed":false},"product_brand":[],"product_cat":[3156,1319,3155],"product_tag":[3127,4863],"class_list":{"0":"post-69755","1":"product","2":"type-product","3":"status-publish","4":"has-post-thumbnail","6":"product_cat-rorelse-och-kamera","7":"product_cat-ajax-larm","8":"product_cat-larmenheter","9":"product_tag-kontrollprodukt","10":"product_tag-pf","11":"product_shipping_class-tunga-paket","12":"pa_ajax-tradlosa-larm-kameradetektor","13":"pa_brands-ajax-systems","14":"pa_color-svart","15":"pa_farg-svart","16":"tm-no-options","18":"first","19":"onbackorder","20":"sale","21":"featured","22":"taxable","23":"shipping-taxable","24":"purchasable","25":"product-type-simple"},"acf":[],"_links":{"self":[{"href":"https:\/\/secureus.se\/es\/wp-json\/wp\/v2\/product\/69755","targetHints":{"allow":["GET"]}}],"collection":[{"href":"https:\/\/secureus.se\/es\/wp-json\/wp\/v2\/product"}],"about":[{"href":"https:\/\/secureus.se\/es\/wp-json\/wp\/v2\/types\/product"}],"wp:featuredmedia":[{"embeddable":true,"href":"https:\/\/secureus.se\/es\/wp-json\/wp\/v2\/media\/155509"}],"wp:attachment":[{"href":"https:\/\/secureus.se\/es\/wp-json\/wp\/v2\/media?parent=69755"}],"wp:term":[{"taxonomy":"product_brand","embeddable":true,"href":"https:\/\/secureus.se\/es\/wp-json\/wp\/v2\/product_brand?post=69755"},{"taxonomy":"product_cat","embeddable":true,"href":"https:\/\/secureus.se\/es\/wp-json\/wp\/v2\/product_cat?post=69755"},{"taxonomy":"product_tag","embeddable":true,"href":"https:\/\/secureus.se\/es\/wp-json\/wp\/v2\/product_tag?post=69755"}],"curies":[{"name":"wp","href":"https:\/\/api.w.org\/{rel}","templated":true}]}}