{"id":69765,"date":"2022-11-28T12:05:45","date_gmt":"2022-11-28T11:05:45","guid":{"rendered":"https:\/\/secureus.se\/produkt\/kameradetektor-utomhus-phod-tradlos-vit-2\/"},"modified":"2026-03-09T17:39:30","modified_gmt":"2026-03-09T16:39:30","slug":"ajax-motioncam-outdoor-phod-vit","status":"publish","type":"product","link":"https:\/\/secureus.se\/es\/ajax-motioncam-outdoor-phod-vit\/","title":{"rendered":"Detector de c\u00e1mara Ajax MotionCam Outdoor (PhOD) blanco"},"content":{"rendered":"<h3>Ajax MotionCam Outdoor (PhOD) Jeweller es el \u00faltimo detector de movimiento inal\u00e1mbrico para exteriores, dise\u00f1ado para brindar seguridad superior y verificaci\u00f3n fotogr\u00e1fica instant\u00e1nea al detectar movimiento.<\/h3>\n<p>Este dispositivo combina detecci\u00f3n de alta tecnolog\u00eda con transmisi\u00f3n r\u00e1pida de im\u00e1genes, brindando a los usuarios la capacidad de recibir confirmaci\u00f3n visual de eventos en segundos, directamente a trav\u00e9s de la aplicaci\u00f3n Ajax.<\/p>\n<p>Perfecto para usar en casa, en la oficina o en locales comerciales donde la protecci\u00f3n exterior es esencial.<\/p>\n<p><strong>Caracter\u00edsticas y beneficios:<\/strong><\/p>\n<ul>\n<li><strong>Zona de detecci\u00f3n ajustable:<\/strong> Ajax MotionCam Outdoor tiene una zona de detecci\u00f3n flexible de 3 a 15 metros y es ideal para todo tipo de entornos al aire libre. Se puede adaptar para cubrir grandes \u00e1reas, lo que lo convierte en una soluci\u00f3n vers\u00e1til tanto para propiedades privadas como comerciales.<\/li>\n<li><strong>Verificaci\u00f3n de fotograf\u00edas en tiempo real:<\/strong> Cuando se detecta movimiento, la c\u00e1mara puede tomar hasta cinco fotograf\u00edas en solo 9 segundos. Esto proporciona una verificaci\u00f3n visual instant\u00e1nea que puede enviarse a los usuarios y a las empresas de seguridad. Esto permite comprender r\u00e1pidamente la situaci\u00f3n y tomar medidas si es necesario.<\/li>\n<li><strong>Iluminaci\u00f3n infrarroja incorporada:<\/strong> Para garantizar im\u00e1genes de alta calidad incluso en condiciones de poca luz, MotionCam Outdoor est\u00e1 equipado con iluminaci\u00f3n infrarroja (IR), que permite obtener im\u00e1genes claras incluso en entornos oscuros.<\/li>\n<li><strong>Inmunidad de las mascotas:<\/strong> Una funci\u00f3n inteligente que permite al dispositivo ignorar los movimientos de mascotas peque\u00f1as de hasta 20 kg y 50 cm de altura, minimizando el riesgo de falsas alarmas causadas por las mascotas.<\/li>\n<li><strong>Compensaci\u00f3n de temperatura:<\/strong> Para garantizar una detecci\u00f3n efectiva tanto en condiciones de fr\u00edo como de calor, MotionCam Outdoor est\u00e1 equipado con compensaci\u00f3n de temperatura. Esto significa que mantiene su funci\u00f3n independientemente de las condiciones clim\u00e1ticas.<\/li>\n<li><strong>Dise\u00f1o compacto y robusto:<\/strong> Con clasificaci\u00f3n IP55, el dispositivo est\u00e1 protegido contra el polvo y las condiciones clim\u00e1ticas como la lluvia y la humedad. Esto lo hace perfecto para soportar condiciones exteriores sin afectar el rendimiento.<\/li>\n<li><strong>Gesti\u00f3n segura de datos e integridad:<\/strong> Todas las im\u00e1genes tomadas est\u00e1n encriptadas y protegidas seg\u00fan los est\u00e1ndares GDPR. Los usuarios pueden gestionar el acceso a las im\u00e1genes y los datos visuales a trav\u00e9s de una estricta asignaci\u00f3n de permisos en la aplicaci\u00f3n Ajax.<\/li>\n<li><strong>Comunicaci\u00f3n y flexibilidad:<\/strong> MotionCam Outdoor utiliza los protocolos inal\u00e1mbricos Jeweller y Wings para garantizar una transmisi\u00f3n r\u00e1pida y confiable de alarmas y fotos. Con un alcance de comunicaci\u00f3n de hasta 1700 metros, es ideal para grandes propiedades y \u00e1reas.<\/li>\n<li><strong>Protecci\u00f3n antisabotaje y enmascaramiento:<\/strong> El dispositivo tiene funciones antimanipulaci\u00f3n integradas que protegen contra intentos de manipulaci\u00f3n y sabotaje. Si se detecta una p\u00e9rdida de comunicaci\u00f3n o se intenta retirar el dispositivo, se env\u00edan alertas inmediatas al usuario y a la empresa de seguridad.<\/li>\n<\/ul>\n<p><strong>Compatibilidad y facilidad de instalaci\u00f3n:<\/strong> MotionCam Outdoor (PhOD) es compatible con todos los Ajax Hub 2, Hub 2 Plus y Hub Hybrid. La instalaci\u00f3n es sencilla a trav\u00e9s del c\u00f3digo QR y el detector se puede conectar r\u00e1pidamente al sistema a trav\u00e9s de la aplicaci\u00f3n Ajax. Se puede instalar en m\u00faltiples ubicaciones utilizando el SmartBracket y est\u00e1 listo para funcionar en solo unos minutos.<\/p>\n<p><strong>Especificaciones t\u00e9cnicas:<\/strong><\/p>\n<ul>\n<li><strong>Tiempo de funcionamiento:<\/strong> Hasta 4 a\u00f1os con bater\u00edas preinstaladas.<\/li>\n<li><strong>Rango de temperatura:<\/strong> Desde -25\u00b0C hasta +60\u00b0C, lo que lo hace ideal para su uso en condiciones clim\u00e1ticas adversas.<\/li>\n<li><strong>Iluminaci\u00f3n infrarroja:<\/strong> S\u00ed, para tomar fotograf\u00edas en condiciones de oscuridad.<\/li>\n<li><strong>Inmunidad de las mascotas:<\/strong> Hasta 20 kg y 50 cm.<\/li>\n<li><strong>Bater\u00eda:<\/strong> 4 pilas CR123A.<\/li>\n<li><strong>Verificaci\u00f3n de fotograf\u00eda:<\/strong> Toma hasta 5 fotograf\u00edas ante alarma, a pedido o cuando se detecta humo.<\/li>\n<li><strong>Clase de protecci\u00f3n:<\/strong> IP55 (protecci\u00f3n contra lluvia y polvo).<\/li>\n<\/ul>\n<p><strong>El paquete contiene:<\/strong><\/p>\n<ul>\n<li>Detector MotionCam Outdoor (PhOD)<\/li>\n<li>Panel de montaje SmartBracket<\/li>\n<li>Pilas CR123A preinstaladas<\/li>\n<li>Manual de instalaci\u00f3n<\/li>\n<\/ul>\n<p>Ajax MotionCam Outdoor (PhOD) es la opci\u00f3n \u00f3ptima para asegurar su vigilancia exterior con una verificaci\u00f3n de fotograf\u00edas r\u00e1pida, confiable y segura.<\/p>\n<p>Al combinar la detecci\u00f3n de movimiento de alta tecnolog\u00eda y la verificaci\u00f3n de im\u00e1genes, este dispositivo proporciona protecci\u00f3n integral y aumenta la seguridad tanto de hogares como de empresas.<\/p>","protected":false},"excerpt":{"rendered":"<p>Ajax MotionCam Outdoor (PhOD) es un detector de movimiento inal\u00e1mbrico para exteriores con una c\u00e1mara incorporada para verificaci\u00f3n de fotograf\u00edas.<\/p>\n<p>Ofrece detecci\u00f3n de movimiento r\u00e1pida, transmisi\u00f3n de im\u00e1genes claras con iluminaci\u00f3n IR y compatibilidad con los protocolos inal\u00e1mbricos Jeweller y Wings.<\/p>\n<p>Con bater\u00eda de larga duraci\u00f3n y funci\u00f3n antisabotaje integrada, es perfecto para aumentar la seguridad en exteriores.<\/p>","protected":false},"featured_media":155510,"template":"","meta":{"_acf_changed":false},"product_brand":[],"product_cat":[3157,1319,3155,3156],"product_tag":[3152,3127,2137,4863],"class_list":{"0":"post-69765","1":"product","2":"type-product","3":"status-publish","4":"has-post-thumbnail","6":"product_cat-utomhussakerhet","7":"product_cat-ajax-larm","8":"product_cat-larmenheter","9":"product_cat-rorelse-och-kamera","10":"product_tag-cr123-tillbehor","11":"product_tag-kontrollprodukt","12":"product_tag-lager-ajax","13":"product_tag-pf","14":"product_shipping_class-postnord-varubrev","15":"pa_ajax-tradlosa-larm-kameradetektor","16":"pa_brands-ajax-systems","17":"pa_color-vit","18":"pa_farg-vit","19":"tm-no-options","21":"first","22":"instock","23":"sale","24":"featured","25":"taxable","26":"shipping-taxable","27":"purchasable","28":"product-type-simple"},"acf":[],"_links":{"self":[{"href":"https:\/\/secureus.se\/es\/wp-json\/wp\/v2\/product\/69765","targetHints":{"allow":["GET"]}}],"collection":[{"href":"https:\/\/secureus.se\/es\/wp-json\/wp\/v2\/product"}],"about":[{"href":"https:\/\/secureus.se\/es\/wp-json\/wp\/v2\/types\/product"}],"wp:featuredmedia":[{"embeddable":true,"href":"https:\/\/secureus.se\/es\/wp-json\/wp\/v2\/media\/155510"}],"wp:attachment":[{"href":"https:\/\/secureus.se\/es\/wp-json\/wp\/v2\/media?parent=69765"}],"wp:term":[{"taxonomy":"product_brand","embeddable":true,"href":"https:\/\/secureus.se\/es\/wp-json\/wp\/v2\/product_brand?post=69765"},{"taxonomy":"product_cat","embeddable":true,"href":"https:\/\/secureus.se\/es\/wp-json\/wp\/v2\/product_cat?post=69765"},{"taxonomy":"product_tag","embeddable":true,"href":"https:\/\/secureus.se\/es\/wp-json\/wp\/v2\/product_tag?post=69765"}],"curies":[{"name":"wp","href":"https:\/\/api.w.org\/{rel}","templated":true}]}}