{"id":69779,"date":"2022-11-28T11:22:36","date_gmt":"2022-11-28T10:22:36","guid":{"rendered":"https:\/\/secureus.se\/produkt\/passerkort-mifare-desfire-svart\/"},"modified":"2026-03-10T11:01:18","modified_gmt":"2026-03-10T10:01:18","slug":"ajax-passerkort-mifare-desfire-svart","status":"publish","type":"product","link":"https:\/\/secureus.se\/es\/ajax-passerkort-mifare-desfire-svart\/","title":{"rendered":"Tarjeta de acceso Ajax Mifare DESFire negra"},"content":{"rendered":"<h3><strong>Tarjeta de acceso Ajax Mifare DESFire<\/strong> Es una forma avanzada y segura de administrar su sistema de alarma Ajax.<\/h3>\n<p>Equipado con <strong>Tecnolog\u00eda DESFire\u00ae<\/strong>, un sistema reconocido internacionalmente basado en <strong>ISO 14443<\/strong> (13,56 MHz), la tarjeta de acceso ofrece ambas <strong>cifrado de 128 bits<\/strong> y <strong>protecci\u00f3n de copia<\/strong> Para m\u00e1xima seguridad.<\/p>\n<p>Esto lo convierte en una excelente soluci\u00f3n para armar y desarmar r\u00e1pida y eficientemente su sistema de seguridad sin la necesidad de utilizar contrase\u00f1as o una aplicaci\u00f3n m\u00f3vil.<\/p>\n<p><strong>Caracter\u00edsticas principales:<\/strong><\/p>\n<ul>\n<li><strong>Alta seguridad:<\/strong> La tarjeta de acceso est\u00e1 equipada con <strong>cifrado de 128 bits<\/strong> y <strong>protecci\u00f3n de copia<\/strong>, lo que garantiza que s\u00f3lo lo utilicen usuarios autorizados.<\/li>\n<li><strong>Compatibilidad:<\/strong> Funciona con <strong>Teclado Ajax Plus DESFire<\/strong> y se puede conectar hasta <strong>13 centros<\/strong>. Puede administrar f\u00e1cilmente el acceso a trav\u00e9s de la aplicaci\u00f3n Ajax.<\/li>\n<li><strong>F\u00e1cil de usar:<\/strong> Arme o desarme la alarma simplemente colocando su tarjeta o llavero en el teclado compatible, sin tener que iniciar sesi\u00f3n en una aplicaci\u00f3n o usar una contrase\u00f1a.<\/li>\n<li><strong>Monitoreo de acceso:<\/strong> Todos los datos del usuario se registran en el flujo de eventos del sistema y los administradores pueden cambiar los derechos de acceso directamente en la aplicaci\u00f3n en cualquier momento.<\/li>\n<li><strong>Rango de temperatura:<\/strong> Funciona eficazmente dentro de un rango de temperatura de <strong>-10\u00b0C a +40\u00b0C<\/strong> y con una humedad de hasta <strong>75%<\/strong>, lo que lo hace duradero en diversas condiciones.<\/li>\n<li><strong>Instalaci\u00f3n suave:<\/strong> La tarjeta de acceso se integra f\u00e1cilmente en el sistema a trav\u00e9s de la aplicaci\u00f3n Ajax, y todos los dispositivos y nodos se pueden administrar sin procedimientos de instalaci\u00f3n complicados.<\/li>\n<\/ul>\n<p><strong>\u00c1reas de uso:<\/strong><\/p>\n<ul>\n<li><strong>Negocios y locales comerciales:<\/strong> Control de acceso efectivo para empleados o agentes de seguridad.<\/li>\n<li><strong>Alojamiento:<\/strong> Soluci\u00f3n sencilla para garantizar que s\u00f3lo las personas autorizadas puedan activar o desactivar la alarma.<\/li>\n<li><strong>Casas inteligentes:<\/strong> Una soluci\u00f3n confiable para integrar y gestionar la seguridad en una casa inteligente.<\/li>\n<\/ul>\n<p><strong>Especificaciones t\u00e9cnicas:<\/strong><\/p>\n<ul>\n<li><strong>Compatibilidad:<\/strong> Funciona con Ajax KeyPad Plus DESFire, se conecta a hasta 13 concentradores<\/li>\n<li><strong>T\u00e9cnica:<\/strong> Mifare DESFire\u00ae, ISO 14443<\/li>\n<li><strong>Temperatura:<\/strong> -10\u00b0C a +40\u00b0C<\/li>\n<li><strong>Humedad:<\/strong> Hasta 75%<\/li>\n<li><strong>Cifrado:<\/strong> Cifrado de 128 bits y protecci\u00f3n contra copia<\/li>\n<li><strong>Duraci\u00f3n de la bater\u00eda:<\/strong> Uso a largo plazo sin cambios frecuentes de bater\u00eda.<\/li>\n<\/ul>\n<p><strong>El paquete contiene:<\/strong><\/p>\n<ul>\n<li>1 x Tarjeta de acceso Mifare DESFire<\/li>\n<li>Instrucciones de instalaci\u00f3n y uso<\/li>\n<\/ul>\n<p>Con <strong>Tarjeta de acceso Ajax Mifare DESFire<\/strong> Obtendr\u00e1 una soluci\u00f3n simple, segura y efectiva para administrar y proteger sus instalaciones sin tener que lidiar con c\u00f3digos o aplicaciones complicados.<\/p>","protected":false},"excerpt":{"rendered":"<p>La tarjeta de acceso Ajax Mifare DESFire es una tarjeta de seguridad para una f\u00e1cil gesti\u00f3n y activaci\u00f3n de su sistema de alarma.<\/p>\n<p>Equipado con encriptaci\u00f3n de 128 bits y alta seguridad a trav\u00e9s de la tecnolog\u00eda DESFire, se puede utilizar en hasta 13 hubs diferentes y proporciona un acceso r\u00e1pido y sin contacto.<\/p>","protected":false},"featured_media":158666,"template":"","meta":{"_acf_changed":false},"product_brand":[],"product_cat":[3164,1319],"product_tag":[3127,4863],"class_list":{"0":"post-69779","1":"product","2":"type-product","3":"status-publish","4":"has-post-thumbnail","6":"product_cat-larmstyrning","7":"product_cat-ajax-larm","8":"product_tag-kontrollprodukt","9":"product_tag-pf","10":"product_shipping_class-tunga-paket","11":"pa_ajax-tradlosa-larm-passerkort-tagg","12":"pa_brands-ajax-systems","13":"pa_color-svart","14":"pa_farg-svart","15":"tm-no-options","17":"first","18":"instock","19":"sale","20":"featured","21":"taxable","22":"shipping-taxable","23":"purchasable","24":"product-type-simple"},"acf":[],"_links":{"self":[{"href":"https:\/\/secureus.se\/es\/wp-json\/wp\/v2\/product\/69779","targetHints":{"allow":["GET"]}}],"collection":[{"href":"https:\/\/secureus.se\/es\/wp-json\/wp\/v2\/product"}],"about":[{"href":"https:\/\/secureus.se\/es\/wp-json\/wp\/v2\/types\/product"}],"wp:featuredmedia":[{"embeddable":true,"href":"https:\/\/secureus.se\/es\/wp-json\/wp\/v2\/media\/158666"}],"wp:attachment":[{"href":"https:\/\/secureus.se\/es\/wp-json\/wp\/v2\/media?parent=69779"}],"wp:term":[{"taxonomy":"product_brand","embeddable":true,"href":"https:\/\/secureus.se\/es\/wp-json\/wp\/v2\/product_brand?post=69779"},{"taxonomy":"product_cat","embeddable":true,"href":"https:\/\/secureus.se\/es\/wp-json\/wp\/v2\/product_cat?post=69779"},{"taxonomy":"product_tag","embeddable":true,"href":"https:\/\/secureus.se\/es\/wp-json\/wp\/v2\/product_tag?post=69779"}],"curies":[{"name":"wp","href":"https:\/\/api.w.org\/{rel}","templated":true}]}}