{"id":69790,"date":"2022-11-28T11:21:57","date_gmt":"2022-11-28T10:21:57","guid":{"rendered":"https:\/\/secureus.se\/produkt\/faste-for-ajax-overfallskontakt-vit\/"},"modified":"2026-04-09T10:30:12","modified_gmt":"2026-04-09T08:30:12","slug":"ajax-smart-bracket-faste-for-ajax-overfallskontakt-vit","status":"publish","type":"product","link":"https:\/\/secureus.se\/es\/ajax-smart-bracket-faste-for-ajax-overfallskontakt-vit\/","title":{"rendered":"Ajax Holder White - Soporte para Ajax Button y DoubleButton"},"content":{"rendered":"<h3><strong>Soporte inteligente Ajax Soporte para interruptor de p\u00e1nico Ajax y bot\u00f3n doble<\/strong><\/h3>\n<p>El soporte inteligente Ajax es un soporte de montaje vers\u00e1til y confiable que hace que la instalaci\u00f3n de los interruptores antimanipulaci\u00f3n y los botones dobles Ajax sea f\u00e1cil y segura.<\/p>\n<p>Al utilizar este soporte, puede asegurarse de que sus botones de p\u00e1nico sean f\u00e1cilmente accesibles, lo que le permitir\u00e1 activar r\u00e1pidamente la alarma en situaciones de emergencia.<\/p>\n<p>El soporte es especialmente \u00fatil para los usuarios que desean acceder f\u00e1cilmente a sus se\u00f1ales de emergencia sin tener que preocuparse de que el bot\u00f3n sea dif\u00edcil de encontrar o usar en situaciones estresantes.<\/p>\n<p><strong>Dise\u00f1o y funci\u00f3n<\/strong><\/p>\n<p>El soporte inteligente est\u00e1 dise\u00f1ado para adaptarse perfectamente a los interruptores de p\u00e1nico Ajax y DoubleButton, dos dispositivos importantes en el sistema de seguridad Ajax.<\/p>\n<p>El interruptor de p\u00e1nico se utiliza para generar una alarma inmediata en situaciones de emergencia, mientras que el DoubleButton sirve como una se\u00f1al de emergencia r\u00e1pida y eficaz para alejar las amenazas.<\/p>\n<p>Al instalar estos dispositivos con Smart Bracket, obtienes funcionalidad y seguridad en uno.<\/p>\n<p>El soporte de montaje permite colocar las unidades en una superficie vertical o en una esquina, haci\u00e9ndolas f\u00e1cilmente accesibles para el usuario.<\/p>\n<p><strong>F\u00e1cil instalaci\u00f3n y ajuste<\/strong><\/p>\n<p>El soporte de montaje Smart Bracket hace que la instalaci\u00f3n sea f\u00e1cil y r\u00e1pida.<\/p>\n<p>Para instalarlo, retire el panel de montaje del dispositivo y fije el panel del soporte inteligente a una superficie adecuada usando cinta de doble cara u otros sujetadores temporales. La altura de instalaci\u00f3n debe ser de unos 2,4 metros para facilitar un acceso r\u00e1pido.<\/p>\n<p>Una vez colocado el soporte, puedes ejecutar f\u00e1cilmente pruebas de intensidad de se\u00f1al para garantizar que los dispositivos funcionen de manera estable. Si es necesario, puede ajustar la ubicaci\u00f3n de los dispositivos, aunque un ligero reposicionamiento puede mejorar significativamente la intensidad de la se\u00f1al.<\/p>\n<p><strong>Seguridad y confiabilidad<\/strong><\/p>\n<p>El soporte inteligente Ajax est\u00e1 dise\u00f1ado para proporcionar alta seguridad y confiabilidad. Los detectores y botones montados con el soporte inteligente est\u00e1n protegidos contra sabotaje, lo que significa que todas las alarmas y se\u00f1ales de emergencia se pueden transmitir de forma segura y r\u00e1pida.<\/p>\n<p>Para garantizar que el sistema funcione correctamente, el soporte inteligente utiliza comunicaci\u00f3n bidireccional entre los dispositivos y es compatible con todos los concentradores Ajax, lo que hace que la instalaci\u00f3n sea a\u00fan m\u00e1s f\u00e1cil y flexible.<\/p>\n<p>El soporte tambi\u00e9n ofrece la posibilidad de probar la funcionalidad de los dispositivos a trav\u00e9s de la aplicaci\u00f3n Ajax, por lo que puede estar seguro de que los dispositivos funcionan de manera \u00f3ptima.<\/p>\n<p><strong>Flexibilidad y compatibilidad<\/strong><\/p>\n<p>El soporte inteligente es compatible con el interruptor de p\u00e1nico Ajax y con DoubleButton (modelos 50458994 y 50458992), lo que permite su uso con diferentes tipos de soluciones de seguridad.<\/p>\n<p>Esto permite al usuario elegir la soluci\u00f3n que mejor se adapte a sus necesidades de seguridad e instalar r\u00e1pidamente botones de p\u00e1nico en su hogar o lugar de trabajo.<\/p>\n<p><strong>Presupuesto:<\/strong><\/p>\n<ul>\n<li><strong>Tipo de accesorio:<\/strong> Soporte de montaje para interruptor de p\u00e1nico Ajax y DoubleButton<\/li>\n<li><strong>Altura de instalaci\u00f3n:<\/strong> Recomendado 2,4 metros<\/li>\n<li><strong>M\u00e9todo de instalaci\u00f3n:<\/strong> Se fija a superficies verticales o esquinas.<\/li>\n<li><strong>Material:<\/strong> Durable y resistente a la intemperie.<\/li>\n<li><strong>Compatibilidad:<\/strong> Compatible con el interruptor de asalto Ajax (50458994) y el bot\u00f3n doble (50458992)<\/li>\n<li><strong>Prueba de intensidad de la se\u00f1al:<\/strong> S\u00ed, a trav\u00e9s de la aplicaci\u00f3n Ajax<\/li>\n<li><strong>Sujetadores:<\/strong> Incluye tornillos y la opci\u00f3n de utilizar otros sujetadores.<\/li>\n<\/ul>\n<p><strong>Conclusi\u00f3n:<\/strong><\/p>\n<p>El soporte inteligente Ajax es un componente esencial para garantizar un acceso r\u00e1pido a los botones de p\u00e1nico en situaciones de emergencia.<\/p>\n<p>Con f\u00e1cil instalaci\u00f3n, alta seguridad y excelente compatibilidad con dispositivos Ajax, Smart Bracket ofrece a los usuarios una soluci\u00f3n confiable y flexible para instalar sus interruptores de asalto y DoubleButtons.<\/p>\n<p>&nbsp;<\/p>","protected":false},"excerpt":{"rendered":"<p>Ajax Smart Bracket es un soporte de montaje dise\u00f1ado para el interruptor de asalto Ajax y DoubleButton.<\/p>\n<p>Asegura una f\u00e1cil instalaci\u00f3n y una colocaci\u00f3n estable de sus botones de p\u00e1nico, permiti\u00e9ndole un acceso r\u00e1pido en situaciones de emergencia.<\/p>","protected":false},"featured_media":155473,"template":"","meta":{"_acf_changed":false},"product_brand":[],"product_cat":[3165,3128],"product_tag":[4863],"class_list":{"0":"post-69790","1":"product","2":"type-product","3":"status-publish","4":"has-post-thumbnail","6":"product_cat-overfallslarm-knappar","7":"product_cat-ajax-reservdelar-fasten","8":"product_tag-pf","9":"product_shipping_class-postnord-varubrev","10":"pa_ajax-tradlosa-larm-fjarr-overfallsknapp","11":"pa_ajax-tradlosa-larm-ovriga-tillbehor-monteringsfaste","12":"pa_brands-ajax-systems","13":"pa_color-vit","14":"pa_farg-vit","15":"tm-no-options","17":"first","18":"instock","19":"sale","20":"featured","21":"taxable","22":"shipping-taxable","23":"purchasable","24":"product-type-simple"},"acf":[],"_links":{"self":[{"href":"https:\/\/secureus.se\/es\/wp-json\/wp\/v2\/product\/69790","targetHints":{"allow":["GET"]}}],"collection":[{"href":"https:\/\/secureus.se\/es\/wp-json\/wp\/v2\/product"}],"about":[{"href":"https:\/\/secureus.se\/es\/wp-json\/wp\/v2\/types\/product"}],"wp:featuredmedia":[{"embeddable":true,"href":"https:\/\/secureus.se\/es\/wp-json\/wp\/v2\/media\/155473"}],"wp:attachment":[{"href":"https:\/\/secureus.se\/es\/wp-json\/wp\/v2\/media?parent=69790"}],"wp:term":[{"taxonomy":"product_brand","embeddable":true,"href":"https:\/\/secureus.se\/es\/wp-json\/wp\/v2\/product_brand?post=69790"},{"taxonomy":"product_cat","embeddable":true,"href":"https:\/\/secureus.se\/es\/wp-json\/wp\/v2\/product_cat?post=69790"},{"taxonomy":"product_tag","embeddable":true,"href":"https:\/\/secureus.se\/es\/wp-json\/wp\/v2\/product_tag?post=69790"}],"curies":[{"name":"wp","href":"https:\/\/api.w.org\/{rel}","templated":true}]}}