{"id":69792,"date":"2022-11-28T11:21:53","date_gmt":"2022-11-28T10:21:53","guid":{"rendered":"https:\/\/secureus.se\/produkt\/ridadetektor-dubbel-utomhus-4-15m-tradlos-vit\/"},"modified":"2026-04-30T15:47:08","modified_gmt":"2026-04-30T13:47:08","slug":"ajax-dualcurtain-outdoor-vit","status":"publish","type":"product","link":"https:\/\/secureus.se\/es\/ajax-dualcurtain-outdoor-vit\/","title":{"rendered":"Detector de cortinas para exteriores Ajax DualCurtain, color blanco"},"content":{"rendered":"<h3>Ajax DualCurtain Outdoor es la soluci\u00f3n \u00f3ptima para proteger los l\u00edmites de su propiedad con tecnolog\u00eda avanzada y precisi\u00f3n.<\/h3>\n<p>Este detector de movimiento inal\u00e1mbrico est\u00e1 equipado con dos sensores IR independientes, lo que le permite configurar dos zonas de detecci\u00f3n separadas.<\/p>\n<p>Estos sensores cubren un \u00e1rea de hasta 30 metros, lo que permite crear una barrera de seguridad eficaz para puertas, ventanas, portones y otras \u00e1reas abiertas.<\/p>\n<p>Con su exclusiva tecnolog\u00eda ELSA (Extended Live Signal Analysis), DualCurtain Outdoor puede filtrar falsas alarmas causadas por las condiciones clim\u00e1ticas, animales u otras interferencias naturales.<\/p>\n<p>Cuando se activan ambos sensores del mismo lado del detector, se env\u00eda una alarma inmediata al sistema, lo que le permite reaccionar r\u00e1pidamente en caso de un robo u otro peligro.<\/p>\n<p>Una de las caracter\u00edsticas m\u00e1s impresionantes es la capacidad de ajuste de la zona de detecci\u00f3n. Cada sensor se puede configurar individualmente para cubrir las \u00e1reas deseadas y evitar \u201cpuntos ciegos\u201d.<\/p>\n<p>El dise\u00f1o compacto y el \u00e1ngulo de detecci\u00f3n estrecho (4,5\u00b0) permiten instalar el detector en ubicaciones estrat\u00e9gicas sin crear riesgos de seguridad innecesarios.<\/p>\n<p>DualCurtain Outdoor tambi\u00e9n ofrece una protecci\u00f3n impresionante contra el sabotaje y tiene un sistema de enmascaramiento incorporado que detecta si alguien intenta bloquear los sensores.<\/p>\n<p>Esto, junto con una bater\u00eda de larga duraci\u00f3n de hasta 4 a\u00f1os, lo convierte en una soluci\u00f3n rentable y confiable para la seguridad a largo plazo.<\/p>\n<p><strong>Compatibilidad e instalaci\u00f3n<\/strong>:<br \/>\nDualCurtain Outdoor es compatible con todos los dispositivos Ajax Hub, incluidos Hub 2, Hub 2 Plus y Hub Hybrid.<\/p>\n<p>Tambi\u00e9n se puede conectar a un repetidor de se\u00f1al ReX para proporcionar un alcance a\u00fan mayor, lo que es perfecto para propiedades m\u00e1s grandes.<\/p>\n<p>La instalaci\u00f3n es sencilla escaneando un c\u00f3digo QR a trav\u00e9s de la aplicaci\u00f3n Ajax, lo que hace que su uso sea r\u00e1pido.<\/p>\n<p><strong>Inmunidad a mascotas y protecci\u00f3n contra falsas alarmas<\/strong>:<br \/>\nPara garantizar que el detector no se active debido a las mascotas, DualCurtain Outdoor ofrece una funci\u00f3n de inmunidad a las mascotas.<\/p>\n<p>Si el detector est\u00e1 correctamente instalado y configurado, las mascotas de hasta 80 cm no activar\u00e1n la alarma.<\/p>\n<p>Adem\u00e1s, cuenta con un avanzado sistema de filtrado de movimientos no deseados, lo que reduce el riesgo de falsas alarmas provocadas por animales u otros factores externos.<\/p>\n<p><strong>Beneficios<\/strong>:<\/p>\n<ul>\n<li>Sensores IR duales para una detecci\u00f3n precisa<\/li>\n<li>Resoluci\u00f3n de hasta 30 metros de rango de detecci\u00f3n.<\/li>\n<li>Alta sensibilidad y zonas de detecci\u00f3n ajustables<\/li>\n<li>Protecci\u00f3n contra el sabotaje y el enmascaramiento<\/li>\n<li>Bater\u00eda de larga duraci\u00f3n de hasta 4 a\u00f1os.<\/li>\n<li>F\u00e1cil instalaci\u00f3n y configuraci\u00f3n a trav\u00e9s de la aplicaci\u00f3n Ajax<\/li>\n<li>Inmunidad para mascotas hasta 80 cm<\/li>\n<\/ul>\n<p><strong>Especificaciones t\u00e9cnicas<\/strong>:<\/p>\n<ul>\n<li>Rango de detecci\u00f3n: Hasta 30 metros (dividido en dos zonas)<\/li>\n<li>\u00c1ngulo de detecci\u00f3n: 4,5\u00b0 horizontal<\/li>\n<li>Duraci\u00f3n de la bater\u00eda: hasta 4 a\u00f1os<\/li>\n<li>Comunicaci\u00f3n: Protocolo Jeweller, alcance de hasta 1.700 metros<\/li>\n<li>Compatibilidad: Hub Plus, Hub 2, Hub 2 Plus, Hub Hybrid, repetidor de se\u00f1al ReX<\/li>\n<li>Resistencia a la temperatura: -25\u00b0C a +60\u00b0C<\/li>\n<li>Clase de humedad: IP54<\/li>\n<li>Enmascaramiento: Protecci\u00f3n contra sabotajes e intentos de bloqueo<\/li>\n<\/ul>\n<p>&nbsp;<\/p>","protected":false},"excerpt":{"rendered":"<p>Ajax DualCurtain Outdoor es un detector de movimiento inal\u00e1mbrico avanzado para uso en exteriores.<\/p>\n<p>Est\u00e1 dise\u00f1ado para proteger los l\u00edmites de la propiedad utilizando un sistema de detecci\u00f3n bidireccional y tecnolog\u00eda avanzada que minimiza el riesgo de falsas alarmas.<\/p>\n<p>Con un rango de detecci\u00f3n de hasta 30 metros, alta sensibilidad y protecci\u00f3n contra animales, este detector proporciona una soluci\u00f3n de seguridad confiable tanto para hogares como para negocios.<\/p>","protected":false},"featured_media":152164,"template":"","meta":{"_acf_changed":false},"product_brand":[],"product_cat":[3157,1319],"product_tag":[3127,2137,4863],"class_list":{"0":"post-69792","1":"product","2":"type-product","3":"status-publish","4":"has-post-thumbnail","6":"product_cat-utomhussakerhet","7":"product_cat-ajax-larm","8":"product_tag-kontrollprodukt","9":"product_tag-lager-ajax","10":"product_tag-pf","11":"product_shipping_class-tunga-paket","12":"pa_ajax-tradlosa-larm-detektorer","13":"pa_brands-ajax-systems","14":"pa_color-vit","15":"pa_farg-vit","16":"tm-no-options","18":"first","19":"instock","20":"sale","21":"featured","22":"taxable","23":"shipping-taxable","24":"purchasable","25":"product-type-simple"},"acf":[],"_links":{"self":[{"href":"https:\/\/secureus.se\/es\/wp-json\/wp\/v2\/product\/69792","targetHints":{"allow":["GET"]}}],"collection":[{"href":"https:\/\/secureus.se\/es\/wp-json\/wp\/v2\/product"}],"about":[{"href":"https:\/\/secureus.se\/es\/wp-json\/wp\/v2\/types\/product"}],"wp:featuredmedia":[{"embeddable":true,"href":"https:\/\/secureus.se\/es\/wp-json\/wp\/v2\/media\/152164"}],"wp:attachment":[{"href":"https:\/\/secureus.se\/es\/wp-json\/wp\/v2\/media?parent=69792"}],"wp:term":[{"taxonomy":"product_brand","embeddable":true,"href":"https:\/\/secureus.se\/es\/wp-json\/wp\/v2\/product_brand?post=69792"},{"taxonomy":"product_cat","embeddable":true,"href":"https:\/\/secureus.se\/es\/wp-json\/wp\/v2\/product_cat?post=69792"},{"taxonomy":"product_tag","embeddable":true,"href":"https:\/\/secureus.se\/es\/wp-json\/wp\/v2\/product_tag?post=69792"}],"curies":[{"name":"wp","href":"https:\/\/api.w.org\/{rel}","templated":true}]}}