{"id":69799,"date":"2022-11-28T11:21:46","date_gmt":"2022-11-28T10:21:46","guid":{"rendered":"https:\/\/secureus.se\/produkt\/relamodul-230vac-tradlos\/"},"modified":"2026-04-01T11:12:11","modified_gmt":"2026-04-01T09:12:11","slug":"ajax-wallswitch-relamodul-230-v","status":"publish","type":"product","link":"https:\/\/secureus.se\/es\/ajax-wallswitch-relamodul-230-v\/","title":{"rendered":"M\u00f3dulo de rel\u00e9 de control Ajax WallSwitch con 230 V CA inal\u00e1mbrico"},"content":{"rendered":"<h3>Ajax WallSwitch es un m\u00f3dulo de rel\u00e9 potente e inteligente que permite el control remoto de la fuente de alimentaci\u00f3n a los dispositivos conectados a trav\u00e9s del sistema de alarma Ajax.<\/h3>\n<p>WallSwitch se puede conectar directamente a una fuente de alimentaci\u00f3n de 230 V~ o 110 V~ y manejar una carga m\u00e1xima de 3 kW (carga resistiva) o 1,5 kW (a 110 V).<\/p>\n<p>Esto permite a los usuarios encender o apagar f\u00e1cilmente los aparatos el\u00e9ctricos y controlar su consumo de energ\u00eda a trav\u00e9s de la aplicaci\u00f3n Ajax.<\/p>\n<p>Una de las caracter\u00edsticas m\u00e1s destacadas de WallSwitch es su seguridad superior. El dispositivo est\u00e1 equipado con m\u00faltiples protecciones, incluida sobretensi\u00f3n, protecci\u00f3n de corriente y protecci\u00f3n de temperatura.<\/p>\n<p>Esto garantiza que los dispositivos conectados est\u00e9n protegidos contra posibles da\u00f1os causados por fluctuaciones de energ\u00eda o sobrecarga.<\/p>\n<p>WallSwitch tambi\u00e9n se puede utilizar para supervisar y controlar el consumo de energ\u00eda, lo que facilita el seguimiento de los costos operativos y la eficiencia.<\/p>\n<p>WallSwitch tambi\u00e9n es incre\u00edblemente flexible y f\u00e1cil de usar. Admite modos de impulso y biestable, lo que brinda a los usuarios la posibilidad de ajustar el funcionamiento del dispositivo seg\u00fan sus necesidades espec\u00edficas.<\/p>\n<p>El modo de pulso tiene una duraci\u00f3n de pulso ajustable entre 1 y 255 segundos, lo que permite adaptar la reacci\u00f3n del dispositivo a diferentes escenarios. Los usuarios tambi\u00e9n pueden configurar el dispositivo en modo normal para obtener un control preciso sobre cu\u00e1ndo se enciende o se apaga.<\/p>\n<p>Instalar WallSwitch es r\u00e1pido y sencillo. El dispositivo se conecta al sistema de alarma Ajax escaneando un c\u00f3digo QR a trav\u00e9s de la aplicaci\u00f3n Ajax, y todas las configuraciones se pueden ajustar en tiempo real.<\/p>\n<p>Un dise\u00f1o compacto y una antena flexible garantizan una comunicaci\u00f3n estable, incluso en instalaciones m\u00e1s grandes. WallSwitch tambi\u00e9n es compatible con todos los concentradores y extensores de rango Ajax, lo que le permite ampliar el alcance y cubrir \u00e1reas m\u00e1s grandes.<\/p>\n<p>Adem\u00e1s de proporcionar un control seguro sobre los electrodom\u00e9sticos, WallSwitch permite a los usuarios crear escenarios de automatizaci\u00f3n para agilizar la vida cotidiana.<\/p>\n<p>Por ejemplo, se puede encender la iluminaci\u00f3n cuando se activa una alarma antirrobo o se puede cerrar una cerradura el\u00e9ctrica cuando se activa el sistema. Este nivel de integraci\u00f3n permite maximizar tanto la seguridad como la comodidad en el hogar o en el lugar de trabajo.<\/p>\n<p>Con una duraci\u00f3n de bater\u00eda de hasta 4,5 a\u00f1os (dependiendo del uso) y un tama\u00f1o compacto de 39 x 33 x 18 mm, WallSwitch es la soluci\u00f3n definitiva para cualquiera que busque una soluci\u00f3n inteligente y eficiente para controlar y monitorear de forma remota el consumo de electricidad.<\/p>","protected":false},"excerpt":{"rendered":"<p>WallSwitch se puede conectar directamente a un<span style=\"text-decoration: underline\"><strong> 230 V<\/strong><\/span>Fuente de alimentaci\u00f3n de ~ o 110 V~ y admite una carga m\u00e1xima de <span style=\"text-decoration: underline\"><strong>3 kW (carga resistiva)<\/strong><\/span> o 1,5 kW (a 110 V).<\/p>\n<p>Ajax WallSwitch es un m\u00f3dulo de rel\u00e9 inal\u00e1mbrico que permite a los usuarios controlar de forma remota el suministro de energ\u00eda de los aparatos el\u00e9ctricos a trav\u00e9s del sistema de alarma Ajax.<\/p>\n<p>Con capacidad para manejar cargas de hasta 3 kW y protecci\u00f3n contra sobretensi\u00f3n y sobrecorriente, WallSwitch es la soluci\u00f3n perfecta para monitorizar y controlar el consumo el\u00e9ctrico y garantizar la seguridad en su hogar o negocio.<\/p>","protected":false},"featured_media":155622,"template":"","meta":{"_acf_changed":false},"product_brand":[],"product_cat":[3167,1319,3169],"product_tag":[3127,4863],"class_list":{"0":"post-69799","1":"product","2":"type-product","3":"status-publish","4":"has-post-thumbnail","6":"product_cat-avancerat","7":"product_cat-ajax-larm","8":"product_cat-automation","9":"product_tag-kontrollprodukt","10":"product_tag-pf","11":"product_shipping_class-postnord-varubrev","12":"pa_ajax-tradlosa-larm-rela-multisandare","13":"pa_brands-ajax-systems","14":"pa_color-svart","15":"pa_farg-svart","16":"tm-no-options","18":"first","19":"instock","20":"sale","21":"featured","22":"taxable","23":"shipping-taxable","24":"purchasable","25":"product-type-simple"},"acf":[],"_links":{"self":[{"href":"https:\/\/secureus.se\/es\/wp-json\/wp\/v2\/product\/69799","targetHints":{"allow":["GET"]}}],"collection":[{"href":"https:\/\/secureus.se\/es\/wp-json\/wp\/v2\/product"}],"about":[{"href":"https:\/\/secureus.se\/es\/wp-json\/wp\/v2\/types\/product"}],"wp:featuredmedia":[{"embeddable":true,"href":"https:\/\/secureus.se\/es\/wp-json\/wp\/v2\/media\/155622"}],"wp:attachment":[{"href":"https:\/\/secureus.se\/es\/wp-json\/wp\/v2\/media?parent=69799"}],"wp:term":[{"taxonomy":"product_brand","embeddable":true,"href":"https:\/\/secureus.se\/es\/wp-json\/wp\/v2\/product_brand?post=69799"},{"taxonomy":"product_cat","embeddable":true,"href":"https:\/\/secureus.se\/es\/wp-json\/wp\/v2\/product_cat?post=69799"},{"taxonomy":"product_tag","embeddable":true,"href":"https:\/\/secureus.se\/es\/wp-json\/wp\/v2\/product_tag?post=69799"}],"curies":[{"name":"wp","href":"https:\/\/api.w.org\/{rel}","templated":true}]}}