{"id":69832,"date":"2022-11-28T11:19:59","date_gmt":"2022-11-28T10:19:59","guid":{"rendered":"https:\/\/secureus.se\/produkt\/din-faste-for-relamodul\/"},"modified":"2026-05-02T23:34:48","modified_gmt":"2026-05-02T21:34:48","slug":"ajax-din-holder-din-relamodul","status":"publish","type":"product","link":"https:\/\/secureus.se\/es\/ajax-din-holder-din-relamodul\/","title":{"rendered":"Soporte DIN Ajax Soporte DIN para m\u00f3dulo de rel\u00e9"},"content":{"rendered":"<h3>El soporte DIN Ajax es una soluci\u00f3n robusta y confiable para montar m\u00f3dulos de rel\u00e9 Ajax en un riel DIN, lo que hace que la instalaci\u00f3n sea f\u00e1cil y segura.<\/h3>\n<p>Este soporte est\u00e1 dise\u00f1ado para adaptarse perfectamente a los m\u00f3dulos de rel\u00e9 Ajax, como WallSwitch, y se utiliza para controlar y automatizar dispositivos como bombas, iluminaci\u00f3n y otros aparatos el\u00e9ctricos.<\/p>\n<p>Con este soporte conseguir\u00e1 una instalaci\u00f3n ordenada y segura de su m\u00f3dulo de rel\u00e9 en una caja de conexiones, armario de servidores o panel el\u00e9ctrico.<\/p>\n<p>El soporte DIN es un componente importante para crear una instalaci\u00f3n el\u00e9ctrica confiable y segura, y ayuda a mantener sus dispositivos Ajax correctamente montados y protegidos en varios tipos de instalaciones.<\/p>\n<p>Una de las grandes ventajas de este producto es que proporciona f\u00e1cil acceso y facilidad de uso cuando necesita instalar o actualizar su equipo de alarma.<\/p>\n<p>El soporte es compatible con los m\u00f3dulos de rel\u00e9 Ajax m\u00e1s comunes (n.\u00b0 de pieza 50459019 y 50459020) y hace que la instalaci\u00f3n en riel DIN sea un proceso r\u00e1pido y c\u00f3modo.<\/p>\n<p>Para facilitar la instalaci\u00f3n, se incluye un juego de calcoman\u00edas que permite etiquetar los dispositivos o circuitos que controla cada rel\u00e9, minimizando el riesgo de una instalaci\u00f3n u operaci\u00f3n incorrecta.<\/p>\n<p>Esta caracter\u00edstica tambi\u00e9n garantiza que los usuarios e instaladores tengan una visi\u00f3n clara de la estructura del sistema y de qu\u00e9 rel\u00e9 controla qu\u00e9 dispositivo o funci\u00f3n.<\/p>\n<p>Ajax es l\u00edder en sistemas de seguridad y ha desarrollado tecnolog\u00edas avanzadas que se integran perfectamente con el uso diario para mejorar tanto la seguridad como la comodidad.<\/p>\n<p>La empresa es un actor global y actualmente protege a m\u00e1s de 1,8 millones de usuarios en 169 pa\u00edses.<\/p>\n<p>El sistema Ajax permite a los usuarios monitorear y controlar su hogar o negocio desde cualquier lugar a trav\u00e9s de una aplicaci\u00f3n m\u00f3vil, y el sistema ofrece soluciones cableadas e inal\u00e1mbricas para proteger contra robos, incendios, fugas de agua y otras amenazas potenciales.<\/p>\n<p>Este soporte DIN le ofrece la flexibilidad y seguridad necesarias para instalar y gestionar las soluciones de seguridad Ajax de forma eficiente y sostenible.<\/p>\n<p>&nbsp;<\/p>","protected":false},"excerpt":{"rendered":"<p>Ajax DIN-Holder es un soporte dise\u00f1ado para montar de forma segura m\u00f3dulos de rel\u00e9 Ajax como WallSwitch en un riel DIN.<\/p>\n<p>Perfecto para instalaci\u00f3n en cajas de conexiones, gabinetes de servidores o paneles el\u00e9ctricos.<\/p>\n<p>Incluye juego de calcoman\u00edas para etiquetar.<\/p>","protected":false},"featured_media":151871,"template":"","meta":{"_acf_changed":false},"product_brand":[],"product_cat":[3169,3128],"product_tag":[4863],"class_list":{"0":"post-69832","1":"product","2":"type-product","3":"status-publish","4":"has-post-thumbnail","6":"product_cat-automation","7":"product_cat-ajax-reservdelar-fasten","8":"product_tag-pf","9":"product_shipping_class-postnord-varubrev","10":"pa_ajax-tradlosa-larm-rela-multisandare","11":"pa_brands-ajax-systems","12":"pa_color-svart","13":"pa_farg-svart","14":"tm-no-options","16":"first","17":"instock","18":"sale","19":"featured","20":"taxable","21":"shipping-taxable","22":"purchasable","23":"product-type-simple"},"acf":[],"_links":{"self":[{"href":"https:\/\/secureus.se\/es\/wp-json\/wp\/v2\/product\/69832","targetHints":{"allow":["GET"]}}],"collection":[{"href":"https:\/\/secureus.se\/es\/wp-json\/wp\/v2\/product"}],"about":[{"href":"https:\/\/secureus.se\/es\/wp-json\/wp\/v2\/types\/product"}],"wp:featuredmedia":[{"embeddable":true,"href":"https:\/\/secureus.se\/es\/wp-json\/wp\/v2\/media\/151871"}],"wp:attachment":[{"href":"https:\/\/secureus.se\/es\/wp-json\/wp\/v2\/media?parent=69832"}],"wp:term":[{"taxonomy":"product_brand","embeddable":true,"href":"https:\/\/secureus.se\/es\/wp-json\/wp\/v2\/product_brand?post=69832"},{"taxonomy":"product_cat","embeddable":true,"href":"https:\/\/secureus.se\/es\/wp-json\/wp\/v2\/product_cat?post=69832"},{"taxonomy":"product_tag","embeddable":true,"href":"https:\/\/secureus.se\/es\/wp-json\/wp\/v2\/product_tag?post=69832"}],"curies":[{"name":"wp","href":"https:\/\/api.w.org\/{rel}","templated":true}]}}