{"id":69845,"date":"2022-11-28T11:19:33","date_gmt":"2022-11-28T10:19:33","guid":{"rendered":"https:\/\/secureus.se\/produkt\/stromforsorjningskort-42-16v-psu-hub2-hub2plus-rex-2\/"},"modified":"2026-04-07T13:05:56","modified_gmt":"2026-04-07T11:05:56","slug":"ajax-stromforsorjningskort-42","status":"publish","type":"product","link":"https:\/\/secureus.se\/es\/ajax-stromforsorjningskort-42\/","title":{"rendered":"Fuente de alimentaci\u00f3n Ajax de 4,2-10 V (Hub 2\/Hub 2Plus\/ReX 2)"},"content":{"rendered":"<p>Tarjeta de alimentaci\u00f3n que se instala en el Hub 2 o Hub 2 Plus para poder alimentar los paneles de control con 4,2-10VDC.<\/p>\n<p>Compatibilidad: Hub 2, Hub 2 Plus y repetidor ReX 2<\/p>\n<p>Voltaje de entrada: 4,2 \u2013 10 VCC<br \/>\nEntrada de corriente: 2,2 A a 4,2 V; 0,8 A a 10 V<br \/>\nZ\u00f3calo: 6,5 x 2 mm<br \/>\nEnchufe de CC: 5,5 x 2,1 mm con terminal de tornillo (incluido)<\/p>","protected":false},"excerpt":{"rendered":"<p>La fuente de alimentaci\u00f3n Ajax de 4,2 a 10 V es un adaptador de corriente confiable y potente dise\u00f1ado para proporcionar una fuente de alimentaci\u00f3n estable a los dispositivos Ajax Hub 2, Hub 2Plus y ReX 2.<\/p>\n<p>Perfecto como repuesto o para sustituir una fuente de alimentaci\u00f3n rota.<\/p>","protected":false},"featured_media":151889,"template":"","meta":{"_acf_changed":false},"product_brand":[],"product_cat":[3171,1319],"product_tag":[4863],"class_list":{"0":"post-69845","1":"product","2":"type-product","3":"status-publish","4":"has-post-thumbnail","6":"product_cat-psu-stromforsorjning","7":"product_cat-ajax-larm","8":"product_tag-pf","9":"product_shipping_class-postnord-varubrev","10":"pa_ajax-tradlosa-larm-reservdelar-stromforsorjning","11":"pa_brands-ajax-systems","12":"pa_color-svart","13":"pa_farg-svart","14":"tm-no-options","16":"first","17":"instock","18":"sale","19":"featured","20":"taxable","21":"shipping-taxable","22":"purchasable","23":"product-type-simple"},"acf":[],"_links":{"self":[{"href":"https:\/\/secureus.se\/es\/wp-json\/wp\/v2\/product\/69845","targetHints":{"allow":["GET"]}}],"collection":[{"href":"https:\/\/secureus.se\/es\/wp-json\/wp\/v2\/product"}],"about":[{"href":"https:\/\/secureus.se\/es\/wp-json\/wp\/v2\/types\/product"}],"wp:featuredmedia":[{"embeddable":true,"href":"https:\/\/secureus.se\/es\/wp-json\/wp\/v2\/media\/151889"}],"wp:attachment":[{"href":"https:\/\/secureus.se\/es\/wp-json\/wp\/v2\/media?parent=69845"}],"wp:term":[{"taxonomy":"product_brand","embeddable":true,"href":"https:\/\/secureus.se\/es\/wp-json\/wp\/v2\/product_brand?post=69845"},{"taxonomy":"product_cat","embeddable":true,"href":"https:\/\/secureus.se\/es\/wp-json\/wp\/v2\/product_cat?post=69845"},{"taxonomy":"product_tag","embeddable":true,"href":"https:\/\/secureus.se\/es\/wp-json\/wp\/v2\/product_tag?post=69845"}],"curies":[{"name":"wp","href":"https:\/\/api.w.org\/{rel}","templated":true}]}}