{"id":69855,"date":"2022-11-28T11:19:22","date_gmt":"2022-11-28T10:19:22","guid":{"rendered":"https:\/\/secureus.se\/produkt\/stromforsorjningsdel-230vac-psu-for-hub2-hub2plus-reservdel\/"},"modified":"2026-04-07T13:06:12","modified_gmt":"2026-04-07T11:06:12","slug":"ajax-stromforsorjningsdel-230vac","status":"publish","type":"product","link":"https:\/\/secureus.se\/es\/ajax-stromforsorjningsdel-230vac\/","title":{"rendered":"Fuente de alimentaci\u00f3n Ajax de 230 V CA para Hub2\/Hub2Plus (repuesto)"},"content":{"rendered":"<h3>La fuente de alimentaci\u00f3n Ajax de 230 V CA es un adaptador de corriente potente y confiable dise\u00f1ado para proporcionar a los dispositivos Ajax Hub2 y Hub2Plus la fuente de alimentaci\u00f3n estable necesaria para garantizar que su sistema de seguridad funcione de manera \u00f3ptima.<\/h3>\n<p>Como parte esencial del sistema de seguridad Ajax, esta fuente de alimentaci\u00f3n proporciona una fuente de electricidad estable, garantizando que todos los dispositivos est\u00e9n completamente operativos.<\/p>\n<p>Esta fuente de alimentaci\u00f3n (PSU) est\u00e1 dise\u00f1ada espec\u00edficamente para funcionar con Ajax Hub2 y Hub2Plus, lo que la convierte en una parte indispensable del sistema en caso de que falle la fuente de alimentaci\u00f3n original o si necesita una fuente de alimentaci\u00f3n adicional para garantizar un funcionamiento ininterrumpido. La fuente de alimentaci\u00f3n es f\u00e1cil de reemplazar e instalar, y viene con todo lo que necesita para conectarla a su sistema Ajax.<\/p>\n<p><strong>Ventajas de la fuente de alimentaci\u00f3n Ajax de 230 V CA:<\/strong><\/p>\n<ul>\n<li><strong>Fuente de alimentaci\u00f3n confiable y estable:<\/strong> Garantiza que su sistema de seguridad Ajax tenga un suministro de energ\u00eda constante y estable para todos los dispositivos.<\/li>\n<li><strong>Compatibilidad:<\/strong> Funciona con Hub2 y Hub2Plus y garantiza que todos los sistemas funcionen sin problemas.<\/li>\n<li><strong>F\u00e1cil instalaci\u00f3n:<\/strong> Reemplace f\u00e1cilmente su fuente de alimentaci\u00f3n antigua con este modelo y restaure el funcionamiento sin problemas.<\/li>\n<li><strong>Rendimiento duradero:<\/strong> Dise\u00f1ado para proporcionar un funcionamiento duradero y seguro para su sistema de seguridad.<\/li>\n<li><strong>Parte:<\/strong> Perfecto como repuesto o para sustituir una fuente de alimentaci\u00f3n rota.<\/li>\n<\/ul>\n<p><strong>Especificaciones t\u00e9cnicas:<\/strong><\/p>\n<ul>\n<li><strong>Compatibilidad:<\/strong> Hub2, Hub2Plus<\/li>\n<li><strong>Voltaje:<\/strong> 230 V CA<\/li>\n<li><strong>Carga m\u00e1xima de corriente:<\/strong> Adaptado para Ajax Hub2 y Hub2Plus<\/li>\n<li><strong>M\u00e9todo de instalaci\u00f3n:<\/strong> F\u00e1cil instalaci\u00f3n con todos los cables y conexiones necesarios.<\/li>\n<li><strong>Garantizar:<\/strong> 24 meses<\/li>\n<\/ul>\n<p><strong>Instalaci\u00f3n y uso:<\/strong><br \/>\nLa instalaci\u00f3n de la fuente de alimentaci\u00f3n Ajax de 230 V CA es sencilla y se puede realizar sin tener que desmontar su configuraci\u00f3n actual.<\/p>\n<p>Simplemente conecte la nueva fuente de alimentaci\u00f3n a su sistema a trav\u00e9s de los cables incluidos y la fuente de alimentaci\u00f3n comenzar\u00e1 inmediatamente a suministrar electricidad estable al dispositivo Ajax Hub2 o Hub2Plus.<\/p>\n<p>Puede estar seguro de que su sistema de seguridad seguir\u00e1 funcionando correctamente, incluso si falla el suministro el\u00e9ctrico.<\/p>","protected":false},"excerpt":{"rendered":"<p>La unidad de fuente de alimentaci\u00f3n Ajax de 230 V CA es una pieza de repuesto confiable para Ajax Hub2 y Hub2Plus, que garantiza que su sistema de seguridad tenga un suministro de energ\u00eda constante y estable.<\/p>\n<p>Es f\u00e1cil de instalar y proporciona un funcionamiento duradero para su sistema de seguridad.<\/p>","protected":false},"featured_media":151889,"template":"","meta":{"_acf_changed":false},"product_brand":[],"product_cat":[3171,1319],"product_tag":[4863],"class_list":{"0":"post-69855","1":"product","2":"type-product","3":"status-publish","4":"has-post-thumbnail","6":"product_cat-psu-stromforsorjning","7":"product_cat-ajax-larm","8":"product_tag-pf","9":"product_shipping_class-postnord-varubrev","10":"pa_ajax-tradlosa-larm-reservdelar-stromforsorjning","11":"pa_brands-ajax-systems","12":"pa_color-svart","13":"pa_farg-svart","14":"tm-no-options","16":"first","17":"onbackorder","18":"sale","19":"featured","20":"taxable","21":"shipping-taxable","22":"purchasable","23":"product-type-simple"},"acf":[],"_links":{"self":[{"href":"https:\/\/secureus.se\/es\/wp-json\/wp\/v2\/product\/69855","targetHints":{"allow":["GET"]}}],"collection":[{"href":"https:\/\/secureus.se\/es\/wp-json\/wp\/v2\/product"}],"about":[{"href":"https:\/\/secureus.se\/es\/wp-json\/wp\/v2\/types\/product"}],"wp:featuredmedia":[{"embeddable":true,"href":"https:\/\/secureus.se\/es\/wp-json\/wp\/v2\/media\/151889"}],"wp:attachment":[{"href":"https:\/\/secureus.se\/es\/wp-json\/wp\/v2\/media?parent=69855"}],"wp:term":[{"taxonomy":"product_brand","embeddable":true,"href":"https:\/\/secureus.se\/es\/wp-json\/wp\/v2\/product_brand?post=69855"},{"taxonomy":"product_cat","embeddable":true,"href":"https:\/\/secureus.se\/es\/wp-json\/wp\/v2\/product_cat?post=69855"},{"taxonomy":"product_tag","embeddable":true,"href":"https:\/\/secureus.se\/es\/wp-json\/wp\/v2\/product_tag?post=69855"}],"curies":[{"name":"wp","href":"https:\/\/api.w.org\/{rel}","templated":true}]}}