{"id":69881,"date":"2022-11-28T11:05:22","date_gmt":"2022-11-28T10:05:22","guid":{"rendered":"https:\/\/secureus.se\/produkt\/manoverpanel-tradlos-vit\/"},"modified":"2026-04-09T06:33:39","modified_gmt":"2026-04-09T04:33:39","slug":"ajax-keypad-manoverpanel-vit","status":"publish","type":"product","link":"https:\/\/secureus.se\/es\/ajax-keypad-manoverpanel-vit\/","title":{"rendered":"Panel de control con teclado Ajax blanco"},"content":{"rendered":"<h3>Ajax KeyPad es un teclado inal\u00e1mbrico avanzado dise\u00f1ado para controlar su sistema de seguridad Ajax con facilidad y seguridad.<\/h3>\n<p>Est\u00e1 equipado con un teclado t\u00e1ctil capacitivo que permite activar y desactivar f\u00e1cilmente el sistema de seguridad ingresando un c\u00f3digo.<\/p>\n<p>KeyPad tambi\u00e9n est\u00e1 equipado con una gama de funciones avanzadas como autenticaci\u00f3n para evitar la falsificaci\u00f3n y la manipulaci\u00f3n, lo que lo convierte en una opci\u00f3n confiable para garantizar la seguridad de su hogar o negocio.<\/p>\n<p>Con Ajax KeyPad, el usuario puede controlar diferentes modos de seguridad de manera eficiente. Tiene un bot\u00f3n de alarma especial que puede activar una alarma de emergencia en caso de sospecha de intrusi\u00f3n o situaciones de emergencia.<\/p>\n<p>Para evitar accesos no autorizados y proteger contra posibles amenazas, KeyPad se bloquea autom\u00e1ticamente si se realizan demasiadas entradas incorrectas en un corto per\u00edodo de tiempo.<\/p>\n<p>El teclado tambi\u00e9n est\u00e1 dise\u00f1ado con una funci\u00f3n de alarma silenciosa, lo que permite al usuario activar una se\u00f1al de alarma sin exponer su ubicaci\u00f3n a posibles intrusos.<\/p>\n<p>Admite hasta 99 c\u00f3digos de usuario y admite la creaci\u00f3n y edici\u00f3n remota de c\u00f3digos a trav\u00e9s de la aplicaci\u00f3n Ajax.<\/p>\n<p>Tambi\u00e9n funciona con un \u201cc\u00f3digo de coacci\u00f3n\u201d \u00fanico que permite la activaci\u00f3n discreta de la alarma si el usuario se ve obligado a desactivar el sistema de seguridad bajo presi\u00f3n.<\/p>\n<p>El KeyPad es compatible con todos los concentradores y extensores de rango Ajax, lo que permite su uso en una variedad de escenarios de instalaci\u00f3n.<\/p>\n<p>Tambi\u00e9n es f\u00e1cil de instalar y configurar, y con las bater\u00edas preinstaladas puedes comenzar de inmediato.<\/p>\n<p>Utiliza la tecnolog\u00eda de radio Jeweller para garantizar una comunicaci\u00f3n estable y segura entre los dispositivos y la unidad central, con un impresionante alcance de comunicaci\u00f3n de hasta 1700 metros.<\/p>\n<p><strong>Especificaciones t\u00e9cnicas<\/strong>:<\/p>\n<ul>\n<li><strong>Comunicaci\u00f3n<\/strong>: Inal\u00e1mbrico con tecnolog\u00eda de radio Jeweller<\/li>\n<li><strong>Fuente de alimentaci\u00f3n<\/strong>: 4 pilas AAA, hasta 2 a\u00f1os de duraci\u00f3n de la bater\u00eda<\/li>\n<li><strong>\u00c1rea de comunicaci\u00f3n<\/strong>:Hasta 1700 m en espacio abierto<\/li>\n<li><strong>Rango de temperatura<\/strong>:-10\u00b0C a +40\u00b0C<\/li>\n<li><strong>Humedad<\/strong>:Hasta 75%<\/li>\n<li><strong>Protecci\u00f3n<\/strong>: Anti-falsificaci\u00f3n, detecci\u00f3n de interferencias<\/li>\n<li><strong>Tama\u00f1o<\/strong>:150 \u00d7 103 \u00d7 14 mm<\/li>\n<li><strong>Peso<\/strong>:197 gramos<\/li>\n<li><strong>Garantizar<\/strong>:24 meses<\/li>\n<\/ul>\n<p><strong>El paquete contiene<\/strong>:<\/p>\n<ul>\n<li>Teclado Ajax<\/li>\n<li>Panel de montaje SmartBracket<\/li>\n<li>4 pilas AAA (preinstaladas)<\/li>\n<li>Kit de instalaci\u00f3n<\/li>\n<li>Gu\u00eda de inicio r\u00e1pido<\/li>\n<\/ul>","protected":false},"excerpt":{"rendered":"<p>Ajax KeyPad es un panel de botones inal\u00e1mbrico que ofrece a los usuarios un control f\u00e1cil y seguro sobre su sistema de seguridad Ajax.<\/p>\n<p>Con funciones como autenticaci\u00f3n, bot\u00f3n de p\u00e1nico y alarma antimanipulaci\u00f3n, ofrece seguridad y facilidad de uso.<\/p>\n<p>La instalaci\u00f3n es sencilla y funciona en todos los ambientes interiores.<\/p>\n<p>Con soporte para m\u00faltiples c\u00f3digos de usuario y la capacidad de crear c\u00f3digos de coacci\u00f3n, Ajax KeyPad proporciona m\u00e1xima seguridad para hogares y empresas.<\/p>","protected":false},"featured_media":155503,"template":"","meta":{"_acf_changed":false},"product_brand":[],"product_cat":[3164,1319],"product_tag":[3127,2137,4863],"class_list":{"0":"post-69881","1":"product","2":"type-product","3":"status-publish","4":"has-post-thumbnail","6":"product_cat-larmstyrning","7":"product_cat-ajax-larm","8":"product_tag-kontrollprodukt","9":"product_tag-lager-ajax","10":"product_tag-pf","11":"product_shipping_class-postnord-varubrev","12":"pa_ajax-tradlosa-larm-knapssats-manoverpanel","13":"pa_brands-ajax-systems","14":"pa_color-vit","15":"pa_farg-vit","16":"tm-no-options","18":"first","19":"instock","20":"sale","21":"featured","22":"taxable","23":"shipping-taxable","24":"purchasable","25":"product-type-simple"},"acf":[],"_links":{"self":[{"href":"https:\/\/secureus.se\/es\/wp-json\/wp\/v2\/product\/69881","targetHints":{"allow":["GET"]}}],"collection":[{"href":"https:\/\/secureus.se\/es\/wp-json\/wp\/v2\/product"}],"about":[{"href":"https:\/\/secureus.se\/es\/wp-json\/wp\/v2\/types\/product"}],"wp:featuredmedia":[{"embeddable":true,"href":"https:\/\/secureus.se\/es\/wp-json\/wp\/v2\/media\/155503"}],"wp:attachment":[{"href":"https:\/\/secureus.se\/es\/wp-json\/wp\/v2\/media?parent=69881"}],"wp:term":[{"taxonomy":"product_brand","embeddable":true,"href":"https:\/\/secureus.se\/es\/wp-json\/wp\/v2\/product_brand?post=69881"},{"taxonomy":"product_cat","embeddable":true,"href":"https:\/\/secureus.se\/es\/wp-json\/wp\/v2\/product_cat?post=69881"},{"taxonomy":"product_tag","embeddable":true,"href":"https:\/\/secureus.se\/es\/wp-json\/wp\/v2\/product_tag?post=69881"}],"curies":[{"name":"wp","href":"https:\/\/api.w.org\/{rel}","templated":true}]}}