{"id":69895,"date":"2022-11-28T11:05:22","date_gmt":"2022-11-28T10:05:22","guid":{"rendered":"https:\/\/secureus.se\/produkt\/manoverpanel-plus-desfire-tradlos-vit\/"},"modified":"2026-03-26T13:13:39","modified_gmt":"2026-03-26T12:13:39","slug":"ajax-keypad-plus-rfid-desfire-vit","status":"publish","type":"product","link":"https:\/\/secureus.se\/es\/ajax-keypad-plus-rfid-desfire-vit\/","title":{"rendered":"Panel de control Ajax KeyPad Plus DESFire blanco \u2013 Lector RFID integrado"},"content":{"rendered":"<h3>Ajax KeyPad Plus es la soluci\u00f3n definitiva en gesti\u00f3n de seguridad, que ofrece a los usuarios la posibilidad de armar o desarmar su sistema de forma f\u00e1cil y segura, administrar grupos espec\u00edficos y activar el modo nocturno a trav\u00e9s del acceso sin contacto.<\/h3>\n<p>Est\u00e1 equipado con la \u00faltima tecnolog\u00eda DESFire\u00ae, que utiliza encriptaci\u00f3n de 128 bits para evitar acceso no autorizado y garantizar que su seguridad no pueda ser alterada.<\/p>\n<p><strong>Caracter\u00edsticas y funciones:<\/strong><\/p>\n<ol>\n<li><strong>Acceso sin contacto con RFID:<\/strong><br \/>\nKeyPad Plus utiliza tecnolog\u00eda RFID DESFire para identificaci\u00f3n sin contacto con tarjetas de acceso o llaveros. Esta tecnolog\u00eda se basa en la norma ISO 14443 y combina alta seguridad con facilidad de uso. Con solo acercar una tarjeta o un llavero al lector, los usuarios pueden activar o desactivar su sistema de manera r\u00e1pida y sencilla sin tener que ingresar un c\u00f3digo.<\/li>\n<li><strong>Bater\u00eda de larga duraci\u00f3n y f\u00e1cil instalaci\u00f3n:<\/strong><br \/>\nCon una duraci\u00f3n de bater\u00eda de hasta 4,5 a\u00f1os y una f\u00e1cil configuraci\u00f3n mediante c\u00f3digo QR, KeyPad Plus es perfecto para usar tanto en casa como en la oficina. La instalaci\u00f3n es r\u00e1pida y no requiere pasos complicados. Tambi\u00e9n es compatible con Ajax Hub 2, Hub 2 Plus y Hub Hybrid.<\/li>\n<li><strong>Configuraci\u00f3n de seguridad personalizada:<\/strong><br \/>\nKeyPad Plus permite al administrador del sistema crear c\u00f3digos personales y asignar acceso a usuarios espec\u00edficos a trav\u00e9s de la aplicaci\u00f3n Ajax. Esto facilita la gesti\u00f3n de permisos de acceso para usuarios permanentes y temporales. Se pueden eliminar usuarios f\u00e1cilmente o restringir sus permisos, y todos los cambios se registran en el registro de eventos del sistema.<\/li>\n<li><strong>Seguridad y sabotaje:<\/strong><br \/>\nKeyPad Plus est\u00e1 equipado con protecci\u00f3n antimanipulaci\u00f3n y enmascaramiento incorporada. Si alguien intenta manipular el dispositivo, se activa una alarma, lo que garantiza que cualquier intento no autorizado de retirar o interferir con el dispositivo se detecte de inmediato.<\/li>\n<li><strong>Uso flexible con m\u00faltiples c\u00f3digos de usuario:<\/strong><br \/>\nAdmite hasta 200 tarjetas de acceso o llaveros y hasta 99 c\u00f3digos de usuario, lo que lo hace ideal tanto para instalaciones peque\u00f1as como grandes. Para mayor seguridad, se puede utilizar un c\u00f3digo de emergencia para desarmar silenciosamente el sistema sin revelar la identidad del usuario.<\/li>\n<li><strong>Alarma silenciosa y comunicaci\u00f3n bidireccional:<\/strong><br \/>\nKeyPad Plus permite la activaci\u00f3n de alarmas silenciosas cuando sea necesario, posibilitando desactivar la alarma sin alertar a un intruso. Todas las alarmas y cambios se registran en el registro de eventos del sistema y se pueden monitorear a trav\u00e9s de la aplicaci\u00f3n Ajax. La comunicaci\u00f3n entre el dispositivo y el concentrador se realiza a trav\u00e9s del protocolo seguro Jeweller, lo que garantiza que todas las transferencias de datos est\u00e9n encriptadas y protegidas contra pirater\u00eda.<\/li>\n<\/ol>\n<p><strong>Especificaciones t\u00e9cnicas:<\/strong><\/p>\n<ul>\n<li><strong>Compatibilidad:<\/strong> Hub 2, Hub 2 Plus, Hub h\u00edbrido, Hub Plus<\/li>\n<li><strong>Fuente de alimentaci\u00f3n:<\/strong> 4 pilas de litio AA, hasta 4,5 a\u00f1os de duraci\u00f3n de la bater\u00eda<\/li>\n<li><strong>Rango de temperatura:<\/strong> -10\u00b0C a +40\u00b0C<\/li>\n<li><strong>Comunicaci\u00f3n:<\/strong> Protocolo de radio Jeweller, hasta 1700 m de alcance sin obst\u00e1culos<\/li>\n<li><strong>Protecci\u00f3n:<\/strong> Antimanipulaci\u00f3n y autenticaci\u00f3n contra uso no autorizado<\/li>\n<li><strong>Medida:<\/strong> 165 \u00d7 113 \u00d7 20 mm<\/li>\n<li><strong>Peso:<\/strong> 267 gramos<\/li>\n<li><strong>Proceso de dar un t\u00edtulo:<\/strong> EN 50131, certificado CE<\/li>\n<li><strong>Caracter\u00edsticas:<\/strong> Control de alarma, modo nocturno, comunicaci\u00f3n bidireccional, lectura de tarjetas de acceso y llaveros.<\/li>\n<\/ul>","protected":false},"excerpt":{"rendered":"<p>Ajax KeyPad Plus es un panel de control inal\u00e1mbrico con lector RFID DESFire para una gesti\u00f3n f\u00e1cil y segura de su alarma.<\/p>\n<p>Ofrece acceso sin contacto mediante tarjetas de acceso y llaveros, con el m\u00e1ximo nivel de seguridad gracias a la avanzada tecnolog\u00eda de encriptaci\u00f3n.<\/p>\n<p>Perfecto tanto para el hogar como para el negocio.<\/p>","protected":false},"featured_media":155502,"template":"","meta":{"_acf_changed":false},"product_brand":[],"product_cat":[3164,1319],"product_tag":[3127,2137,4863],"class_list":{"0":"post-69895","1":"product","2":"type-product","3":"status-publish","4":"has-post-thumbnail","6":"product_cat-larmstyrning","7":"product_cat-ajax-larm","8":"product_tag-kontrollprodukt","9":"product_tag-lager-ajax","10":"product_tag-pf","11":"pa_ajax-tradlosa-larm-knapssats-manoverpanel","12":"pa_brands-ajax-systems","13":"pa_color-vit","14":"pa_farg-vit","15":"tm-no-options","17":"first","18":"instock","19":"sale","20":"featured","21":"taxable","22":"shipping-taxable","23":"purchasable","24":"product-type-simple"},"acf":[],"_links":{"self":[{"href":"https:\/\/secureus.se\/es\/wp-json\/wp\/v2\/product\/69895","targetHints":{"allow":["GET"]}}],"collection":[{"href":"https:\/\/secureus.se\/es\/wp-json\/wp\/v2\/product"}],"about":[{"href":"https:\/\/secureus.se\/es\/wp-json\/wp\/v2\/types\/product"}],"wp:featuredmedia":[{"embeddable":true,"href":"https:\/\/secureus.se\/es\/wp-json\/wp\/v2\/media\/155502"}],"wp:attachment":[{"href":"https:\/\/secureus.se\/es\/wp-json\/wp\/v2\/media?parent=69895"}],"wp:term":[{"taxonomy":"product_brand","embeddable":true,"href":"https:\/\/secureus.se\/es\/wp-json\/wp\/v2\/product_brand?post=69895"},{"taxonomy":"product_cat","embeddable":true,"href":"https:\/\/secureus.se\/es\/wp-json\/wp\/v2\/product_cat?post=69895"},{"taxonomy":"product_tag","embeddable":true,"href":"https:\/\/secureus.se\/es\/wp-json\/wp\/v2\/product_tag?post=69895"}],"curies":[{"name":"wp","href":"https:\/\/api.w.org\/{rel}","templated":true}]}}