{"id":69902,"date":"2022-11-28T11:05:22","date_gmt":"2022-11-28T10:05:22","guid":{"rendered":"https:\/\/secureus.se\/produkt\/magnetkontakt-extern-ingang-tradlos-svart\/"},"modified":"2026-03-19T18:43:21","modified_gmt":"2026-03-19T17:43:21","slug":"ajax-doorprotect-extern-ingang-svart","status":"publish","type":"product","link":"https:\/\/secureus.se\/es\/ajax-doorprotect-extern-ingang-svart\/","title":{"rendered":"Sensor de puerta de contacto magn\u00e9tico Ajax DoorProtect negro"},"content":{"rendered":"<h3><strong>Ajax DoorProtect Contacto magn\u00e9tico Sensor de puerta<\/strong> Es un sensor de apertura inal\u00e1mbrico de alta calidad que se utiliza para detectar r\u00e1pidamente intrusiones a trav\u00e9s de puertas y ventanas.<\/h3>\n<p>Cuando se abre una puerta o ventana, el sensor env\u00eda inmediatamente una se\u00f1al a su sistema de seguridad Ajax, activando una alarma y una notificaci\u00f3n inmediata al usuario.<\/p>\n<p>DoorProtect est\u00e1 dise\u00f1ado espec\u00edficamente para integrarse f\u00e1cilmente en su sistema de seguridad Ajax. Es perfecto para instalar en todo tipo de puertas, incluidas puertas con marcos met\u00e1licos.<\/p>\n<p>El detector utiliza un campo magn\u00e9tico para detectar aperturas y se apaga cuando la puerta se cierra.<\/p>\n<h3>Caracter\u00edsticas y beneficios:<\/h3>\n<ul>\n<li><strong>Alta seguridad con autenticaci\u00f3n:<\/strong> DoorProtect tiene autenticaci\u00f3n incorporada para evitar el acceso no autorizado y la falsificaci\u00f3n de se\u00f1ales, lo que lo hace altamente seguro.<\/li>\n<li><strong>Detecci\u00f3n de interferencias:<\/strong> Est\u00e1 equipado con una funci\u00f3n que puede detectar interferencias y se\u00f1ales bloqueadas, lo que protege al sistema contra intentos de sabotaje.<\/li>\n<li><strong>Anti-manipulaci\u00f3n:<\/strong> Si alguien intenta manipular el sensor o retirarlo de su ubicaci\u00f3n de montaje, se activa una alarma de manipulaci\u00f3n para alertar inmediatamente al usuario.<\/li>\n<li><strong>Contactos externos:<\/strong> Una entrada externa permite la conexi\u00f3n de detectores de terceros, aumentando la flexibilidad del sistema.<\/li>\n<li><strong>Bater\u00eda de larga duraci\u00f3n:<\/strong> Con una gesti\u00f3n eficiente de la bater\u00eda, DoorProtect puede seguir funcionando hasta 7 a\u00f1os sin cambiar la bater\u00eda, lo que reduce el mantenimiento y el tiempo de inactividad.<\/li>\n<li><strong>F\u00e1cil instalaci\u00f3n:<\/strong> El sensor es f\u00e1cil de instalar y, con el panel de montaje SmartBracket incluido, es r\u00e1pido y sencillo configurarlo sin tener que desmontar ninguna parte del detector.<\/li>\n<li><strong>Detecci\u00f3n magn\u00e9tica:<\/strong> Al utilizar interruptores de l\u00e1minas de calidad, fabricados en el Reino Unido, DoorProtect reacciona a los cambios en el campo magn\u00e9tico y env\u00eda una se\u00f1al cuando se abre la puerta o ventana.<\/li>\n<li><strong>Alta compatibilidad:<\/strong> Funciona a la perfecci\u00f3n con todos los concentradores y extensores de rango Ajax, lo que le proporciona una conexi\u00f3n estable y una alarma confiable.<\/li>\n<\/ul>\n<h3>Especificaciones t\u00e9cnicas:<\/h3>\n<ul>\n<li><strong>Clasificaci\u00f3n:<\/strong> Detector de seguridad de canal de radio de contacto y de punto magn\u00e9tico.<\/li>\n<li><strong>Fuente de alimentaci\u00f3n:<\/strong> Bater\u00eda CR123A (3V).<\/li>\n<li><strong>Duraci\u00f3n de la bater\u00eda:<\/strong> Hasta 7 a\u00f1os.<\/li>\n<li><strong>\u00c1rea de comunicaci\u00f3n:<\/strong> Hasta 1.200 m en terreno abierto.<\/li>\n<li><strong>Rango de temperatura:<\/strong> Desde -10\u00b0C hasta +40\u00b0C.<\/li>\n<li><strong>Humedad:<\/strong> Hasta 75%.<\/li>\n<li><strong>Clase de protecci\u00f3n:<\/strong> IP50.<\/li>\n<li><strong>Medida:<\/strong> \u00d8 20 \u00d7 90 mm.<\/li>\n<li><strong>Peso:<\/strong> 29 gramos.<\/li>\n<li><strong>Garantizar:<\/strong> 24 meses a partir de la fecha de venta (las bater\u00edas no est\u00e1n cubiertas por la garant\u00eda).<\/li>\n<\/ul>\n<p><strong>El paquete incluye:<\/strong><\/p>\n<ul>\n<li>Sensor de apertura DoorProtect<\/li>\n<li>Panel de montaje SmartBracket<\/li>\n<li>Dos imanes (grande y peque\u00f1o)<\/li>\n<li>Bater\u00eda CR123A (preinstalada)<\/li>\n<li>Contacto externo<\/li>\n<li>Conjunto de instalaci\u00f3n<\/li>\n<li>Manual de usuario<\/li>\n<\/ul>","protected":false},"excerpt":{"rendered":"<p>Ajax DoorProtect es un sensor de apertura inal\u00e1mbrico para puertas y ventanas, que proporciona notificaciones inmediatas ante los primeros signos de intrusi\u00f3n.<\/p>\n<p>El sensor es f\u00e1cil de instalar y ofrece una bater\u00eda de larga duraci\u00f3n, lo que lo convierte en una opci\u00f3n confiable tanto para hogares como para empresas.<\/p>\n<p>Con un conector externo para detectores de terceros y autenticaci\u00f3n avanzada, se garantiza alta seguridad y confiabilidad.<\/p>","protected":false},"featured_media":155460,"template":"","meta":{"_acf_changed":false},"product_brand":[],"product_cat":[3160,1319,3161],"product_tag":[3152,3127,2137,4863],"class_list":{"0":"post-69902","1":"product","2":"type-product","3":"status-publish","4":"has-post-thumbnail","6":"product_cat-skalskydd","7":"product_cat-ajax-larm","8":"product_cat-dorrbrytare","9":"product_tag-cr123-tillbehor","10":"product_tag-kontrollprodukt","11":"product_tag-lager-ajax","12":"product_tag-pf","13":"product_shipping_class-postnord-varubrev","14":"pa_ajax-tradlosa-larm-magnetkontakter","15":"pa_brands-ajax-systems","16":"pa_color-svart","17":"pa_farg-svart","18":"tm-no-options","20":"first","21":"instock","22":"sale","23":"featured","24":"taxable","25":"shipping-taxable","26":"purchasable","27":"product-type-simple"},"acf":[],"_links":{"self":[{"href":"https:\/\/secureus.se\/es\/wp-json\/wp\/v2\/product\/69902","targetHints":{"allow":["GET"]}}],"collection":[{"href":"https:\/\/secureus.se\/es\/wp-json\/wp\/v2\/product"}],"about":[{"href":"https:\/\/secureus.se\/es\/wp-json\/wp\/v2\/types\/product"}],"wp:featuredmedia":[{"embeddable":true,"href":"https:\/\/secureus.se\/es\/wp-json\/wp\/v2\/media\/155460"}],"wp:attachment":[{"href":"https:\/\/secureus.se\/es\/wp-json\/wp\/v2\/media?parent=69902"}],"wp:term":[{"taxonomy":"product_brand","embeddable":true,"href":"https:\/\/secureus.se\/es\/wp-json\/wp\/v2\/product_brand?post=69902"},{"taxonomy":"product_cat","embeddable":true,"href":"https:\/\/secureus.se\/es\/wp-json\/wp\/v2\/product_cat?post=69902"},{"taxonomy":"product_tag","embeddable":true,"href":"https:\/\/secureus.se\/es\/wp-json\/wp\/v2\/product_tag?post=69902"}],"curies":[{"name":"wp","href":"https:\/\/api.w.org\/{rel}","templated":true}]}}