{"id":70933,"date":"2023-01-04T16:26:06","date_gmt":"2023-01-04T15:26:06","guid":{"rendered":"https:\/\/secureus.se\/produkt\/oppnaknapp-touch-exklusive-svart-abs-plast\/"},"modified":"2026-02-13T11:54:31","modified_gmt":"2026-02-13T10:54:31","slug":"oppnaknapp-touch-exklusive-svart-abs-plast","status":"publish","type":"product","link":"https:\/\/secureus.se\/es\/oppnaknapp-touch-exklusive-svart-abs-plast\/","title":{"rendered":"Bot\u00f3n de apertura Touch Black \u2013 Sensible al tacto 12\u201324 V, IP65"},"content":{"rendered":"<p data-start=\"796\" data-end=\"1100\"><strong data-start=\"796\" data-end=\"834\">Bot\u00f3n de apertura t\u00e1ctil negro \u2013<\/strong>\u00a0Es un bot\u00f3n electr\u00f3nico t\u00e1ctil dise\u00f1ado para el control de accesos y entornos de puertas profesionales.<br data-start=\"943\" data-end=\"946\" \/>El bot\u00f3n se activa con una ligera presi\u00f3n del dedo y funciona tanto <strong data-start=\"1007\" data-end=\"1021\">independiente<\/strong> y <strong data-start=\"1026\" data-end=\"1057\">conectado a un controlador<\/strong> para facilitar el acceso desde zonas restringidas.<\/p>\n<p data-start=\"1102\" data-end=\"1362\">Gracias a su <strong data-start=\"1116\" data-end=\"1154\">Dise\u00f1o compacto y clasificaci\u00f3n IP65.<\/strong> Es ideal tanto para uso en interiores como en exteriores.<br data-start=\"1205\" data-end=\"1208\" \/>El modelo est\u00e1 fabricado en <strong data-start=\"1233\" data-end=\"1256\">pl\u00e1stico ABS resistente a los impactos<\/strong>, con <strong data-start=\"1262\" data-end=\"1285\">electr\u00f3nica moldeada<\/strong> y <strong data-start=\"1290\" data-end=\"1308\">relleno de resina<\/strong> Para una protecci\u00f3n adicional contra la humedad, el polvo y las sobretensiones.<\/p>\n<p data-start=\"1364\" data-end=\"1594\"><strong data-start=\"1364\" data-end=\"1384\">El indicador LED<\/strong> cambia entre rojo (en espera) y verde (activado), y un <strong data-start=\"1443\" data-end=\"1465\">sonido de zumbador incorporado<\/strong> Proporciona informaci\u00f3n clara al activarse.<br data-start=\"1501\" data-end=\"1504\" \/>MTTBK se puede utilizar en <strong data-start=\"1525\" data-end=\"1550\">modo de pulso o de retenci\u00f3n<\/strong>, que se configura mediante interruptores DIP en la parte posterior.<\/p>\n<hr data-start=\"1596\" data-end=\"1599\" \/>\n<h3 data-start=\"1601\" data-end=\"1636\"><strong data-start=\"1608\" data-end=\"1636\">Especificaciones t\u00e9cnicas<\/strong><\/h3>\n<div class=\"_tableContainer_1rjym_1\">\n<div class=\"group _tableWrapper_1rjym_13 flex w-fit flex-col-reverse\">\n<table class=\"w-fit min-w-(--thread-content-width)\" data-start=\"1637\" data-end=\"2236\">\n<thead data-start=\"1637\" data-end=\"1657\">\n<tr data-start=\"1637\" data-end=\"1657\">\n<th data-start=\"1637\" data-end=\"1648\" data-col-size=\"sm\">Propiedad<\/th>\n<th data-start=\"1648\" data-end=\"1657\" data-col-size=\"md\">Valor<\/th>\n<\/tr>\n<\/thead>\n<tbody data-start=\"1681\" data-end=\"2236\">\n<tr data-start=\"1681\" data-end=\"1703\">\n<td data-start=\"1681\" data-end=\"1690\" data-col-size=\"sm\">Modelo<\/td>\n<td data-start=\"1690\" data-end=\"1703\" data-col-size=\"md\">XPR MTTBK<\/td>\n<\/tr>\n<tr data-start=\"1704\" data-end=\"1728\">\n<td data-start=\"1704\" data-end=\"1715\" data-col-size=\"sm\">Material<\/td>\n<td data-col-size=\"md\" data-start=\"1715\" data-end=\"1728\">Pl\u00e1stico ABS<\/td>\n<\/tr>\n<tr data-start=\"1729\" data-end=\"1745\">\n<td data-start=\"1729\" data-end=\"1736\" data-col-size=\"sm\">Pintar<\/td>\n<td data-col-size=\"md\" data-start=\"1736\" data-end=\"1745\">Negro<\/td>\n<\/tr>\n<tr data-start=\"1746\" data-end=\"1784\">\n<td data-start=\"1746\" data-end=\"1757\" data-col-size=\"sm\">Voltaje<\/td>\n<td data-start=\"1757\" data-end=\"1784\" data-col-size=\"md\">12-24 V CC \/ 15-24 V CA<\/td>\n<\/tr>\n<tr data-start=\"1785\" data-end=\"1818\">\n<td data-start=\"1785\" data-end=\"1804\" data-col-size=\"sm\">Consumo de energ\u00eda<\/td>\n<td data-col-size=\"md\" data-start=\"1804\" data-end=\"1818\">m\u00e1x. 65 mA<\/td>\n<\/tr>\n<tr data-start=\"1819\" data-end=\"1877\">\n<td data-start=\"1819\" data-end=\"1832\" data-col-size=\"sm\">Salida de rel\u00e9<\/td>\n<td data-col-size=\"md\" data-start=\"1832\" data-end=\"1877\">NA \/ NC \/ C (2A a 24V CC o 120V CA)<\/td>\n<\/tr>\n<tr data-start=\"1878\" data-end=\"1934\">\n<td data-start=\"1878\" data-end=\"1891\" data-col-size=\"sm\">Indicaci\u00f3n<\/td>\n<td data-col-size=\"md\" data-start=\"1891\" data-end=\"1934\">LED \u2013 Rojo (modo de reposo) \/ Verde (activado)<\/td>\n<\/tr>\n<tr data-start=\"1935\" data-end=\"1975\">\n<td data-start=\"1935\" data-end=\"1948\" data-col-size=\"sm\">se\u00f1al sonora<\/td>\n<td data-col-size=\"md\" data-start=\"1948\" data-end=\"1975\">S\u00ed, suena un timbre al tocarlo.<\/td>\n<\/tr>\n<tr data-start=\"1976\" data-end=\"2038\">\n<td data-start=\"1976\" data-end=\"1987\" data-col-size=\"sm\">Funci\u00f3n<\/td>\n<td data-col-size=\"md\" data-start=\"1987\" data-end=\"2038\">Modo de pulso o de retenci\u00f3n (3, 5, 10 s) mediante interruptor DIP.<\/td>\n<\/tr>\n<tr data-start=\"2039\" data-end=\"2061\">\n<td data-start=\"2039\" data-end=\"2053\" data-col-size=\"sm\">Clase de protecci\u00f3n<\/td>\n<td data-col-size=\"md\" data-start=\"2053\" data-end=\"2061\">IP65<\/td>\n<\/tr>\n<tr data-start=\"2062\" data-end=\"2088\">\n<td data-start=\"2062\" data-end=\"2069\" data-col-size=\"sm\">Medida<\/td>\n<td data-col-size=\"md\" data-start=\"2069\" data-end=\"2088\">92 \u00d7 51 \u00d7 27 mm<\/td>\n<\/tr>\n<tr data-start=\"2089\" data-end=\"2105\">\n<td data-start=\"2089\" data-end=\"2096\" data-col-size=\"sm\">Peso<\/td>\n<td data-col-size=\"md\" data-start=\"2096\" data-end=\"2105\">130 gramos<\/td>\n<\/tr>\n<tr data-start=\"2106\" data-end=\"2147\">\n<td data-start=\"2106\" data-end=\"2125\" data-col-size=\"sm\">Temperatura de funcionamiento<\/td>\n<td data-col-size=\"md\" data-start=\"2125\" data-end=\"2147\">De -20 \u00b0C a +50 \u00b0C<\/td>\n<\/tr>\n<tr data-start=\"2148\" data-end=\"2202\">\n<td data-start=\"2148\" data-end=\"2164\" data-col-size=\"sm\">Humedad<\/td>\n<td data-col-size=\"md\" data-start=\"2164\" data-end=\"2202\">Hasta 95 % (sin condensaci\u00f3n)<\/td>\n<\/tr>\n<tr data-start=\"2203\" data-end=\"2236\">\n<td data-start=\"2203\" data-end=\"2216\" data-col-size=\"sm\">Certificado<\/td>\n<td data-col-size=\"md\" data-start=\"2216\" data-end=\"2236\">CE, RoHS2, RoHS3<\/td>\n<\/tr>\n<\/tbody>\n<\/table>\n<\/div>\n<\/div>\n<hr data-start=\"2238\" data-end=\"2241\" \/>\n<h3 data-start=\"2243\" data-end=\"2262\"><strong data-start=\"2250\" data-end=\"2262\">Beneficios<\/strong><\/h3>\n<ul data-start=\"2263\" data-end=\"2601\">\n<li data-start=\"2263\" data-end=\"2331\">\n<p data-start=\"2265\" data-end=\"2331\">Totalmente electr\u00f3nico, <strong data-start=\"2283\" data-end=\"2305\">sin partes m\u00f3viles<\/strong> \u2192 muy larga vida \u00fatil<\/p>\n<\/li>\n<li data-start=\"2332\" data-end=\"2382\">\n<p data-start=\"2334\" data-end=\"2382\"><strong data-start=\"2334\" data-end=\"2350\">Clasificaci\u00f3n IP65<\/strong> y protegido contra la humedad y el polvo.<\/p>\n<\/li>\n<li data-start=\"2383\" data-end=\"2425\">\n<p data-start=\"2385\" data-end=\"2425\">Se puede montar en la pared (sin necesidad de empotrar).<\/p>\n<\/li>\n<li data-start=\"2426\" data-end=\"2480\">\n<p data-start=\"2428\" data-end=\"2480\">Indicador LED visual (rojo\/verde) e indicaci\u00f3n sonora.<\/p>\n<\/li>\n<li data-start=\"2481\" data-end=\"2537\">\n<p data-start=\"2483\" data-end=\"2537\">Adecuado para <strong data-start=\"2495\" data-end=\"2535\">sistemas de control de acceso tanto nuevos como existentes<\/strong><\/p>\n<\/li>\n<li data-start=\"2538\" data-end=\"2601\">\n<p data-start=\"2540\" data-end=\"2601\">Dise\u00f1o elegante en negro con s\u00edmbolo de flecha para una instalaci\u00f3n moderna.<\/p>\n<\/li>\n<\/ul>\n<hr data-start=\"2603\" data-end=\"2606\" \/>\n<h3 data-start=\"2608\" data-end=\"2637\"><strong data-start=\"2615\" data-end=\"2637\">\u00c1reas de uso<\/strong><\/h3>\n<ul data-start=\"2638\" data-end=\"2796\">\n<li data-start=\"2638\" data-end=\"2677\">\n<p data-start=\"2640\" data-end=\"2677\">Control de puertas en sistemas de control de acceso<\/p>\n<\/li>\n<li data-start=\"2678\" data-end=\"2709\">\n<p data-start=\"2680\" data-end=\"2709\">Entradas, puertas y portones<\/p>\n<\/li>\n<li data-start=\"2710\" data-end=\"2752\">\n<p data-start=\"2712\" data-end=\"2752\">Hospitales, oficinas, escuelas e industrias<\/p>\n<\/li>\n<li data-start=\"2753\" data-end=\"2796\">\n<p data-start=\"2755\" data-end=\"2796\">Paneles de ascensores y sistemas de control industrial<\/p>\n<\/li>\n<\/ul>","protected":false},"excerpt":{"rendered":"<p>Bot\u00f3n de apertura sensible al tacto en pl\u00e1stico ABS negro para control de acceso y control de puertas.<br data-start=\"564\" data-end=\"567\" \/>Dise\u00f1o con clasificaci\u00f3n IP65 y resistente a vandalismo.<br data-start=\"607\" data-end=\"610\" \/>Se activa con un toque ligero y proporciona indicaci\u00f3n visual (LED rojo\/verde).<br data-start=\"680\" data-end=\"683\" \/>Alimentado por 12\u201324 V CC\/CA, se adapta a todos los controladores est\u00e1ndar (rel\u00e9 NO\/NC).<\/p>","protected":false},"featured_media":159134,"template":"","meta":{"_acf_changed":false},"product_brand":[],"product_cat":[4867],"product_tag":[3068,2958],"class_list":{"0":"post-70933","1":"product","2":"type-product","3":"status-publish","4":"has-post-thumbnail","6":"product_cat-oppnaknappar-kategorier","7":"product_tag-oppnaknapp-beroringsfria","8":"product_tag-stonehouse-produkt","9":"product_shipping_class-postnord-varubrev","10":"pa_brands-stonehouse-security","11":"tm-no-options","13":"first","14":"instock","15":"sale","16":"featured","17":"taxable","18":"shipping-taxable","19":"purchasable","20":"product-type-simple"},"acf":[],"_links":{"self":[{"href":"https:\/\/secureus.se\/es\/wp-json\/wp\/v2\/product\/70933","targetHints":{"allow":["GET"]}}],"collection":[{"href":"https:\/\/secureus.se\/es\/wp-json\/wp\/v2\/product"}],"about":[{"href":"https:\/\/secureus.se\/es\/wp-json\/wp\/v2\/types\/product"}],"wp:featuredmedia":[{"embeddable":true,"href":"https:\/\/secureus.se\/es\/wp-json\/wp\/v2\/media\/159134"}],"wp:attachment":[{"href":"https:\/\/secureus.se\/es\/wp-json\/wp\/v2\/media?parent=70933"}],"wp:term":[{"taxonomy":"product_brand","embeddable":true,"href":"https:\/\/secureus.se\/es\/wp-json\/wp\/v2\/product_brand?post=70933"},{"taxonomy":"product_cat","embeddable":true,"href":"https:\/\/secureus.se\/es\/wp-json\/wp\/v2\/product_cat?post=70933"},{"taxonomy":"product_tag","embeddable":true,"href":"https:\/\/secureus.se\/es\/wp-json\/wp\/v2\/product_tag?post=70933"}],"curies":[{"name":"wp","href":"https:\/\/api.w.org\/{rel}","templated":true}]}}