{"id":71571,"date":"2023-01-17T10:58:23","date_gmt":"2023-01-17T09:58:23","guid":{"rendered":"https:\/\/secureus.se\/produkt\/korthallare-transparent-staende-portratt-saljs-i-100-pack\/"},"modified":"2026-02-19T14:39:13","modified_gmt":"2026-02-19T13:39:13","slug":"korthallare-transparent-staende-portratt-saljs-i-100-pack","status":"publish","type":"product","link":"https:\/\/secureus.se\/es\/korthallare-transparent-staende-portratt-saljs-i-100-pack\/","title":{"rendered":"Portatarjetas de identificaci\u00f3n transparente y protector, formato vertical (paquete de 100)"},"content":{"rendered":"<p>El porta tarjetas de identificaci\u00f3n transparente adjunto es perfecto para exhibir las tarjetas de sus clientes de forma segura. Tiene un clip de bloqueo para evitar que la tarjeta se resbale y una abertura para el pulgar para extraerla f\u00e1cilmente cuando sea necesario.<\/p>\n<p>Se vende en paquetes de 100.<\/p>\n<p>Disponible en formato horizontal y vertical.<\/p>\n<p>Se puede utilizar con clip de identificaci\u00f3n, cadena de cuentas de metal, correa o carrete de insignia.<\/p>\n<p>Soporte transparente<\/p>\n<p>Retrato: Tama\u00f1o de inserci\u00f3n: 54 mm (ancho) x 86 mm (alto) \/ Tama\u00f1o exterior: 62 mm (ancho) x 90 mm (alto)<\/p>\n<p>Peso del producto: 1,80 kg<\/p>","protected":false},"excerpt":{"rendered":"<p>Den genomskinliga bifogade ID-korth\u00e5llaren \u00e4r perfekt f\u00f6r att visa dina kunders kort s\u00e4kert. Den har en sp\u00e4rrkl\u00e4mma f\u00f6r att f\u00f6rhindra att kortet glider och en tum\u00f6ppning f\u00f6r enkel borttagning vid<\/p>","protected":false},"featured_media":141046,"template":"","meta":{"_acf_changed":false},"product_brand":[],"product_cat":[4888],"product_tag":[2850,3069],"class_list":{"0":"post-71571","1":"product","2":"type-product","3":"status-publish","4":"has-post-thumbnail","6":"product_cat-enkelsidig-staende-korthallare","7":"product_tag-korthallare-med-clips-staende","8":"product_tag-trade-produkt","9":"product_shipping_class-postnord-varubrev","10":"pa_farg-transparent","11":"tm-no-options","13":"first","14":"instock","15":"taxable","16":"shipping-taxable","17":"purchasable","18":"product-type-simple"},"acf":[],"_links":{"self":[{"href":"https:\/\/secureus.se\/es\/wp-json\/wp\/v2\/product\/71571","targetHints":{"allow":["GET"]}}],"collection":[{"href":"https:\/\/secureus.se\/es\/wp-json\/wp\/v2\/product"}],"about":[{"href":"https:\/\/secureus.se\/es\/wp-json\/wp\/v2\/types\/product"}],"wp:featuredmedia":[{"embeddable":true,"href":"https:\/\/secureus.se\/es\/wp-json\/wp\/v2\/media\/141046"}],"wp:attachment":[{"href":"https:\/\/secureus.se\/es\/wp-json\/wp\/v2\/media?parent=71571"}],"wp:term":[{"taxonomy":"product_brand","embeddable":true,"href":"https:\/\/secureus.se\/es\/wp-json\/wp\/v2\/product_brand?post=71571"},{"taxonomy":"product_cat","embeddable":true,"href":"https:\/\/secureus.se\/es\/wp-json\/wp\/v2\/product_cat?post=71571"},{"taxonomy":"product_tag","embeddable":true,"href":"https:\/\/secureus.se\/es\/wp-json\/wp\/v2\/product_tag?post=71571"}],"curies":[{"name":"wp","href":"https:\/\/api.w.org\/{rel}","templated":true}]}}